{"id":769766,"date":"2025-08-28T14:06:13","date_gmt":"2025-08-28T11:06:13","guid":{"rendered":"https:\/\/roveyayinevi.com.tr\/index.php\/urun\/kitlik-beyni\/"},"modified":"2026-04-12T03:26:54","modified_gmt":"2026-04-12T00:26:54","slug":"kitlik-beyni","status":"publish","type":"product","link":"https:\/\/roveyayinevi.com.tr\/index.php\/urun\/kitlik-beyni\/","title":{"rendered":"K\u0131tl\u0131k Beyni"},"content":{"rendered":"<p>DAHA FAZLASINI \u0130STEMEYE M\u0130 PROGRAMLANDIK?   Kendinize hi\u00e7 \u201cNeden elimdekinden daha fazlas\u0131n\u0131 istiyorum?\u201d diye sordunuz mu? New York Times \u00e7oksatan\u0131 Konfor Krizi kitab\u0131n\u0131n yazar\u0131 ve davran\u0131\u015f de\u011fi\u015fikli\u011fi alan\u0131nda \u00f6nde gelen uzmanlardan Michael Easter\u2019a g\u00f6re sorun sizde de\u011fil. Sorun, atalar\u0131m\u0131zdan miras kalan \u201ck\u0131tl\u0131k zihniyeti.\u201d Onlar, hayatta kalabilmek i\u00e7in s\u00fcrekli daha fazlas\u0131n\u0131 aramak ve t\u00fcketmek zorundayd\u0131; \u00e7\u00fcnk\u00fc yiyecek, e\u015fya, bilgi ve g\u00fc\u00e7 gibi ya\u015famsal kaynaklar hem azd\u0131 hem de ula\u015f\u0131lmas\u0131 zordu.   Oysa g\u00fcn\u00fcm\u00fczde, bu eski d\u00fcrt\u00fclerimizi \u00e7ok kolay tatmin edebiliyoruz. Ve i\u015fte bu nedenle i\u00e7imize kaz\u0131nm\u0131\u015f \u201ck\u0131tl\u0131k zihni\u201d art\u0131k ters tepiyor. \u00dcstelik fl\u00f6rt ve e\u011flence uygulamalar\u0131ndan g\u0131da ve ekonomik d\u00fczenimize kadar modern teknoloji ve sistemler bu zihniyetimizi suistimal ediyor. Beynimizi s\u00fcrekli \u201ck\u0131tl\u0131k sinyalleri\u201d ile bombard\u0131mana tutarak, d\u00fc\u015f\u00fck \u00f6d\u00fcller pe\u015finde ko\u015fmam\u0131za neden oluyorlar ve uzun vadede zarar veren isteklerin esiri haline getiriyorlar.   Easter, d\u00fcnyan\u0131n d\u00f6rt bir yan\u0131ndaki bilim insanlar\u0131 ve yenilik\u00e7i d\u00fc\u015f\u00fcn\u00fcrlerle g\u00f6r\u00fc\u015ferek k\u0131tl\u0131k zihniyetimize kar\u015f\u0131 geli\u015ftirilen \u015fa\u015f\u0131rt\u0131c\u0131 \u00e7\u00f6z\u00fcmleri ara\u015ft\u0131rd\u0131. Basit ama etkili y\u00f6ntemlerle bizi bolluk zihniyetine ta\u015f\u0131man\u0131n, sa\u011fl\u0131kl\u0131 al\u0131\u015fkanl\u0131klar kazand\u0131rman\u0131n ve elimizdekilerle daha tatmin edici bir ya\u015fam s\u00fcrmenin yollar\u0131n\u0131 ortaya \u00e7\u0131kard\u0131.   \u00c7\u00f6z\u00fcm, k\u00f6r\u00fc k\u00f6r\u00fcne \u201cdaha az\u201d istemek de\u011fil. \u00d6ncelikle neden daha fazlas\u0131n\u0131 arzulad\u0131\u011f\u0131m\u0131z\u0131 anlamal\u0131, bizi en \u00e7ok engelleyen al\u0131\u015fkanl\u0131klardan kurtulmal\u0131 ve zaten sahip olduklar\u0131m\u0131z\u0131 daha iyi kullanmal\u0131y\u0131z. Ancak o zaman hayat\u0131 daha tatmin edici bir \u015fekilde ya\u015fayabiliriz. <\/p>\n","protected":false},"excerpt":{"rendered":"<p>DAHA FAZLASINI \u0130STEMEYE M\u0130 PROGRAMLANDIK? Kendinize hi\u00e7 \u201cNeden elimdekinden daha fazlas\u0131n\u0131 istiyorum?\u201d diye sordunuz mu? New York Times \u00e7oksatan\u0131 Konfor Krizi kitab\u0131n\u0131n yazar\u0131 ve davran\u0131\u015f de\u011fi\u015fikli\u011fi<span class=\"excerpt-hellip\"> [\u2026]<\/span><\/p>\n","protected":false},"featured_media":0,"template":"","meta":{"_monsterinsights_skip_tracking":false,"_monsterinsights_sitenote_active":false,"_monsterinsights_sitenote_note":"","_monsterinsights_sitenote_category":0},"product_brand":[],"product_cat":[12364,12376],"product_tag":[],"class_list":{"0":"post-769766","1":"product","2":"type-product","3":"status-publish","5":"product_cat-genel-konular","6":"product_cat-kisisel-gelisim","7":"pa_cilt-ciltsiz","8":"pa_tur-kitap","9":"pa_yayinevi-eksik-parca-yayinlari","10":"pa_yazar-michael-easter","12":"first","13":"instock","14":"sale","15":"shipping-taxable","16":"purchasable","17":"product-type-simple"},"_links":{"self":[{"href":"https:\/\/roveyayinevi.com.tr\/index.php\/wp-json\/wp\/v2\/product\/769766","targetHints":{"allow":["GET"]}}],"collection":[{"href":"https:\/\/roveyayinevi.com.tr\/index.php\/wp-json\/wp\/v2\/product"}],"about":[{"href":"https:\/\/roveyayinevi.com.tr\/index.php\/wp-json\/wp\/v2\/types\/product"}],"wp:attachment":[{"href":"https:\/\/roveyayinevi.com.tr\/index.php\/wp-json\/wp\/v2\/media?parent=769766"}],"wp:term":[{"taxonomy":"product_brand","embeddable":true,"href":"https:\/\/roveyayinevi.com.tr\/index.php\/wp-json\/wp\/v2\/product_brand?post=769766"},{"taxonomy":"product_cat","embeddable":true,"href":"https:\/\/roveyayinevi.com.tr\/index.php\/wp-json\/wp\/v2\/product_cat?post=769766"},{"taxonomy":"product_tag","embeddable":true,"href":"https:\/\/roveyayinevi.com.tr\/index.php\/wp-json\/wp\/v2\/product_tag?post=769766"}],"curies":[{"name":"wp","href":"https:\/\/api.w.org\/{rel}","templated":true}]}}