{"id":769764,"date":"2025-08-28T14:06:07","date_gmt":"2025-08-28T11:06:07","guid":{"rendered":"https:\/\/roveyayinevi.com.tr\/index.php\/urun\/mahalle-kahvesi-4\/"},"modified":"2026-04-15T03:35:50","modified_gmt":"2026-04-15T00:35:50","slug":"mahalle-kahvesi-4","status":"publish","type":"product","link":"https:\/\/roveyayinevi.com.tr\/index.php\/urun\/mahalle-kahvesi-4\/","title":{"rendered":"Mahalle Kahvesi"},"content":{"rendered":"<p>Modern edebiyat\u0131m\u0131z\u0131n \u00f6nc\u00fc yazar\u0131ndan \u00f6yk\u00fcler&#8230; Mahalle Kahvesi, Sait Faik \u00f6yk\u00fcc\u00fcl\u00fc\u011f\u00fcnde bir nirengi noktas\u0131d\u0131r. Edebiyat\u0131m\u0131z\u0131n y\u00f6n veren anlat\u0131c\u0131s\u0131n\u0131n getirdi\u011fi yeni bak\u0131\u015f ve duyu\u015f, ard\u0131l\u0131 ku\u015faklar\u0131 etkilemi\u015f, modern \u00f6yk\u00fcc\u00fcl\u00fc\u011f\u00fcn geli\u015fiminde \u00f6nc\u00fc rol \u00fcstlenmi\u015ftir. \u00d6zellikle bir kent anlat\u0131c\u0131s\u0131n\u0131n insana, \u00e7evreye, do\u011faya d\u00f6n\u00fck g\u00f6zlemlerinin \u00f6yk\u00fcleni\u015findeki anlat\u0131m bi\u00e7imi \u201cyeni edebiyat\u201d\u0131n kurulu\u015funda etkin oldu\u011fu kadar, \u00f6zg\u00fcn bir zenginlik ta\u015f\u0131maktad\u0131r. Yazar\u0131n belle\u011finden s\u00fcz\u00fclen, ustal\u0131k d\u00f6nemine ait \u00f6yk\u00fclerin topland\u0131\u011f\u0131 bir kitapt\u0131r Mahalle Kahvesi. Her t\u00fcrl\u00fc aymazl\u0131\u011f\u0131 reddeden, vurdumduymazl\u0131ktan hazzetmeyen, dostlu\u011fa ve sevgiye kucak a\u00e7an, \u00e7al\u0131\u015fman\u0131n y\u00fcceli\u011fine inanan, unutulmu\u015f duygulara ve terkedilmi\u015f insanl\u0131k durumlar\u0131na dahi i\u00e7li ve i\u00e7tenlikli bakan bir anlat\u0131c\u0131yla kar\u015f\u0131la\u015f\u0131r\u0131z Mahalle Kahvesi\u2019nde.<\/p>\n","protected":false},"excerpt":{"rendered":"<p>Modern edebiyat\u0131m\u0131z\u0131n \u00f6nc\u00fc yazar\u0131ndan \u00f6yk\u00fcler&#8230; Mahalle Kahvesi, Sait Faik \u00f6yk\u00fcc\u00fcl\u00fc\u011f\u00fcnde bir nirengi noktas\u0131d\u0131r. Edebiyat\u0131m\u0131z\u0131n y\u00f6n veren anlat\u0131c\u0131s\u0131n\u0131n getirdi\u011fi yeni bak\u0131\u015f ve duyu\u015f, ard\u0131l\u0131 ku\u015faklar\u0131 etkilemi\u015f, modern<span class=\"excerpt-hellip\"> [\u2026]<\/span><\/p>\n","protected":false},"featured_media":0,"template":"","meta":{"_monsterinsights_skip_tracking":false,"_monsterinsights_sitenote_active":false,"_monsterinsights_sitenote_note":"","_monsterinsights_sitenote_category":0},"product_brand":[],"product_cat":[12291,12711],"product_tag":[],"class_list":{"0":"post-769764","1":"product","2":"type-product","3":"status-publish","5":"product_cat-edebiyat","6":"product_cat-roman-oyku","7":"pa_cilt-ciltsiz","8":"pa_tur-kitap","9":"pa_yayinevi-remzi-kitabevi","10":"pa_yazar-sait-faik-abasiyanik","12":"first","13":"instock","14":"sale","15":"shipping-taxable","16":"purchasable","17":"product-type-simple"},"_links":{"self":[{"href":"https:\/\/roveyayinevi.com.tr\/index.php\/wp-json\/wp\/v2\/product\/769764","targetHints":{"allow":["GET"]}}],"collection":[{"href":"https:\/\/roveyayinevi.com.tr\/index.php\/wp-json\/wp\/v2\/product"}],"about":[{"href":"https:\/\/roveyayinevi.com.tr\/index.php\/wp-json\/wp\/v2\/types\/product"}],"wp:attachment":[{"href":"https:\/\/roveyayinevi.com.tr\/index.php\/wp-json\/wp\/v2\/media?parent=769764"}],"wp:term":[{"taxonomy":"product_brand","embeddable":true,"href":"https:\/\/roveyayinevi.com.tr\/index.php\/wp-json\/wp\/v2\/product_brand?post=769764"},{"taxonomy":"product_cat","embeddable":true,"href":"https:\/\/roveyayinevi.com.tr\/index.php\/wp-json\/wp\/v2\/product_cat?post=769764"},{"taxonomy":"product_tag","embeddable":true,"href":"https:\/\/roveyayinevi.com.tr\/index.php\/wp-json\/wp\/v2\/product_tag?post=769764"}],"curies":[{"name":"wp","href":"https:\/\/api.w.org\/{rel}","templated":true}]}}