{"id":769761,"date":"2025-08-28T14:06:00","date_gmt":"2025-08-28T11:06:00","guid":{"rendered":"https:\/\/roveyayinevi.com.tr\/index.php\/urun\/yorungede-dans\/"},"modified":"2026-04-15T03:35:50","modified_gmt":"2026-04-15T00:35:50","slug":"yorungede-dans","status":"publish","type":"product","link":"https:\/\/roveyayinevi.com.tr\/index.php\/urun\/yorungede-dans\/","title":{"rendered":"Y\u00f6r\u00fcngede Dans"},"content":{"rendered":"<p>Y\u00f6r\u00fcngede Dans: Kad\u0131n Yazarlardan Bilimkurgu \u00d6yk\u00fcleri Evrenin s\u0131n\u0131rlar\u0131n\u0131 kim belirler? \u0130nsanl\u0131\u011f\u0131n gelece\u011fini kim hayal eder? Ve en \u00f6nemlisi, kim yazar? Gelecek, ancak onu hayal edenlerin ellerinde \u015fekillenir. Bu kitap, bilinen s\u0131n\u0131rlar\u0131 a\u015fan, ger\u00e7ekli\u011fi yeniden tasarlayan, insan olman\u0131n anlam\u0131n\u0131 sorgulayan kad\u0131n yazarlar\u0131n kaleminden \u00e7\u0131km\u0131\u015f bilimkurgu \u00f6yk\u00fclerini bir araya getiriyor. Kimi zaman bir robotun vicdan\u0131nda, kimi zaman evrenin en uzak k\u00f6\u015fesinde, kimi zaman ise tam burada, d\u00fcnyada&#8230; Kad\u0131nlar\u0131n bilimkurguya katt\u0131\u011f\u0131 yenilik\u00e7i ve cesur bak\u0131\u015f a\u00e7\u0131s\u0131n\u0131 ke\u015ffetmeye haz\u0131r m\u0131s\u0131n\u0131z? Ger\u00e7eklik b\u00fck\u00fcl\u00fcyor, olas\u0131l\u0131klar \u00e7o\u011fal\u0131yor, anlat\u0131lar d\u00f6n\u00fc\u015f\u00fcyor. Y\u00f6r\u00fcngede Dans, bilimkurgu edebiyat\u0131nda yeni bir hareket ba\u015flat\u0131yor. <\/p>\n","protected":false},"excerpt":{"rendered":"<p>Y\u00f6r\u00fcngede Dans: Kad\u0131n Yazarlardan Bilimkurgu \u00d6yk\u00fcleri Evrenin s\u0131n\u0131rlar\u0131n\u0131 kim belirler? \u0130nsanl\u0131\u011f\u0131n gelece\u011fini kim hayal eder? Ve en \u00f6nemlisi, kim yazar? Gelecek, ancak onu hayal edenlerin ellerinde<span class=\"excerpt-hellip\"> [\u2026]<\/span><\/p>\n","protected":false},"featured_media":0,"template":"","meta":{"_monsterinsights_skip_tracking":false,"_monsterinsights_sitenote_active":false,"_monsterinsights_sitenote_note":"","_monsterinsights_sitenote_category":0},"product_brand":[],"product_cat":[12540,12291],"product_tag":[],"class_list":{"0":"post-769761","1":"product","2":"type-product","3":"status-publish","5":"product_cat-bilim-kurgu","6":"product_cat-edebiyat","7":"pa_cilt-ciltsiz","8":"pa_tur-kitap","9":"pa_yayinevi-eksik-parca-yayinlari","10":"pa_yazar-kolektif","12":"first","13":"instock","14":"sale","15":"shipping-taxable","16":"purchasable","17":"product-type-simple"},"_links":{"self":[{"href":"https:\/\/roveyayinevi.com.tr\/index.php\/wp-json\/wp\/v2\/product\/769761","targetHints":{"allow":["GET"]}}],"collection":[{"href":"https:\/\/roveyayinevi.com.tr\/index.php\/wp-json\/wp\/v2\/product"}],"about":[{"href":"https:\/\/roveyayinevi.com.tr\/index.php\/wp-json\/wp\/v2\/types\/product"}],"wp:attachment":[{"href":"https:\/\/roveyayinevi.com.tr\/index.php\/wp-json\/wp\/v2\/media?parent=769761"}],"wp:term":[{"taxonomy":"product_brand","embeddable":true,"href":"https:\/\/roveyayinevi.com.tr\/index.php\/wp-json\/wp\/v2\/product_brand?post=769761"},{"taxonomy":"product_cat","embeddable":true,"href":"https:\/\/roveyayinevi.com.tr\/index.php\/wp-json\/wp\/v2\/product_cat?post=769761"},{"taxonomy":"product_tag","embeddable":true,"href":"https:\/\/roveyayinevi.com.tr\/index.php\/wp-json\/wp\/v2\/product_tag?post=769761"}],"curies":[{"name":"wp","href":"https:\/\/api.w.org\/{rel}","templated":true}]}}