{"id":769760,"date":"2025-08-28T14:05:58","date_gmt":"2025-08-28T11:05:58","guid":{"rendered":"https:\/\/roveyayinevi.com.tr\/index.php\/urun\/kehanet-sanati-savas-sanatlari-destani-birinci-kitap\/"},"modified":"2026-04-15T03:35:50","modified_gmt":"2026-04-15T00:35:50","slug":"kehanet-sanati-savas-sanatlari-destani-birinci-kitap","status":"publish","type":"product","link":"https:\/\/roveyayinevi.com.tr\/index.php\/urun\/kehanet-sanati-savas-sanatlari-destani-birinci-kitap\/","title":{"rendered":"Kehanet Sanat\u0131 &#8211; Sava\u015f Sanatlar\u0131 Destan\u0131 Birinci Kitap"},"content":{"rendered":"<p>Kehanet a\u00e7\u0131kt\u0131. Bir \u00e7ocuk, zalim ve \u00f6l\u00fcms\u00fcz tanr\u0131-kral Ebedi Han\u2019\u0131 yenmek ve krall\u0131\u011f\u0131 kurtarmak i\u00e7in y\u00fckselecekti. O se\u00e7ilmi\u015f \u00e7ocuk Jian\u2019d\u0131; do\u011fdu\u011fundan beri ihti\u015fam i\u00e7inde b\u00fcy\u00fct\u00fclm\u00fc\u015f ve tek bir sava\u015f bile kazanmadan kutsanm\u0131\u015f bir kahraman.   Ama kehanet yanl\u0131\u015ft\u0131.   \u00c7a\u011f\u0131n\u0131n en b\u00fcy\u00fck sava\u015f sanat\u00e7\u0131s\u0131 Taishi, kehanet edilen kahraman\u0131 de\u011ferlendirmek i\u00e7in geldi\u011finde, kaderiyle y\u00fczle\u015fmeye haz\u0131r olmayan \u015f\u0131mar\u0131k bir veletle kar\u015f\u0131la\u015ft\u0131. Ancak demir iradeli, keskin dilli ama beklenmedik \u015fekilde yumu\u015fak kalpli Taishi\u2019nin vazge\u00e7meye niyeti yoktu. Efsaneyi ger\u00e7ek k\u0131lmak ad\u0131na Jian\u2019\u0131 e\u011fitmeye ve kehanette s\u00f6z\u00fc edilen kahraman\u0131 ortaya \u00e7\u0131karmaya karar verdi.   Art\u0131k usta ile \u00e7\u0131ra\u011f\u0131n\u0131, herhangi bir kehanetin \u00f6ng\u00f6rebilece\u011finden \u00e7ok daha b\u00fcy\u00fcleyici bir yolculuk bekliyordu.   Sava\u015f Sanatlar\u0131 Destan\u0131\u2019n\u0131n birinci kitab\u0131 Kehanet Sanat\u0131, Wesley Chu\u2019dan d\u00f6v\u00fc\u015f sanatlar\u0131na ve b\u00fcy\u00fcye \u00f6vg\u00fc niteli\u011finde epik bir fantezi. <\/p>\n","protected":false},"excerpt":{"rendered":"<p>Kehanet a\u00e7\u0131kt\u0131. Bir \u00e7ocuk, zalim ve \u00f6l\u00fcms\u00fcz tanr\u0131-kral Ebedi Han\u2019\u0131 yenmek ve krall\u0131\u011f\u0131 kurtarmak i\u00e7in y\u00fckselecekti. O se\u00e7ilmi\u015f \u00e7ocuk Jian\u2019d\u0131; do\u011fdu\u011fundan beri ihti\u015fam i\u00e7inde b\u00fcy\u00fct\u00fclm\u00fc\u015f ve<span class=\"excerpt-hellip\"> [\u2026]<\/span><\/p>\n","protected":false},"featured_media":0,"template":"","meta":{"_monsterinsights_skip_tracking":false,"_monsterinsights_sitenote_active":false,"_monsterinsights_sitenote_note":"","_monsterinsights_sitenote_category":0},"product_brand":[],"product_cat":[12291,14777],"product_tag":[],"class_list":{"0":"post-769760","1":"product","2":"type-product","3":"status-publish","5":"product_cat-edebiyat","6":"product_cat-fantastik","7":"pa_cilt-ciltsiz","8":"pa_tur-kitap","9":"pa_yayinevi-eksik-parca-yayinlari","10":"pa_yazar-wesley-chu","12":"first","13":"instock","14":"sale","15":"shipping-taxable","16":"purchasable","17":"product-type-simple"},"_links":{"self":[{"href":"https:\/\/roveyayinevi.com.tr\/index.php\/wp-json\/wp\/v2\/product\/769760","targetHints":{"allow":["GET"]}}],"collection":[{"href":"https:\/\/roveyayinevi.com.tr\/index.php\/wp-json\/wp\/v2\/product"}],"about":[{"href":"https:\/\/roveyayinevi.com.tr\/index.php\/wp-json\/wp\/v2\/types\/product"}],"wp:attachment":[{"href":"https:\/\/roveyayinevi.com.tr\/index.php\/wp-json\/wp\/v2\/media?parent=769760"}],"wp:term":[{"taxonomy":"product_brand","embeddable":true,"href":"https:\/\/roveyayinevi.com.tr\/index.php\/wp-json\/wp\/v2\/product_brand?post=769760"},{"taxonomy":"product_cat","embeddable":true,"href":"https:\/\/roveyayinevi.com.tr\/index.php\/wp-json\/wp\/v2\/product_cat?post=769760"},{"taxonomy":"product_tag","embeddable":true,"href":"https:\/\/roveyayinevi.com.tr\/index.php\/wp-json\/wp\/v2\/product_tag?post=769760"}],"curies":[{"name":"wp","href":"https:\/\/api.w.org\/{rel}","templated":true}]}}