{"id":769759,"date":"2025-08-28T14:05:56","date_gmt":"2025-08-28T11:05:56","guid":{"rendered":"https:\/\/roveyayinevi.com.tr\/index.php\/urun\/gemi-arslani\/"},"modified":"2026-04-15T03:35:50","modified_gmt":"2026-04-15T00:35:50","slug":"gemi-arslani","status":"publish","type":"product","link":"https:\/\/roveyayinevi.com.tr\/index.php\/urun\/gemi-arslani\/","title":{"rendered":"Gemi Arslan\u0131"},"content":{"rendered":"<p>Gemi Arslan\u0131, \u00fcstat Erc\u00fcment Ekrem&#8217;in eski yaz\u0131yla bas\u0131lan son roman\u0131. Bir yetim anas\u0131n\u0131n, pek de \u00fcmit vaat etmeyen o\u011fluna hay\u0131rl\u0131 bir ikbal sa\u011flayabilmek i\u00e7in \u00e7\u0131kt\u0131\u011f\u0131 yolculukla ba\u015flayan hik\u00e2ye, okurunu a\u015fk\u0131n, ili\u015fkilerin, de\u011fi\u015fen d\u00fcnyan\u0131n ve eski \u0130stanbul&#8217;un ba\u015frolleri payla\u015ft\u0131\u011f\u0131 bir maceraya s\u00fcr\u00fckl\u00fcyor; Sudi ve annesi \u015eerefnaz Han\u0131m&#8217;\u0131n yokluklarla s\u0131nanan serg\u00fcze\u015fti, g\u00fczeller g\u00fczeli Leman&#8217;\u0131n sahneye \u00e7\u0131k\u0131\u015f\u0131yla mutlulu\u011fu bulman\u0131n yollar\u0131 \u00fczerine kafa yoran bir metne d\u00f6n\u00fc\u015f\u00fcyor. \u0130stanbul&#8217;un eski ve yoksul mahallelerine dair g\u00fc\u00e7l\u00fc g\u00f6zlemleri, bu muhitlerin insanlar\u0131 hakk\u0131ndaki on ikiden vuran tespitleri ve dili kullanmaktaki &#8220;payans\u0131z&#8221; maharetiyle Erc\u00fcment Ekrem Bey neredeyse bir as\u0131r \u00f6nceden g\u00fcn\u00fcm\u00fcze roman dersi veriyor. Kafka Kitap, \u00fcstad\u0131n bu de\u011ferli eserini ilk kez Latin harfleriyle okurun be\u011fenisine sunuyor. Hem de ara\u015ft\u0131rmac\u0131 ve yazar Erol \u00dcyepazarc\u0131&#8217;n\u0131n \u00fcstatla ge\u00e7en bir gen\u00e7lik an\u0131s\u0131na uzanan sunu\u015fu ve Mahir \u00dcnsal Eri\u015f&#8217;in titiz \u00e7al\u0131\u015fmas\u0131yla\u2026 Babil Ekspres, edebiyat\u0131m\u0131z\u0131n \u00f6nemli isimlerindenErc\u00fcment Ekrem Tal\u00fb&#8217;nun k\u00fclliyat\u0131n\u0131 okuruyla bulu\u015fturmaki\u00e7in bir yolculu\u011fa \u00e7\u0131k\u0131yor, \u00fcstad\u0131n kitap h\u00e2line gelmi\u015f ya dagelmemi\u015f, hatta kimisi yeni harflerle hi\u00e7 bas\u0131lmam\u0131\u015ft\u00fcm eserlerini yay\u0131na haz\u0131rl\u0131yor!<\/p>\n","protected":false},"excerpt":{"rendered":"<p>Gemi Arslan\u0131, \u00fcstat Erc\u00fcment Ekrem&#8217;in eski yaz\u0131yla bas\u0131lan son roman\u0131. Bir yetim anas\u0131n\u0131n, pek de \u00fcmit vaat etmeyen o\u011fluna hay\u0131rl\u0131 bir ikbal sa\u011flayabilmek i\u00e7in \u00e7\u0131kt\u0131\u011f\u0131 yolculukla<span class=\"excerpt-hellip\"> [\u2026]<\/span><\/p>\n","protected":false},"featured_media":0,"template":"","meta":{"_monsterinsights_skip_tracking":false,"_monsterinsights_sitenote_active":false,"_monsterinsights_sitenote_note":"","_monsterinsights_sitenote_category":0},"product_brand":[],"product_cat":[12291,12711],"product_tag":[],"class_list":{"0":"post-769759","1":"product","2":"type-product","3":"status-publish","5":"product_cat-edebiyat","6":"product_cat-roman-oyku","7":"pa_cilt-ciltsiz","8":"pa_tur-kitap","9":"pa_yayinevi-kafka-yayinevi","10":"pa_yazar-ercument-ekrem-talu","12":"first","13":"instock","14":"sale","15":"shipping-taxable","16":"purchasable","17":"product-type-simple"},"_links":{"self":[{"href":"https:\/\/roveyayinevi.com.tr\/index.php\/wp-json\/wp\/v2\/product\/769759","targetHints":{"allow":["GET"]}}],"collection":[{"href":"https:\/\/roveyayinevi.com.tr\/index.php\/wp-json\/wp\/v2\/product"}],"about":[{"href":"https:\/\/roveyayinevi.com.tr\/index.php\/wp-json\/wp\/v2\/types\/product"}],"wp:attachment":[{"href":"https:\/\/roveyayinevi.com.tr\/index.php\/wp-json\/wp\/v2\/media?parent=769759"}],"wp:term":[{"taxonomy":"product_brand","embeddable":true,"href":"https:\/\/roveyayinevi.com.tr\/index.php\/wp-json\/wp\/v2\/product_brand?post=769759"},{"taxonomy":"product_cat","embeddable":true,"href":"https:\/\/roveyayinevi.com.tr\/index.php\/wp-json\/wp\/v2\/product_cat?post=769759"},{"taxonomy":"product_tag","embeddable":true,"href":"https:\/\/roveyayinevi.com.tr\/index.php\/wp-json\/wp\/v2\/product_tag?post=769759"}],"curies":[{"name":"wp","href":"https:\/\/api.w.org\/{rel}","templated":true}]}}