{"id":769757,"date":"2025-08-28T14:05:53","date_gmt":"2025-08-28T11:05:53","guid":{"rendered":"https:\/\/roveyayinevi.com.tr\/index.php\/urun\/norobilimin-evrimi\/"},"modified":"2026-04-15T03:35:50","modified_gmt":"2026-04-15T00:35:50","slug":"norobilimin-evrimi","status":"publish","type":"product","link":"https:\/\/roveyayinevi.com.tr\/index.php\/urun\/norobilimin-evrimi\/","title":{"rendered":"N\u00f6robilimin Evrimi"},"content":{"rendered":"<p>\u0130nsanl\u0131k tarihinin en bu\u0308yu\u0308k gizemlerinden biri: beyin. Du\u0308\u015fu\u0308ncelerimizin, duygular\u0131m\u0131z\u0131n, bilin\u00e7 ve haf\u0131zam\u0131z\u0131n \u015fekillendi\u011fi bu muazzam organ, \u00e7a\u011flar boyunca biliminsanlar\u0131n\u0131n ve filozoflar\u0131n ilgisini \u00e7ekti. Peki, beynin s\u0131rlar\u0131n\u0131 \u00e7\u00f6zme yolculu\u011fu nas\u0131l ba\u015flad\u0131? N\u00f6robilimin Evrimi, ilkel insan topluluklar\u0131n\u0131n ruh ve ak\u0131l anlay\u0131\u015f\u0131ndan modern n\u00f6robilimin ke\u015fiflerine uzanan bu\u0308yu\u0308leyici bir seru\u0308venin hik\u00e2yesi. Prof. Dr. Cumhur Ertekin, \u201ctrepanasyon\u201d gibi kadim beyin cerrahisi y\u00f6ntemlerinden Aristoteles\u2019in yanl\u0131\u015f varsay\u0131mlar\u0131na, R\u00f6nesans d\u00f6nemindeki bu\u0308yu\u0308k anatomik ke\u015fiflerden Freud\u2019un bilin\u00e7alt\u0131na uzanan du\u0308\u015fu\u0308ncelerine kadar geni\u015f bir perspektif sunuyor. 19. ve 20. yu\u0308zy\u0131lda n\u00f6roanatomiden n\u00f6rofizyolojiye, psikiyatri tarihinden klinik n\u00f6rolojiye kadar disiplinlerin kesi\u015fim noktalar\u0131n\u0131 inceliyor. N\u00f6rolog Cumhur Ertekin, bilimin geli\u015fimini yaln\u0131zca kronolojik bir anlat\u0131mla sunmakla kalm\u0131yor, ayn\u0131 zamanda du\u0308\u015fu\u0308nsel ak\u0131mlar\u0131n birbirini nas\u0131l etkiledi\u011fini de g\u00f6zler \u00f6nu\u0308ne sererek tarih boyunca bilimsel devrimlerin nas\u0131l \u015fekillendi\u011fini merak edenler i\u00e7in vazge\u00e7ilmez bir kaynak kaleme al\u0131yor. N\u00f6robilimin Evrimi, beynin derinliklerine do\u011fru \u00e7\u0131k\u0131lan bu yolculukta, insan zihninin ke\u015fif su\u0308recine tan\u0131kl\u0131k etmek isteyenler i\u00e7in gu\u0308\u00e7lu\u0308 bir rehber. <\/p>\n","protected":false},"excerpt":{"rendered":"<p>\u0130nsanl\u0131k tarihinin en bu\u0308yu\u0308k gizemlerinden biri: beyin. Du\u0308\u015fu\u0308ncelerimizin, duygular\u0131m\u0131z\u0131n, bilin\u00e7 ve haf\u0131zam\u0131z\u0131n \u015fekillendi\u011fi bu muazzam organ, \u00e7a\u011flar boyunca biliminsanlar\u0131n\u0131n ve filozoflar\u0131n ilgisini \u00e7ekti. Peki, beynin s\u0131rlar\u0131n\u0131<span class=\"excerpt-hellip\"> [\u2026]<\/span><\/p>\n","protected":false},"featured_media":0,"template":"","meta":{"_monsterinsights_skip_tracking":false,"_monsterinsights_sitenote_active":false,"_monsterinsights_sitenote_note":"","_monsterinsights_sitenote_category":0},"product_brand":[],"product_cat":[13005,13006],"product_tag":[],"class_list":{"0":"post-769757","1":"product","2":"type-product","3":"status-publish","5":"product_cat-bilim-muhendislik","6":"product_cat-populer-bilim","7":"pa_cilt-ciltsiz","8":"pa_tur-kitap","9":"pa_yayinevi-nova-kitap","10":"pa_yazar-cumhur-ertekin","12":"first","13":"instock","14":"sale","15":"shipping-taxable","16":"purchasable","17":"product-type-simple"},"_links":{"self":[{"href":"https:\/\/roveyayinevi.com.tr\/index.php\/wp-json\/wp\/v2\/product\/769757","targetHints":{"allow":["GET"]}}],"collection":[{"href":"https:\/\/roveyayinevi.com.tr\/index.php\/wp-json\/wp\/v2\/product"}],"about":[{"href":"https:\/\/roveyayinevi.com.tr\/index.php\/wp-json\/wp\/v2\/types\/product"}],"wp:attachment":[{"href":"https:\/\/roveyayinevi.com.tr\/index.php\/wp-json\/wp\/v2\/media?parent=769757"}],"wp:term":[{"taxonomy":"product_brand","embeddable":true,"href":"https:\/\/roveyayinevi.com.tr\/index.php\/wp-json\/wp\/v2\/product_brand?post=769757"},{"taxonomy":"product_cat","embeddable":true,"href":"https:\/\/roveyayinevi.com.tr\/index.php\/wp-json\/wp\/v2\/product_cat?post=769757"},{"taxonomy":"product_tag","embeddable":true,"href":"https:\/\/roveyayinevi.com.tr\/index.php\/wp-json\/wp\/v2\/product_tag?post=769757"}],"curies":[{"name":"wp","href":"https:\/\/api.w.org\/{rel}","templated":true}]}}