{"id":769752,"date":"2025-08-28T14:05:41","date_gmt":"2025-08-28T11:05:41","guid":{"rendered":"https:\/\/roveyayinevi.com.tr\/index.php\/urun\/kurt-ve-ormanci\/"},"modified":"2026-04-15T03:35:50","modified_gmt":"2026-04-15T00:35:50","slug":"kurt-ve-ormanci","status":"publish","type":"product","link":"https:\/\/roveyayinevi.com.tr\/index.php\/urun\/kurt-ve-ormanci\/","title":{"rendered":"Kurt ve Ormanc\u0131"},"content":{"rendered":"<p>\u00c9vike, ormanlarla kapl\u0131 pagan k\u00f6yu\u0308nde gu\u0308cu\u0308 olmayan tek kad\u0131nd\u0131r ve bu da onu tanr\u0131lar taraf\u0131ndan terk edilmi\u015f bir d\u0131\u015flanm\u0131\u015f yapar. K\u00f6ylu\u0308ler bunun i\u00e7in onun yozla\u015fm\u0131\u015f soyunu su\u00e7lamaktad\u0131r \u00e7u\u0308nku\u0308 babas\u0131, fanatik kral\u0131n nefret edilen hizmetk\u00e2rlar\u0131ndan bir Yehuli\u2019dir. Kutsal Ormanc\u0131lar Tarikat\u0131, kral\u0131n kanl\u0131 kurban\u0131 i\u00e7in bir pagan k\u0131z\u0131 almaya geldi\u011finde, \u00c9vike, k\u00f6ylu\u0308leri taraf\u0131ndan ihanete u\u011frar ve askerlere teslim edilir.   Ancak yolda canavarlar, Ormanc\u0131lara ve esirlerine sald\u0131r\u0131p \u00c9vike ve tek g\u00f6zlu\u0308 kaptan hari\u00e7 herkesi katledince, birbirlerine gu\u0308venmekten ba\u015fka \u00e7areleri kalmaz. Tek g\u00f6zlu\u0308 kaptan ise s\u0131radan bir Ormanc\u0131 de\u011fildir; gu\u0308cu\u0308nu\u0308 peki\u015ftirmek i\u00e7in pagan bu\u0308yu\u0308su\u0308ne ihtiyac\u0131 olan kral\u0131n o\u011flu, g\u00f6zden du\u0308\u015fmu\u0308\u015f prens G\u00e1sp\u00e1r B\u00e1r\u00e1ny\u2019dir. G\u00e1sp\u00e1r, ac\u0131mas\u0131z ve ba\u011fnaz karde\u015finin taht\u0131 ele ge\u00e7irip hem paganlar\u0131 hem de Yehulileri lanetleyecek vah\u015fi bir saltanat kurmay\u0131 planlad\u0131\u011f\u0131ndan korkmaktad\u0131r. Yabanc\u0131 bir krali\u00e7enin o\u011flu olan G\u00e1sp\u00e1r, d\u0131\u015flanman\u0131n nas\u0131l bir \u015fey oldu\u011funu bilir ve karde\u015fini durdurmak i\u00e7in \u00c9vike ile bir anla\u015fma yapar.   G\u00f6revleri onlar\u0131 amans\u0131z kuzey tundras\u0131ndan dumanl\u0131 ba\u015fkente g\u00f6tu\u0308ru\u0308rken kar\u015f\u0131l\u0131kl\u0131 nefretleri, ortak bir yabanc\u0131la\u015fma ve anlay\u0131\u015fa d\u00f6nu\u0308\u015fu\u0308r. Ancak \u00c9vike babas\u0131yla yeniden ba\u011flant\u0131 kurup kendi gizli bu\u0308yu\u0308su\u0308nu\u0308 ke\u015ffederken, o ve G\u00e1sp\u00e1r kimin taraf\u0131nda olduklar\u0131na ve onlar\u0131 hi\u00e7 \u00f6nemsememi\u015f bir ulus i\u00e7in nelerden vazge\u00e7ebileceklerine karar vermek zorundad\u0131r.   \u201cDu\u0308\u015fmanl\u0131ktan a\u015fka d\u00f6nu\u0308\u015fen inand\u0131r\u0131c\u0131 bir romantizm, harikulade din temelli bu\u0308yu\u0308 sistemi ve ba\u011fnazl\u0131\u011f\u0131n incelikli bir \u015fekilde incelenmesi, bu kitab\u0131 dikkate de\u011fer bir ilk kitap h\u00e2line getiriyor.\u201d \u2014Publishers Weekly   \u201cElimden b\u0131rakamad\u0131\u011f\u0131m, din ve siyaset tarihine du\u0308\u015fu\u0308ndu\u0308ru\u0308cu\u0308, heyecan verici ve bu\u0308yu\u0308lu\u0308 bir bak\u0131\u015f. Reid, \u015fa\u015f\u0131rt\u0131c\u0131 ve a\u00e7\u0131k\u00e7as\u0131 deh\u015fet verici yasak ormanlar\u0131nda, \u015fimdiye kadar okudu\u011fum en korkun\u00e7 canavarlardan baz\u0131lar\u0131n\u0131 canland\u0131r\u0131yor ve yine de en k\u00f6tu\u0308 deh\u015fetlerin insan elinden \u00e7\u0131kt\u0131\u011f\u0131n\u0131 unutmam\u0131za asla izin vermiyor.\u201d \u2014S. A. Chakraborty <\/p>\n","protected":false},"excerpt":{"rendered":"<p>\u00c9vike, ormanlarla kapl\u0131 pagan k\u00f6yu\u0308nde gu\u0308cu\u0308 olmayan tek kad\u0131nd\u0131r ve bu da onu tanr\u0131lar taraf\u0131ndan terk edilmi\u015f bir d\u0131\u015flanm\u0131\u015f yapar. K\u00f6ylu\u0308ler bunun i\u00e7in onun yozla\u015fm\u0131\u015f soyunu<span class=\"excerpt-hellip\"> [\u2026]<\/span><\/p>\n","protected":false},"featured_media":0,"template":"","meta":{"_monsterinsights_skip_tracking":false,"_monsterinsights_sitenote_active":false,"_monsterinsights_sitenote_note":"","_monsterinsights_sitenote_category":0},"product_brand":[],"product_cat":[12291,14777],"product_tag":[],"class_list":{"0":"post-769752","1":"product","2":"type-product","3":"status-publish","5":"product_cat-edebiyat","6":"product_cat-fantastik","7":"pa_cilt-ciltsiz","8":"pa_tur-kitap","9":"pa_yayinevi-ithaki-yayinlari","10":"pa_yazar-ava-reid","12":"first","13":"instock","14":"sale","15":"shipping-taxable","16":"purchasable","17":"product-type-simple"},"_links":{"self":[{"href":"https:\/\/roveyayinevi.com.tr\/index.php\/wp-json\/wp\/v2\/product\/769752","targetHints":{"allow":["GET"]}}],"collection":[{"href":"https:\/\/roveyayinevi.com.tr\/index.php\/wp-json\/wp\/v2\/product"}],"about":[{"href":"https:\/\/roveyayinevi.com.tr\/index.php\/wp-json\/wp\/v2\/types\/product"}],"wp:attachment":[{"href":"https:\/\/roveyayinevi.com.tr\/index.php\/wp-json\/wp\/v2\/media?parent=769752"}],"wp:term":[{"taxonomy":"product_brand","embeddable":true,"href":"https:\/\/roveyayinevi.com.tr\/index.php\/wp-json\/wp\/v2\/product_brand?post=769752"},{"taxonomy":"product_cat","embeddable":true,"href":"https:\/\/roveyayinevi.com.tr\/index.php\/wp-json\/wp\/v2\/product_cat?post=769752"},{"taxonomy":"product_tag","embeddable":true,"href":"https:\/\/roveyayinevi.com.tr\/index.php\/wp-json\/wp\/v2\/product_tag?post=769752"}],"curies":[{"name":"wp","href":"https:\/\/api.w.org\/{rel}","templated":true}]}}