{"id":769751,"date":"2025-08-28T14:05:39","date_gmt":"2025-08-28T11:05:39","guid":{"rendered":"https:\/\/roveyayinevi.com.tr\/index.php\/urun\/gece-mavisi-bir-saatte\/"},"modified":"2026-04-15T03:35:50","modified_gmt":"2026-04-15T00:35:50","slug":"gece-mavisi-bir-saatte","status":"publish","type":"product","link":"https:\/\/roveyayinevi.com.tr\/index.php\/urun\/gece-mavisi-bir-saatte\/","title":{"rendered":"Gece Mavisi Bir Saatte"},"content":{"rendered":"<p>Film bitse de hayat devam eder&#8230; Uluslararas\u0131 Booker \u00d6d\u00fcl\u00fc adayl\u0131\u011f\u0131 da bulunan \u0130svi\u00e7reli yazar Peter Stamm\u2019\u0131n kaleminden \u00e7\u0131kan Gece Mavisi Bir Saatte, kurdu\u011fu edebiyat evreninde kendisini g\u00f6r\u00fcnmez k\u0131lmay\u0131 ba\u015faran \u201ckay\u0131p\u201d bir adam\u0131n portresini \u00e7iziyor.  Okuru, ger\u00e7ekle kurgu aras\u0131ndaki duvar\u0131n \u00e7atlaklardan s\u0131zan esrarengiz bir aray\u0131\u015f hik\u00e2yesinin i\u00e7ine \u00e7eken kitap; kalbin aynas\u0131 olmay\u0131 reddeden bir \u00e7ift mavi g\u00f6z\u00fcn \u0131\u015f\u0131\u011f\u0131 alt\u0131nda sanat\u0131n ve kurmacan\u0131n s\u0131n\u0131rlar\u0131n\u0131 yeniden tan\u0131ml\u0131yor.  Otobiyografik unsurlar da bar\u0131nd\u0131ran roman; her yap\u0131t\u0131yla biraz daha t\u00fckenen bir edebiyat\u00e7\u0131y\u0131 anlaman\u0131n ve anlatman\u0131n karma\u015f\u0131kl\u0131\u011f\u0131n\u0131 m\u00fcthi\u015f bir varolu\u015fsal paradoksa d\u00f6n\u00fc\u015ft\u00fcr\u00fcyor.    \u00dcnl\u00fc bir yazar\u0131n hik\u00e2yesi nas\u0131l anlat\u0131l\u0131r? Hele ki son derece gizemli bir mizac\u0131 varsa? Belgesel yap\u0131mc\u0131s\u0131 Andrea, tan\u0131d\u0131k\u00e7a sevdi\u011fi yazar Richard Wechsler\u2019in hayat \u00f6yk\u00fcs\u00fcn\u00fc filmle\u015ftirmeye karar verir. Fakat bu i\u015f, zannetti\u011finden \u00e7ok daha \u00e7etrefilli bir h\u00e2le gelir. Arand\u0131k\u00e7a bulunmayan, cu\u0308mlelerinin sonunu getirmeyen, ge\u00e7mi\u015fi hakk\u0131nda hi\u00e7bir bilgi vermeyen bir yazar, g\u0131yab\u0131nda -yahut bir kurmacan\u0131n aras\u0131nda- insanlara nas\u0131l aktar\u0131labilir? Bilinmezliklerin tam ortas\u0131nda duran bir yazar\u0131n izini s\u00fcren bu etkileyici eser, edebiyat\u0131n ve sanat\u0131n bireyin ger\u00e7ek kimli\u011fi \u00fczerindeki etkilerini ustal\u0131kla i\u015fliyor.<\/p>\n","protected":false},"excerpt":{"rendered":"<p>Film bitse de hayat devam eder&#8230; Uluslararas\u0131 Booker \u00d6d\u00fcl\u00fc adayl\u0131\u011f\u0131 da bulunan \u0130svi\u00e7reli yazar Peter Stamm\u2019\u0131n kaleminden \u00e7\u0131kan Gece Mavisi Bir Saatte, kurdu\u011fu edebiyat evreninde kendisini<span class=\"excerpt-hellip\"> [\u2026]<\/span><\/p>\n","protected":false},"featured_media":0,"template":"","meta":{"_monsterinsights_skip_tracking":false,"_monsterinsights_sitenote_active":false,"_monsterinsights_sitenote_note":"","_monsterinsights_sitenote_category":0},"product_brand":[],"product_cat":[12291,12711],"product_tag":[],"class_list":{"0":"post-769751","1":"product","2":"type-product","3":"status-publish","5":"product_cat-edebiyat","6":"product_cat-roman-oyku","7":"pa_cilt-ciltsiz","8":"pa_tur-kitap","9":"pa_yayinevi-delidolu","10":"pa_yazar-peter-stamm","12":"first","13":"instock","14":"sale","15":"shipping-taxable","16":"purchasable","17":"product-type-simple"},"_links":{"self":[{"href":"https:\/\/roveyayinevi.com.tr\/index.php\/wp-json\/wp\/v2\/product\/769751","targetHints":{"allow":["GET"]}}],"collection":[{"href":"https:\/\/roveyayinevi.com.tr\/index.php\/wp-json\/wp\/v2\/product"}],"about":[{"href":"https:\/\/roveyayinevi.com.tr\/index.php\/wp-json\/wp\/v2\/types\/product"}],"wp:attachment":[{"href":"https:\/\/roveyayinevi.com.tr\/index.php\/wp-json\/wp\/v2\/media?parent=769751"}],"wp:term":[{"taxonomy":"product_brand","embeddable":true,"href":"https:\/\/roveyayinevi.com.tr\/index.php\/wp-json\/wp\/v2\/product_brand?post=769751"},{"taxonomy":"product_cat","embeddable":true,"href":"https:\/\/roveyayinevi.com.tr\/index.php\/wp-json\/wp\/v2\/product_cat?post=769751"},{"taxonomy":"product_tag","embeddable":true,"href":"https:\/\/roveyayinevi.com.tr\/index.php\/wp-json\/wp\/v2\/product_tag?post=769751"}],"curies":[{"name":"wp","href":"https:\/\/api.w.org\/{rel}","templated":true}]}}