{"id":769747,"date":"2025-08-28T14:05:30","date_gmt":"2025-08-28T11:05:30","guid":{"rendered":"https:\/\/roveyayinevi.com.tr\/index.php\/urun\/dikkat-ve-odaklanma-cikartmali-kisisel-gelisim-etkinlikleri\/"},"modified":"2026-04-15T03:35:50","modified_gmt":"2026-04-15T00:35:50","slug":"dikkat-ve-odaklanma-cikartmali-kisisel-gelisim-etkinlikleri","status":"publish","type":"product","link":"https:\/\/roveyayinevi.com.tr\/index.php\/urun\/dikkat-ve-odaklanma-cikartmali-kisisel-gelisim-etkinlikleri\/","title":{"rendered":"Dikkat ve Odaklanma \u2013 \u00c7\u0131kartmal\u0131 Ki\u015fisel Geli\u015fim Etkinlikleri"},"content":{"rendered":"<p>Uzman pedagoglar taraf\u0131ndan haz\u0131rlanm\u0131\u015f birbirinden yarat\u0131c\u0131 ve e\u011flenceli 50 etkinlikten olu\u015fan bu kitap, okul \u00f6ncesi ya\u015f grubundaki \u00e7ocuklar\u0131n dikkat ve odaklanma becerilerini geli\u015ftirirken ebeveynlere de rehberlik ediyor. \u00c7ocu\u011funuzla birlkte bu kitaptaki etkinlikleri yaparken hem keyifli vakit ge\u00e7irecek hem de en de\u011ferlinizin geli\u015fimini daha yak\u0131ndan g\u00f6zlemleyebileceksiniz. <\/p>\n","protected":false},"excerpt":{"rendered":"<p>Uzman pedagoglar taraf\u0131ndan haz\u0131rlanm\u0131\u015f birbirinden yarat\u0131c\u0131 ve e\u011flenceli 50 etkinlikten olu\u015fan bu kitap, okul \u00f6ncesi ya\u015f grubundaki \u00e7ocuklar\u0131n dikkat ve odaklanma becerilerini geli\u015ftirirken ebeveynlere de rehberlik<span class=\"excerpt-hellip\"> [\u2026]<\/span><\/p>\n","protected":false},"featured_media":0,"template":"","meta":{"_monsterinsights_skip_tracking":false,"_monsterinsights_sitenote_active":false,"_monsterinsights_sitenote_note":"","_monsterinsights_sitenote_category":0},"product_brand":[],"product_cat":[12554,12274],"product_tag":[],"class_list":{"0":"post-769747","1":"product","2":"type-product","3":"status-publish","5":"product_cat-cikartmali-kitaplar","6":"product_cat-cocuk-ve-genclik-kitaplari","7":"pa_cilt-ciltsiz","8":"pa_tur-kitap","9":"pa_yayinevi-1001-cicek-kitaplar","10":"pa_yazar-florence-milliot","12":"first","13":"instock","14":"sale","15":"shipping-taxable","16":"purchasable","17":"product-type-simple"},"_links":{"self":[{"href":"https:\/\/roveyayinevi.com.tr\/index.php\/wp-json\/wp\/v2\/product\/769747","targetHints":{"allow":["GET"]}}],"collection":[{"href":"https:\/\/roveyayinevi.com.tr\/index.php\/wp-json\/wp\/v2\/product"}],"about":[{"href":"https:\/\/roveyayinevi.com.tr\/index.php\/wp-json\/wp\/v2\/types\/product"}],"wp:attachment":[{"href":"https:\/\/roveyayinevi.com.tr\/index.php\/wp-json\/wp\/v2\/media?parent=769747"}],"wp:term":[{"taxonomy":"product_brand","embeddable":true,"href":"https:\/\/roveyayinevi.com.tr\/index.php\/wp-json\/wp\/v2\/product_brand?post=769747"},{"taxonomy":"product_cat","embeddable":true,"href":"https:\/\/roveyayinevi.com.tr\/index.php\/wp-json\/wp\/v2\/product_cat?post=769747"},{"taxonomy":"product_tag","embeddable":true,"href":"https:\/\/roveyayinevi.com.tr\/index.php\/wp-json\/wp\/v2\/product_tag?post=769747"}],"curies":[{"name":"wp","href":"https:\/\/api.w.org\/{rel}","templated":true}]}}