{"id":769744,"date":"2025-08-28T14:05:23","date_gmt":"2025-08-28T11:05:23","guid":{"rendered":"https:\/\/roveyayinevi.com.tr\/index.php\/urun\/gantz-18\/"},"modified":"2026-04-15T03:35:50","modified_gmt":"2026-04-15T00:35:50","slug":"gantz-18","status":"publish","type":"product","link":"https:\/\/roveyayinevi.com.tr\/index.php\/urun\/gantz-18\/","title":{"rendered":"Gantz 18"},"content":{"rendered":"<p>B\u00fcy\u00fck \u00f6l\u00e7ekli \u00f6rg\u00fctsel g\u00fcce ve geni\u015f yetenek yelpazesine sahip uzayl\u0131lara kar\u015f\u0131 verilen m\u00fccadele yo\u011funla\u015fmaya devam ediyor. Grup y\u00f6netici seviyesindeki uzayl\u0131lar\u0131 yendikten sonra, patron sonunda sessizli\u011fini bozuyor ve \u015fehre iniyor! \u00dcyeler ve siviller aras\u0131nda ayr\u0131m yapmadan t\u00fcm insanl\u0131\u011f\u0131 katletme arzusunda olan tarihi bu en y\u0131k\u0131c\u0131 g\u00fcc\u00fcne kar\u015f\u0131 koyman\u0131n bir yolu var m\u0131? Tak\u0131m\u0131n g\u00f6r\u00fc\u015f\u00fcn\u00fcn kamuoyuna yans\u0131mas\u0131 ve zamanlay\u0131c\u0131n\u0131n kayolmas\u0131yla sahne yeni bir evreye do\u011fru ilerlemeye ba\u015fl\u0131yor!   Hikaye ak\u0131\u015f\u0131 ve ana kahramanlar\u0131n\u0131n ya\u015fad\u0131klar\u0131yla di\u011fer t\u00fcm mangalardan ayr\u0131lan yeti\u015fkin mangas\u0131 Gantz, y\u00fcksek temposuyla \u015fa\u015f\u0131rtmaya devam ediyor. <\/p>\n","protected":false},"excerpt":{"rendered":"<p>B\u00fcy\u00fck \u00f6l\u00e7ekli \u00f6rg\u00fctsel g\u00fcce ve geni\u015f yetenek yelpazesine sahip uzayl\u0131lara kar\u015f\u0131 verilen m\u00fccadele yo\u011funla\u015fmaya devam ediyor. Grup y\u00f6netici seviyesindeki uzayl\u0131lar\u0131 yendikten sonra, patron sonunda sessizli\u011fini bozuyor<span class=\"excerpt-hellip\"> [\u2026]<\/span><\/p>\n","protected":false},"featured_media":0,"template":"","meta":{"_monsterinsights_skip_tracking":false,"_monsterinsights_sitenote_active":false,"_monsterinsights_sitenote_note":"","_monsterinsights_sitenote_category":0},"product_brand":[],"product_cat":[12416,12291],"product_tag":[],"class_list":{"0":"post-769744","1":"product","2":"type-product","3":"status-publish","5":"product_cat-cizgi-roman","6":"product_cat-edebiyat","7":"pa_cilt-ciltsiz","8":"pa_tur-kitap","9":"pa_yayinevi-kurukafa","10":"pa_yazar-hiroya-oku","12":"first","13":"instock","14":"sale","15":"shipping-taxable","16":"purchasable","17":"product-type-simple"},"_links":{"self":[{"href":"https:\/\/roveyayinevi.com.tr\/index.php\/wp-json\/wp\/v2\/product\/769744","targetHints":{"allow":["GET"]}}],"collection":[{"href":"https:\/\/roveyayinevi.com.tr\/index.php\/wp-json\/wp\/v2\/product"}],"about":[{"href":"https:\/\/roveyayinevi.com.tr\/index.php\/wp-json\/wp\/v2\/types\/product"}],"wp:attachment":[{"href":"https:\/\/roveyayinevi.com.tr\/index.php\/wp-json\/wp\/v2\/media?parent=769744"}],"wp:term":[{"taxonomy":"product_brand","embeddable":true,"href":"https:\/\/roveyayinevi.com.tr\/index.php\/wp-json\/wp\/v2\/product_brand?post=769744"},{"taxonomy":"product_cat","embeddable":true,"href":"https:\/\/roveyayinevi.com.tr\/index.php\/wp-json\/wp\/v2\/product_cat?post=769744"},{"taxonomy":"product_tag","embeddable":true,"href":"https:\/\/roveyayinevi.com.tr\/index.php\/wp-json\/wp\/v2\/product_tag?post=769744"}],"curies":[{"name":"wp","href":"https:\/\/api.w.org\/{rel}","templated":true}]}}