{"id":769742,"date":"2025-08-28T14:05:19","date_gmt":"2025-08-28T11:05:19","guid":{"rendered":"https:\/\/roveyayinevi.com.tr\/index.php\/urun\/guzel-kokulu-cicekler-zarafetle-acar-4\/"},"modified":"2026-04-12T03:26:54","modified_gmt":"2026-04-12T00:26:54","slug":"guzel-kokulu-cicekler-zarafetle-acar-4","status":"publish","type":"product","link":"https:\/\/roveyayinevi.com.tr\/index.php\/urun\/guzel-kokulu-cicekler-zarafetle-acar-4\/","title":{"rendered":"G\u00fczel Kokulu \u00c7i\u00e7ekler Zarafetle A\u00e7ar 4"},"content":{"rendered":"<p>\u201cBu, birbirine \u00e7ok yak\u0131n ama bir o kadar da uzak iki insan\u0131 hikayesidir.\u201d   Rintaro, Kaoruko ile vakit ge\u00e7irmekten ho\u015flansa da iki kom\u015fu oul aras\u0131ndaki b\u00fcy\u00fck u\u00e7urum onu rahats\u0131z etmektedir. Ancak sonunda Kaoruko ve Subaru\u2019yu \u00c7idori\u2019deki arkada\u015flar\u0131yla tan\u0131\u015ft\u0131r\u0131r.   O g\u00fcnden sonra aralar\u0131nda iyi ili\u015fkiler kurulduk\u00e7a, Rintaro da \u00e7evresindeki insanlara kendini a\u00e7mak konusuda rahatlamaya ba\u015flar. Evinde bulu\u015ftuklar\u0131 g\u00fcn, Rintaro\u2019nun ge\u00e7misinden bahsetmesi, annnesini duyguland\u0131r\u0131rken, arkada\u015flar\u0131ya aras\u0131ndaki ba\u011f\u0131 da da g\u00fc\u00e7lendirecektir. Gen\u00e7lik r\u00fczg\u00e2rlar\u0131 yaz\u0131n da son s\u00fcrat esmeye devam ediyor. <\/p>\n","protected":false},"excerpt":{"rendered":"<p>\u201cBu, birbirine \u00e7ok yak\u0131n ama bir o kadar da uzak iki insan\u0131 hikayesidir.\u201d Rintaro, Kaoruko ile vakit ge\u00e7irmekten ho\u015flansa da iki kom\u015fu oul aras\u0131ndaki b\u00fcy\u00fck u\u00e7urum<span class=\"excerpt-hellip\"> [\u2026]<\/span><\/p>\n","protected":false},"featured_media":0,"template":"","meta":{"_monsterinsights_skip_tracking":false,"_monsterinsights_sitenote_active":false,"_monsterinsights_sitenote_note":"","_monsterinsights_sitenote_category":0},"product_brand":[],"product_cat":[12416,12291],"product_tag":[],"class_list":{"0":"post-769742","1":"product","2":"type-product","3":"status-publish","5":"product_cat-cizgi-roman","6":"product_cat-edebiyat","7":"pa_cilt-ciltsiz","8":"pa_tur-kitap","9":"pa_yayinevi-akil-celen-kitaplar","10":"pa_yazar-saka-mikami","12":"first","13":"instock","14":"sale","15":"shipping-taxable","16":"purchasable","17":"product-type-simple"},"_links":{"self":[{"href":"https:\/\/roveyayinevi.com.tr\/index.php\/wp-json\/wp\/v2\/product\/769742","targetHints":{"allow":["GET"]}}],"collection":[{"href":"https:\/\/roveyayinevi.com.tr\/index.php\/wp-json\/wp\/v2\/product"}],"about":[{"href":"https:\/\/roveyayinevi.com.tr\/index.php\/wp-json\/wp\/v2\/types\/product"}],"wp:attachment":[{"href":"https:\/\/roveyayinevi.com.tr\/index.php\/wp-json\/wp\/v2\/media?parent=769742"}],"wp:term":[{"taxonomy":"product_brand","embeddable":true,"href":"https:\/\/roveyayinevi.com.tr\/index.php\/wp-json\/wp\/v2\/product_brand?post=769742"},{"taxonomy":"product_cat","embeddable":true,"href":"https:\/\/roveyayinevi.com.tr\/index.php\/wp-json\/wp\/v2\/product_cat?post=769742"},{"taxonomy":"product_tag","embeddable":true,"href":"https:\/\/roveyayinevi.com.tr\/index.php\/wp-json\/wp\/v2\/product_tag?post=769742"}],"curies":[{"name":"wp","href":"https:\/\/api.w.org\/{rel}","templated":true}]}}