{"id":769739,"date":"2025-08-28T14:05:12","date_gmt":"2025-08-28T11:05:12","guid":{"rendered":"https:\/\/roveyayinevi.com.tr\/index.php\/urun\/kiraz-agacinin-ardindan-ciltli-somizli\/"},"modified":"2026-04-15T03:35:49","modified_gmt":"2026-04-15T00:35:49","slug":"kiraz-agacinin-ardindan-ciltli-somizli","status":"publish","type":"product","link":"https:\/\/roveyayinevi.com.tr\/index.php\/urun\/kiraz-agacinin-ardindan-ciltli-somizli\/","title":{"rendered":"Kiraz A\u011fac\u0131n\u0131n Ard\u0131ndan (Ciltli \u015e\u00f6mizli)"},"content":{"rendered":"<p>Mafalda\u2019n\u0131n karanl\u0131kla tan\u0131\u015fmas\u0131n\u0131n \u00fczerinden alt\u0131 y\u0131l ge\u00e7ti. Karanl\u0131\u011fa al\u0131\u015fsa da Mafalda\u2019n\u0131n h\u00e2l\u00e2 yapmak istedi\u011fi \u00e7ok \u015fey var: kitab\u0131n\u0131 bitirmek, sahilde tek ba\u015f\u0131na bir g\u00fcn ge\u00e7irmek ve en \u00f6nemlisi bir en iyi arkada\u015f edinmek.Mafalda, okuluna yeni gelen k\u0131z ile tan\u0131\u015f\u0131nca yeni en iyi arkada\u015f\u0131n\u0131 buldu\u011funu d\u00fc\u015f\u00fcn\u00fcyor. Moony tam da onun anla\u015fabilece\u011fi t\u00fcrde biri: kitaplara bay\u0131l\u0131yor, ilgin\u00e7 k\u0131yafetler giyiyor ve haks\u0131zl\u0131\u011fa kar\u015f\u0131 sesini y\u00fckseltmekten \u00e7ekinmiyor. Ancak onun da hayat\u0131nda her \u015fey yolunda gitmiyor. Mafalda\u2019n\u0131n bunu anlamas\u0131 i\u00e7in \u00f6ncelikle ger\u00e7ekten ba\u011f kurmalar\u0131 gerek. Bir yandan bunu yapmaya u\u011fra\u015f\u0131rken di\u011fer yandan da Filippo\u2019nun k\u0131skan\u00e7l\u0131\u011f\u0131yla ba\u015f etmek zorunda.\u00c7ok sevilen Kiraz A\u011fac\u0131 serisinin \u00fc\u00e7\u00fcnc\u00fc kitab\u0131nda kar\u015f\u0131m\u0131za yeni maceralara at\u0131lmaktan korkmayan bir Mafalda \u00e7\u0131k\u0131yor. Bu yolculukta ona e\u015flik etmek isteyenler bu roman\u0131 mutlaka okumal\u0131.<\/p>\n","protected":false},"excerpt":{"rendered":"<p>Mafalda\u2019n\u0131n karanl\u0131kla tan\u0131\u015fmas\u0131n\u0131n \u00fczerinden alt\u0131 y\u0131l ge\u00e7ti. Karanl\u0131\u011fa al\u0131\u015fsa da Mafalda\u2019n\u0131n h\u00e2l\u00e2 yapmak istedi\u011fi \u00e7ok \u015fey var: kitab\u0131n\u0131 bitirmek, sahilde tek ba\u015f\u0131na bir g\u00fcn ge\u00e7irmek ve<span class=\"excerpt-hellip\"> [\u2026]<\/span><\/p>\n","protected":false},"featured_media":0,"template":"","meta":{"_monsterinsights_skip_tracking":false,"_monsterinsights_sitenote_active":false,"_monsterinsights_sitenote_note":"","_monsterinsights_sitenote_category":0},"product_brand":[],"product_cat":[12291,12711],"product_tag":[],"class_list":{"0":"post-769739","1":"product","2":"type-product","3":"status-publish","5":"product_cat-edebiyat","6":"product_cat-roman-oyku","7":"pa_cilt-ciltli","8":"pa_tur-kitap","9":"pa_yayinevi-genc-timas","10":"pa_yazar-paola-peretti","12":"first","13":"instock","14":"sale","15":"shipping-taxable","16":"purchasable","17":"product-type-simple"},"_links":{"self":[{"href":"https:\/\/roveyayinevi.com.tr\/index.php\/wp-json\/wp\/v2\/product\/769739","targetHints":{"allow":["GET"]}}],"collection":[{"href":"https:\/\/roveyayinevi.com.tr\/index.php\/wp-json\/wp\/v2\/product"}],"about":[{"href":"https:\/\/roveyayinevi.com.tr\/index.php\/wp-json\/wp\/v2\/types\/product"}],"wp:attachment":[{"href":"https:\/\/roveyayinevi.com.tr\/index.php\/wp-json\/wp\/v2\/media?parent=769739"}],"wp:term":[{"taxonomy":"product_brand","embeddable":true,"href":"https:\/\/roveyayinevi.com.tr\/index.php\/wp-json\/wp\/v2\/product_brand?post=769739"},{"taxonomy":"product_cat","embeddable":true,"href":"https:\/\/roveyayinevi.com.tr\/index.php\/wp-json\/wp\/v2\/product_cat?post=769739"},{"taxonomy":"product_tag","embeddable":true,"href":"https:\/\/roveyayinevi.com.tr\/index.php\/wp-json\/wp\/v2\/product_tag?post=769739"}],"curies":[{"name":"wp","href":"https:\/\/api.w.org\/{rel}","templated":true}]}}