{"id":769735,"date":"2025-08-28T14:05:02","date_gmt":"2025-08-28T11:05:02","guid":{"rendered":"https:\/\/roveyayinevi.com.tr\/index.php\/urun\/emily-wildein-oteki-diyarlar-haritasi\/"},"modified":"2026-04-15T03:35:49","modified_gmt":"2026-04-15T00:35:49","slug":"emily-wildein-oteki-diyarlar-haritasi","status":"publish","type":"product","link":"https:\/\/roveyayinevi.com.tr\/index.php\/urun\/emily-wildein-oteki-diyarlar-haritasi\/","title":{"rendered":"Emily Wilde\u2019\u0131n \u00d6teki Diyarlar Haritas\u0131"},"content":{"rendered":"<p>Emily Wilde, hayat\u0131n\u0131 perilerin s\u0131rlar\u0131n\u0131 \u00e7\u00f6zmeye adam\u0131\u015f bir bilim insan\u0131d\u0131r. Ancak onun bu tutkulu ara\u015ft\u0131rmalar\u0131, s\u00fcrg\u00fcndeki peri kral\u0131 Wendell Bambleby ile karma\u015f\u0131k ili\u015fkisi nedeniyle beklenmedik bir hal al\u0131r. Wendell\u2019\u0131n evlilik teklifine cevap veremeyen Emily, bilimsel \u00e7al\u0131\u015fmalar\u0131 ve duygusal karma\u015falar\u0131 aras\u0131nda s\u0131k\u0131\u015fm\u0131\u015ft\u0131r.Wendell\u2019\u0131n, \u00fcvey annesinin entrikalar\u0131 sonucu \u00f6l\u00fcmc\u00fcl bir \u015fekilde zehirlenmesi, Emily\u2019yi zor bir karar\u0131n e\u015fi\u011fine getirir. Hem Wendell\u2019\u0131 kurtarmak hem de ara\u015ft\u0131rmalar\u0131na devam etmek isteyen gen\u00e7 kad\u0131n, peri halk\u0131n\u0131n izlerini s\u00fcrmek i\u00e7in tehlikeli bir yolculu\u011fa \u00e7\u0131kar. Bu yolculuk, Wendell\u2019\u0131n yan\u0131 s\u0131ra ye\u011feni Ariadne ve gelenek\u00e7i akademisyen Rose ile birlikte Avusturya Alpleri\u2019nin b\u00fcy\u00fcl\u00fc vadilerinden ge\u00e7ecektir.Her ad\u0131mda Wendell\u2019\u0131n ailesinin karanl\u0131k planlar\u0131yla y\u00fczle\u015fmek zorunda kalan Emily, bir yandan da kendi kalbinin derinliklerindeki sorulara cevap arar. Duygusal karma\u015falar, peri diyarlar\u0131n\u0131n tehlikeleri kadar zorlu olsa da Emily, cesareti ve kararl\u0131l\u0131\u011f\u0131yla hem kendini hem de sevdiklerini korumak i\u00e7in s\u0131n\u0131rlar\u0131n\u0131 zorlayacakt\u0131r.Emily Wilde\u2019\u0131n Periler Ansiklopedisi ile ba\u015flayan bu epik macera, heyecan verici devam kitab\u0131yla okurlar\u0131 bir kez daha b\u00fcy\u00fclemeye haz\u0131rlan\u0131yor.<\/p>\n","protected":false},"excerpt":{"rendered":"<p>Emily Wilde, hayat\u0131n\u0131 perilerin s\u0131rlar\u0131n\u0131 \u00e7\u00f6zmeye adam\u0131\u015f bir bilim insan\u0131d\u0131r. Ancak onun bu tutkulu ara\u015ft\u0131rmalar\u0131, s\u00fcrg\u00fcndeki peri kral\u0131 Wendell Bambleby ile karma\u015f\u0131k ili\u015fkisi nedeniyle beklenmedik bir<span class=\"excerpt-hellip\"> [\u2026]<\/span><\/p>\n","protected":false},"featured_media":0,"template":"","meta":{"_monsterinsights_skip_tracking":false,"_monsterinsights_sitenote_active":false,"_monsterinsights_sitenote_note":"","_monsterinsights_sitenote_category":0},"product_brand":[],"product_cat":[12291,14777],"product_tag":[],"class_list":{"0":"post-769735","1":"product","2":"type-product","3":"status-publish","5":"product_cat-edebiyat","6":"product_cat-fantastik","7":"pa_cilt-ciltsiz","8":"pa_tur-kitap","9":"pa_yayinevi-nemesis-kitap","10":"pa_yazar-heather-faweett","12":"first","13":"instock","14":"sale","15":"shipping-taxable","16":"purchasable","17":"product-type-simple"},"_links":{"self":[{"href":"https:\/\/roveyayinevi.com.tr\/index.php\/wp-json\/wp\/v2\/product\/769735","targetHints":{"allow":["GET"]}}],"collection":[{"href":"https:\/\/roveyayinevi.com.tr\/index.php\/wp-json\/wp\/v2\/product"}],"about":[{"href":"https:\/\/roveyayinevi.com.tr\/index.php\/wp-json\/wp\/v2\/types\/product"}],"wp:attachment":[{"href":"https:\/\/roveyayinevi.com.tr\/index.php\/wp-json\/wp\/v2\/media?parent=769735"}],"wp:term":[{"taxonomy":"product_brand","embeddable":true,"href":"https:\/\/roveyayinevi.com.tr\/index.php\/wp-json\/wp\/v2\/product_brand?post=769735"},{"taxonomy":"product_cat","embeddable":true,"href":"https:\/\/roveyayinevi.com.tr\/index.php\/wp-json\/wp\/v2\/product_cat?post=769735"},{"taxonomy":"product_tag","embeddable":true,"href":"https:\/\/roveyayinevi.com.tr\/index.php\/wp-json\/wp\/v2\/product_tag?post=769735"}],"curies":[{"name":"wp","href":"https:\/\/api.w.org\/{rel}","templated":true}]}}