{"id":769729,"date":"2025-08-28T14:04:49","date_gmt":"2025-08-28T11:04:49","guid":{"rendered":"https:\/\/roveyayinevi.com.tr\/index.php\/urun\/mutluluk-dusu\/"},"modified":"2026-04-15T03:35:49","modified_gmt":"2026-04-15T00:35:49","slug":"mutluluk-dusu","status":"publish","type":"product","link":"https:\/\/roveyayinevi.com.tr\/index.php\/urun\/mutluluk-dusu\/","title":{"rendered":"Mutluluk D\u00fc\u015f\u00fc"},"content":{"rendered":"<p>Mucize Denizalt\u0131\u2019n\u0131n \u00f6d\u00fcll\u00fc yazar\u0131ndan, s\u00fcr\u00fckleyici ve y\u00fcrek burkan bir aile portresi\u2026 Babalar\u0131 Adam Parson\u2019\u0131n ortadan kaybolmas\u0131, Mia\u2019n\u0131n ailesinin onu umutsuzca aray\u0131\u015flar\u0131 s\u0131ras\u0131nda hem babalar\u0131 hem de kendilerine dair bildikleri her \u015feyi sorgulamalar\u0131na yol a\u00e7ar. Her \u015feyi fazlas\u0131yla analiz etme, biraz da alayc\u0131l\u0131k gibi \u00f6zellikleriyle \u00f6ne \u00e7\u0131kan yirmi bir ya\u015f\u0131ndaki Mia, genelde her \u015feye bir a\u00e7\u0131klama getirebilmektedir. Bu y\u00fczden de babas\u0131 ile erkek karde\u015fi Eugene, evlerine yak\u0131n bir parka yapt\u0131klar\u0131 y\u00fcr\u00fcy\u00fc\u015ften d\u00f6nmediklerinde hi\u00e7 endi\u015felenmez; muhtemelen babas\u0131 telefonunu bir yerde d\u00fc\u015f\u00fcrm\u00fc\u015f veya markete u\u011fram\u0131\u015flard\u0131r. Fakat Mia\u2019n\u0131n karde\u015fi kanlar i\u00e7inde ve bir ba\u015f\u0131na ko\u015farak eve geldi\u011finde, babalar\u0131n\u0131n ortadan kayboldu\u011fu ve neler olup bitti\u011fine \u015fahit olan tek ki\u015finin de hem otizm hem de Angelman sendromlu olup konu\u015famayan Eugene oldu\u011fu anla\u015f\u0131l\u0131r. \u015eok edici s\u00fcrprizler ve giderek artan sorularla \u00f6r\u00fcl\u00fc bu gizem dolu aile hik\u00e2yesinde, sevgiden felsefeye, ki\u015fisel s\u0131rlardan dil problemlerine, insani ba\u011flardan \u0131rksal \u00f6nyarg\u0131lara kadar pek \u00e7ok unsurla dolu, zengin bir olay \u00f6rg\u00fcs\u00fc dikkat \u00e7ekiyor. \u201cBeyinlerimiz \u00e7\u00f6z\u00fcme ve cevaba ula\u015fmaya programl\u0131. Gizem ne kadar b\u00fcy\u00fck ve geni\u015f \u00e7apl\u0131 olursa, \u00e7\u00f6z\u00fcld\u00fc\u011f\u00fcnde duyulan tatmin de o kadar derin olur. Bulmacay\u0131 \u00e7\u00f6zme s\u00fcrecini h\u0131zland\u0131rmak, onu farkl\u0131 t\u00fcrde bir hik\u00e2yeye d\u00f6n\u00fc\u015ft\u00fcrmek i\u00e7in insanlar haberleri takip ediyor, aramalara kat\u0131l\u0131yorlard\u0131 i\u015fte. Benim korkum da buydu: Babam\u0131n hik\u00e2yesi bir kay\u0131p ki\u015fi hik\u00e2yesiydi ve \u00f6yle kalacakt\u0131. Baz\u0131lar\u0131 i\u00e7in kurguda e\u011flenceli ama ger\u00e7ek hayatta korkun\u00e7 olan bir ba\u015fka \u015fey.\u201d<\/p>\n","protected":false},"excerpt":{"rendered":"<p>Mucize Denizalt\u0131\u2019n\u0131n \u00f6d\u00fcll\u00fc yazar\u0131ndan, s\u00fcr\u00fckleyici ve y\u00fcrek burkan bir aile portresi\u2026 Babalar\u0131 Adam Parson\u2019\u0131n ortadan kaybolmas\u0131, Mia\u2019n\u0131n ailesinin onu umutsuzca aray\u0131\u015flar\u0131 s\u0131ras\u0131nda hem babalar\u0131 hem de<span class=\"excerpt-hellip\"> [\u2026]<\/span><\/p>\n","protected":false},"featured_media":0,"template":"","meta":{"_monsterinsights_skip_tracking":false,"_monsterinsights_sitenote_active":false,"_monsterinsights_sitenote_note":"","_monsterinsights_sitenote_category":0},"product_brand":[],"product_cat":[12291,12711],"product_tag":[],"class_list":{"0":"post-769729","1":"product","2":"type-product","3":"status-publish","5":"product_cat-edebiyat","6":"product_cat-roman-oyku","7":"pa_cilt-ciltsiz","8":"pa_tur-kitap","9":"pa_yayinevi-epsilon-yayinlari","10":"pa_yazar-angie-kim","12":"first","13":"instock","14":"sale","15":"shipping-taxable","16":"purchasable","17":"product-type-simple"},"_links":{"self":[{"href":"https:\/\/roveyayinevi.com.tr\/index.php\/wp-json\/wp\/v2\/product\/769729","targetHints":{"allow":["GET"]}}],"collection":[{"href":"https:\/\/roveyayinevi.com.tr\/index.php\/wp-json\/wp\/v2\/product"}],"about":[{"href":"https:\/\/roveyayinevi.com.tr\/index.php\/wp-json\/wp\/v2\/types\/product"}],"wp:attachment":[{"href":"https:\/\/roveyayinevi.com.tr\/index.php\/wp-json\/wp\/v2\/media?parent=769729"}],"wp:term":[{"taxonomy":"product_brand","embeddable":true,"href":"https:\/\/roveyayinevi.com.tr\/index.php\/wp-json\/wp\/v2\/product_brand?post=769729"},{"taxonomy":"product_cat","embeddable":true,"href":"https:\/\/roveyayinevi.com.tr\/index.php\/wp-json\/wp\/v2\/product_cat?post=769729"},{"taxonomy":"product_tag","embeddable":true,"href":"https:\/\/roveyayinevi.com.tr\/index.php\/wp-json\/wp\/v2\/product_tag?post=769729"}],"curies":[{"name":"wp","href":"https:\/\/api.w.org\/{rel}","templated":true}]}}