{"id":769726,"date":"2025-08-28T14:04:43","date_gmt":"2025-08-28T11:04:43","guid":{"rendered":"https:\/\/roveyayinevi.com.tr\/index.php\/urun\/ailede-sinav-koclugu\/"},"modified":"2026-04-15T03:35:49","modified_gmt":"2026-04-15T00:35:49","slug":"ailede-sinav-koclugu","status":"publish","type":"product","link":"https:\/\/roveyayinevi.com.tr\/index.php\/urun\/ailede-sinav-koclugu\/","title":{"rendered":"Ailede S\u0131nav Ko\u00e7lu\u011fu"},"content":{"rendered":"<p>S\u0131navlarda en b\u00fcy\u00fck destek; umudunu, g\u00fcvenini ve sevgisini g\u00f6sterebilen ebeveynlerdir. S\u0131nav bekleyi\u015fini bayrama \u00e7evirmek t\u00fcm ailenin g\u00f6revi olmal\u0131. O bayram; mutlu ve huzurlu bir aile ortam\u0131nda ya\u015fan\u0131r. S\u0131nava haz\u0131rlanan bir \u00e7ocu\u011fun, gencin ebeveyni al\u0131\u015f\u0131lm\u0131\u015f dil kal\u0131plar\u0131yla onu \u00e7al\u0131\u015fmaya zorlamamal\u0131. Ba\u015fkalar\u0131yla k\u0131yaslamak do\u011fru bir yakla\u015f\u0131m de\u011fildir. Onun i\u00e7inde iki rakip var; d\u00fcnk\u00fc bilgisiyle bug\u00fcnk\u00fc bilgisi.G\u00fcn\u00fc g\u00fcn\u00fcne \u00e7al\u0131\u015f demeyin. G\u00fcn\u00fc g\u00fcn\u00fcne \u00e7al\u0131\u015fman\u0131n ne oldu\u011funu kavramal\u0131. Bu kitapta \u00f6\u011frenece\u011finiz \u00e7al\u0131\u015fma yolunu anlat\u0131n. Denemesini isteyin. Uygulamas\u0131n\u0131 sa\u011flay\u0131n. Beraberce yola \u00e7\u0131kt\u0131\u011f\u0131n\u0131z\u0131 s\u00f6ylemeyin ama hissettirin. Onu heyecanland\u0131rmay\u0131n. Yeteri kadar kalbinin \u00e7arpt\u0131\u011f\u0131n\u0131, bunun ona yetece\u011fini sizler kabul edin.Dinlenmesine f\u0131rsat verin. S\u0131nav geriliminden uzak durmas\u0131 i\u00e7in ho\u015fland\u0131\u011f\u0131 ne ise ondan esirgemeyin. Zaman ay\u0131rmas\u0131n\u0131 sa\u011flay\u0131n.O sizin evlad\u0131n\u0131z. Onu zorlamay\u0131n, arkas\u0131ndan itmeyin, \u00f6n\u00fcnde de olmay\u0131n. Yan\u0131nda oldu\u011funuzu hissettirin. Ona ko\u00e7luk yap\u0131n. Ba\u015far\u0131 bir sistemle gelir.<\/p>\n","protected":false},"excerpt":{"rendered":"<p>S\u0131navlarda en b\u00fcy\u00fck destek; umudunu, g\u00fcvenini ve sevgisini g\u00f6sterebilen ebeveynlerdir. S\u0131nav bekleyi\u015fini bayrama \u00e7evirmek t\u00fcm ailenin g\u00f6revi olmal\u0131. O bayram; mutlu ve huzurlu bir aile ortam\u0131nda<span class=\"excerpt-hellip\"> [\u2026]<\/span><\/p>\n","protected":false},"featured_media":0,"template":"","meta":{"_monsterinsights_skip_tracking":false,"_monsterinsights_sitenote_active":false,"_monsterinsights_sitenote_note":"","_monsterinsights_sitenote_category":0},"product_brand":[],"product_cat":[12364,12376],"product_tag":[],"class_list":{"0":"post-769726","1":"product","2":"type-product","3":"status-publish","5":"product_cat-genel-konular","6":"product_cat-kisisel-gelisim","7":"pa_cilt-ciltsiz","8":"pa_tur-kitap","9":"pa_yayinevi-pozitif-yayinlari","10":"pa_yazar-filiz-tosyali","12":"first","13":"instock","14":"sale","15":"shipping-taxable","16":"purchasable","17":"product-type-simple"},"_links":{"self":[{"href":"https:\/\/roveyayinevi.com.tr\/index.php\/wp-json\/wp\/v2\/product\/769726","targetHints":{"allow":["GET"]}}],"collection":[{"href":"https:\/\/roveyayinevi.com.tr\/index.php\/wp-json\/wp\/v2\/product"}],"about":[{"href":"https:\/\/roveyayinevi.com.tr\/index.php\/wp-json\/wp\/v2\/types\/product"}],"wp:attachment":[{"href":"https:\/\/roveyayinevi.com.tr\/index.php\/wp-json\/wp\/v2\/media?parent=769726"}],"wp:term":[{"taxonomy":"product_brand","embeddable":true,"href":"https:\/\/roveyayinevi.com.tr\/index.php\/wp-json\/wp\/v2\/product_brand?post=769726"},{"taxonomy":"product_cat","embeddable":true,"href":"https:\/\/roveyayinevi.com.tr\/index.php\/wp-json\/wp\/v2\/product_cat?post=769726"},{"taxonomy":"product_tag","embeddable":true,"href":"https:\/\/roveyayinevi.com.tr\/index.php\/wp-json\/wp\/v2\/product_tag?post=769726"}],"curies":[{"name":"wp","href":"https:\/\/api.w.org\/{rel}","templated":true}]}}