{"id":769723,"date":"2025-08-28T14:04:38","date_gmt":"2025-08-28T11:04:38","guid":{"rendered":"https:\/\/roveyayinevi.com.tr\/index.php\/urun\/bu-devrimden-bir-teslim-tore-gecti\/"},"modified":"2026-04-15T03:35:49","modified_gmt":"2026-04-15T00:35:49","slug":"bu-devrimden-bir-teslim-tore-gecti","status":"publish","type":"product","link":"https:\/\/roveyayinevi.com.tr\/index.php\/urun\/bu-devrimden-bir-teslim-tore-gecti\/","title":{"rendered":"Bu Devrimden Bir Teslim T\u00f6re Ge\u00e7ti"},"content":{"rendered":"<p>Bu kitap, Teslim T\u00f6re\u2019nin THKO (M\u00fccadele Birli\u011fi) \u2013 T\u00fcrkiye Kom\u00fcnist Emek Partisi s\u00fcrecinde birlikte oldu\u011fu baz\u0131 yolda\u015flar\u0131n\u0131n, \u00fclke i\u00e7inden ve d\u0131\u015f\u0131ndan sosyalist-devrimci hareketlerden ve \u00e7evrelerden yolu bir bi\u00e7imde onunla kesi\u015fen bir\u00e7ok insan\u0131n T\u00f6re hakk\u0131nda anlatt\u0131klar\u0131ndan ve kendisinin kaleme ald\u0131\u011f\u0131 kimi yaz\u0131lardan olu\u015fuyor. T\u0130P\u2019in b\u00f6lgedeki \u00f6rg\u00fctlenmesinde etkin sorumluluklar \u00fcstlenen k\u00f6yl\u00fc \u00f6nderi Teslim T\u00f6re\u2026 THKO\u2019nun olu\u015fumunda etkin bir kadro olarak Sinan Cemgil, H\u00fcseyin \u0130nan, Yusuf Aslan, Deniz Gezmi\u015flerin yolda\u015f\u0131 Teslim T\u00f6re\u2026 12 Mart fa\u015fizmine kar\u015f\u0131 direnen THKO\u2019nun k\u0131r gerillas\u0131 Teslim T\u00f6re\u2026 Nurhak darbesi, Denizlerin idam\u0131, K\u0131z\u0131ldere katliam\u0131 sonras\u0131nda \u00f6rg\u00fctsel \u00e7al\u0131\u015fmalar\u0131 yeniden ba\u015flatan ve Filistin hareketiyle ili\u015fkiler geli\u015ftiren Teslim T\u00f6re\u2026 1975 sonlar\u0131na do\u011fru ortaya \u00e7\u0131kan ayr\u0131\u015fmayla, birlikte davrand\u0131\u011f\u0131 THKO\u2019lular ve yeni \u00f6rg\u00fctledi\u011fi kadrolarla THKO-M\u00fccadele Birli\u011fi\u2019ni olu\u015fturma deneyimi ve T\u00fcrkiye Kom\u00fcnist Emek Partisi\u2019nin kurulu\u015f s\u00fcrecinde Teslim T\u00f6re\u2026 T\u00fcrkiye sosyalist hareketinin birli\u011fi \u00e7abas\u0131nda BSP\u2019nin ve akabinde \u00d6DP\u2019nin kurucular\u0131 aras\u0131nda yer alan Teslim T\u00f6re\u2026 Kitap, devrimci hareketin bir d\u00f6neminin ikonik ki\u015filerinden olan Teslim T\u00f6re\u2019nin 1960\u2019lardan 2019\u2019a uzanan m\u00fccadelesinden kesitler sunuyor. <\/p>\n","protected":false},"excerpt":{"rendered":"<p>Bu kitap, Teslim T\u00f6re\u2019nin THKO (M\u00fccadele Birli\u011fi) \u2013 T\u00fcrkiye Kom\u00fcnist Emek Partisi s\u00fcrecinde birlikte oldu\u011fu baz\u0131 yolda\u015flar\u0131n\u0131n, \u00fclke i\u00e7inden ve d\u0131\u015f\u0131ndan sosyalist-devrimci hareketlerden ve \u00e7evrelerden yolu<span class=\"excerpt-hellip\"> [\u2026]<\/span><\/p>\n","protected":false},"featured_media":0,"template":"","meta":{"_monsterinsights_skip_tracking":false,"_monsterinsights_sitenote_active":false,"_monsterinsights_sitenote_note":"","_monsterinsights_sitenote_category":0},"product_brand":[],"product_cat":[12337,16547],"product_tag":[],"class_list":{"0":"post-769723","1":"product","2":"type-product","3":"status-publish","5":"product_cat-politika-siyaset","6":"product_cat-sol-hareketler","7":"pa_cilt-ciltsiz","8":"pa_tur-kitap","9":"pa_yayinevi-dipnot-yayinlari","10":"pa_yazar-kolektif","12":"first","13":"instock","14":"sale","15":"shipping-taxable","16":"purchasable","17":"product-type-simple"},"_links":{"self":[{"href":"https:\/\/roveyayinevi.com.tr\/index.php\/wp-json\/wp\/v2\/product\/769723","targetHints":{"allow":["GET"]}}],"collection":[{"href":"https:\/\/roveyayinevi.com.tr\/index.php\/wp-json\/wp\/v2\/product"}],"about":[{"href":"https:\/\/roveyayinevi.com.tr\/index.php\/wp-json\/wp\/v2\/types\/product"}],"wp:attachment":[{"href":"https:\/\/roveyayinevi.com.tr\/index.php\/wp-json\/wp\/v2\/media?parent=769723"}],"wp:term":[{"taxonomy":"product_brand","embeddable":true,"href":"https:\/\/roveyayinevi.com.tr\/index.php\/wp-json\/wp\/v2\/product_brand?post=769723"},{"taxonomy":"product_cat","embeddable":true,"href":"https:\/\/roveyayinevi.com.tr\/index.php\/wp-json\/wp\/v2\/product_cat?post=769723"},{"taxonomy":"product_tag","embeddable":true,"href":"https:\/\/roveyayinevi.com.tr\/index.php\/wp-json\/wp\/v2\/product_tag?post=769723"}],"curies":[{"name":"wp","href":"https:\/\/api.w.org\/{rel}","templated":true}]}}