{"id":769721,"date":"2025-08-28T14:04:33","date_gmt":"2025-08-28T11:04:33","guid":{"rendered":"https:\/\/roveyayinevi.com.tr\/index.php\/urun\/duyulmayani-dinlemek\/"},"modified":"2026-04-15T03:35:49","modified_gmt":"2026-04-15T00:35:49","slug":"duyulmayani-dinlemek","status":"publish","type":"product","link":"https:\/\/roveyayinevi.com.tr\/index.php\/urun\/duyulmayani-dinlemek\/","title":{"rendered":"Duyulmayan\u0131 Dinlemek"},"content":{"rendered":"<p>Farkl\u0131 d\u00fcnyalar\u0131n kesi\u015fti\u011fi bir arkada\u015fl\u0131k hikayesi  Duyulmayan\u0131 Dinlemek, i\u00e7ine kapan\u0131k bir gen\u00e7 k\u0131z ile ne\u015feli ve konu\u015fkan bir \u00e7ocu\u011fun yollar\u0131n\u0131n kesi\u015fmesiyle filizlenen s\u0131ms\u0131cak bir dostluk hikayesi\u2026 Yeni okul y\u0131l\u0131n\u0131n ilk g\u00fcn\u00fc, Asya okul servisinde  sessiz bir yolculuk yapmay\u0131 planlarken, Ali onun hayat\u0131na ne\u015fe ve karma\u015fa katmaya geliyor. Ali\u2019nin gizemli bir dile\u011fini ger\u00e7ekle\u015ftirmek i\u00e7in Asya\u2019dan yard\u0131m istemesi, Asya\u2019n\u0131n kendi duygular\u0131yla y\u00fczle\u015fmesine ve i\u00e7 d\u00fcnyas\u0131n\u0131 ke\u015ffetmesine neden oluyor.  Ger\u00e7ek bir hik\u00e2yeden ilham alan Duyulmayan\u0131 Dinlemek, her ya\u015ftan okura hitap eden, k\u0131sa ama etkileyici bir \u00e7izgi roman. Hem \u00e7ocuklar\u0131n hem de yeti\u015fkinlerin keyifle okuyabilece\u011fi bu hik\u00e2ye, farkl\u0131l\u0131klar\u0131m\u0131z\u0131n bizi nas\u0131l birle\u015ftirdi\u011fini g\u00f6zler \u00f6n\u00fcne seriyor. Asya ve Ali\u2019nin dokunakl\u0131 hik\u00e2yesi t\u00fcm okuyucular\u0131, empati, dostluk ve \u00f6nyarg\u0131lar\u0131 a\u015fmak \u00fczerine d\u00fc\u015f\u00fcnmeye ve insan ili\u015fkilerinin karma\u015f\u0131k ama bir o kadar da g\u00fczel d\u00fcnyas\u0131n\u0131 yeniden ke\u015ffetmeye davet ediyor. Asya ve Ali\u2019nin \u00e7izgi roman\u0131n k\u00fc\u00e7\u00fck kutucuklar\u0131n\u0131n i\u00e7ine yerle\u015ftirilmi\u015f b\u00fcy\u00fck d\u00fcnyas\u0131, okuyuculara hayat\u0131n en derin duygular\u0131n\u0131 en sade anlarla nas\u0131l yakalayabilece\u011fimizi g\u00f6steriyor ve hayal g\u00fcc\u00fcn\u00fcn s\u0131n\u0131rs\u0131z, dostlu\u011fun ise evrensel oldu\u011funu hat\u0131rlat\u0131yor.   <\/p>\n","protected":false},"excerpt":{"rendered":"<p>Farkl\u0131 d\u00fcnyalar\u0131n kesi\u015fti\u011fi bir arkada\u015fl\u0131k hikayesi Duyulmayan\u0131 Dinlemek, i\u00e7ine kapan\u0131k bir gen\u00e7 k\u0131z ile ne\u015feli ve konu\u015fkan bir \u00e7ocu\u011fun yollar\u0131n\u0131n kesi\u015fmesiyle filizlenen s\u0131ms\u0131cak bir dostluk hikayesi\u2026<span class=\"excerpt-hellip\"> [\u2026]<\/span><\/p>\n","protected":false},"featured_media":0,"template":"","meta":{"_monsterinsights_skip_tracking":false,"_monsterinsights_sitenote_active":false,"_monsterinsights_sitenote_note":"","_monsterinsights_sitenote_category":0},"product_brand":[],"product_cat":[12416,12291],"product_tag":[],"class_list":{"0":"post-769721","1":"product","2":"type-product","3":"status-publish","5":"product_cat-cizgi-roman","6":"product_cat-edebiyat","7":"pa_cilt-ciltsiz","8":"pa_tur-kitap","9":"pa_yayinevi-okuyan-us-yayin","10":"pa_yazar-kathleen-raymundo","12":"first","13":"instock","14":"sale","15":"shipping-taxable","16":"purchasable","17":"product-type-simple"},"_links":{"self":[{"href":"https:\/\/roveyayinevi.com.tr\/index.php\/wp-json\/wp\/v2\/product\/769721","targetHints":{"allow":["GET"]}}],"collection":[{"href":"https:\/\/roveyayinevi.com.tr\/index.php\/wp-json\/wp\/v2\/product"}],"about":[{"href":"https:\/\/roveyayinevi.com.tr\/index.php\/wp-json\/wp\/v2\/types\/product"}],"wp:attachment":[{"href":"https:\/\/roveyayinevi.com.tr\/index.php\/wp-json\/wp\/v2\/media?parent=769721"}],"wp:term":[{"taxonomy":"product_brand","embeddable":true,"href":"https:\/\/roveyayinevi.com.tr\/index.php\/wp-json\/wp\/v2\/product_brand?post=769721"},{"taxonomy":"product_cat","embeddable":true,"href":"https:\/\/roveyayinevi.com.tr\/index.php\/wp-json\/wp\/v2\/product_cat?post=769721"},{"taxonomy":"product_tag","embeddable":true,"href":"https:\/\/roveyayinevi.com.tr\/index.php\/wp-json\/wp\/v2\/product_tag?post=769721"}],"curies":[{"name":"wp","href":"https:\/\/api.w.org\/{rel}","templated":true}]}}