{"id":769718,"date":"2025-08-28T14:04:27","date_gmt":"2025-08-28T11:04:27","guid":{"rendered":"https:\/\/roveyayinevi.com.tr\/index.php\/urun\/deli-ve-ofkeli-sehrimizde\/"},"modified":"2026-04-08T03:31:49","modified_gmt":"2026-04-08T00:31:49","slug":"deli-ve-ofkeli-sehrimizde","status":"publish","type":"product","link":"https:\/\/roveyayinevi.com.tr\/index.php\/urun\/deli-ve-ofkeli-sehrimizde\/","title":{"rendered":"Deli ve \u00d6fkeli \u015eehrimizde"},"content":{"rendered":"<p>Londra\u2019n\u0131n varo\u015flar\u0131nda \u00fc\u00e7 gen\u00e7 adam\u0131n ayakta kalma m\u00fccadelesi, ge\u00e7mi\u015fin hayaletleriyle ve bug\u00fcn\u00fcn yak\u0131c\u0131 ger\u00e7ekleriyle i\u00e7 i\u00e7e ge\u00e7iyor. 2018 y\u0131l\u0131nda Man Booker uzun listeye kalan ve 2019 y\u0131l\u0131nda Dylan Thomas \u00d6d\u00fcl\u00fc\u2019n\u00fc kazanan Deli ve \u00d6fkeli \u015eehrimizde, metropollerin kenar mahallelerinde b\u00fcy\u00fcyenlerin sesini y\u00fckselten, sars\u0131c\u0131, keskin ve nefes kesici bir anlat\u0131. Sokaklar kayn\u0131yor. \u00d6fke ve korku, dalga dalga yay\u0131lan isyanlarla birlikte her kap\u0131y\u0131 \u00e7al\u0131yor. Bu kas\u0131rgan\u0131n tam ortas\u0131nda ise \u00fc\u00e7 gen\u00e7 adam var: Selvon, Ardan ve Yusuf. Biri sokaklar\u0131n atletik hayalperesti, di\u011feri m\u00fczi\u011fin i\u00e7inde kendine bir d\u00fcnya kurmaya \u00e7al\u0131\u015fan bir \u015fair, \u00f6teki ise \u00e7ocukluk ile yeti\u015fkinlik aras\u0131ndaki ince \u00e7izgide y\u00fcr\u00fcyen, k\u00f6klerine sad\u0131k kalmaya \u00e7al\u0131\u015f\u0131rken sokaklar\u0131n sesine kulak vermekten de kendini alamayan bir gen\u00e7\u2026 Onlar i\u00e7in bu \u015fehir harita \u00fczerindeki bir noktadan ibaret de\u011fil, onlar\u0131 \u015fekillendiren, ezmeye ve savurmaya haz\u0131r devasa bir g\u00fc\u00e7. Bu hik\u00e2yede yaln\u0131zca gen\u00e7lerin sesi yok. Caroline ve Nelson gibi eski ku\u015faklara mensup insanlar da kendi travmalar\u0131n\u0131, yaslar\u0131n\u0131 ve umutlar\u0131n\u0131 s\u0131rtlar\u0131nda ta\u015f\u0131yor. Fakat \u015fehir, kimseye uzun uzun ge\u00e7mi\u015fi d\u00fc\u015f\u00fcnme f\u0131rsat\u0131 tan\u0131m\u0131yor. G\u00fcn\u00fcn getirdi\u011fi \u00f6fke ve umutsuzluk, hem gen\u00e7lerin hem de ya\u015fl\u0131lar\u0131n omuzlar\u0131na \u00e7\u00f6k\u00fcyor. Deli ve \u00d6fkeli \u015eehrimizde, Guy Gunaratne\u2019nin g\u00f6z kama\u015ft\u0131ran dili ve ritmik anlat\u0131m\u0131yla, g\u00fcn\u00fcm\u00fcz Britanyas\u0131\u2019n\u0131n \u00e7ok katmanl\u0131 kimliklerini, \u0131rksal gerilimlerini ve kaynayan \u00f6fkesini derinlemesine i\u015fliyor. Bu kitap, yaln\u0131zca Londra\u2019n\u0131n varo\u015flar\u0131nda b\u00fcy\u00fcyenlerin de\u011fil, modern d\u00fcnyan\u0131n her k\u00f6\u015fesinde, kendine bir yer a\u00e7maya \u00e7al\u0131\u015fan herkesin hik\u00e2yesi. Ger\u00e7ek\u00e7i, sars\u0131c\u0131 ve bir solukta okunan bu roman, yaln\u0131zca sokaklar\u0131n \u00f6fkesini de\u011fil, insan\u0131n i\u00e7indeki hayatta kalma direncini de anlat\u0131yor. \u015eimdi, bu \u015fehirde kimin sesi duyulacak? Kim unutulacak? Ve en \u00f6nemlisi: Bu deli ve \u00f6fkeli \u015fehrin i\u00e7inde, insan olmak ne anlama geliyor? <\/p>\n","protected":false},"excerpt":{"rendered":"<p>Londra\u2019n\u0131n varo\u015flar\u0131nda \u00fc\u00e7 gen\u00e7 adam\u0131n ayakta kalma m\u00fccadelesi, ge\u00e7mi\u015fin hayaletleriyle ve bug\u00fcn\u00fcn yak\u0131c\u0131 ger\u00e7ekleriyle i\u00e7 i\u00e7e ge\u00e7iyor. 2018 y\u0131l\u0131nda Man Booker uzun listeye kalan ve 2019<span class=\"excerpt-hellip\"> [\u2026]<\/span><\/p>\n","protected":false},"featured_media":0,"template":"","meta":{"_monsterinsights_skip_tracking":false,"_monsterinsights_sitenote_active":false,"_monsterinsights_sitenote_note":"","_monsterinsights_sitenote_category":0},"product_brand":[],"product_cat":[12291,12711],"product_tag":[],"class_list":{"0":"post-769718","1":"product","2":"type-product","3":"status-publish","5":"product_cat-edebiyat","6":"product_cat-roman-oyku","7":"pa_cilt-ciltsiz","8":"pa_tur-kitap","9":"pa_yayinevi-livera-yayinevi","10":"pa_yazar-guy-gunaratne","12":"first","13":"instock","14":"sale","15":"shipping-taxable","16":"purchasable","17":"product-type-simple"},"_links":{"self":[{"href":"https:\/\/roveyayinevi.com.tr\/index.php\/wp-json\/wp\/v2\/product\/769718","targetHints":{"allow":["GET"]}}],"collection":[{"href":"https:\/\/roveyayinevi.com.tr\/index.php\/wp-json\/wp\/v2\/product"}],"about":[{"href":"https:\/\/roveyayinevi.com.tr\/index.php\/wp-json\/wp\/v2\/types\/product"}],"wp:attachment":[{"href":"https:\/\/roveyayinevi.com.tr\/index.php\/wp-json\/wp\/v2\/media?parent=769718"}],"wp:term":[{"taxonomy":"product_brand","embeddable":true,"href":"https:\/\/roveyayinevi.com.tr\/index.php\/wp-json\/wp\/v2\/product_brand?post=769718"},{"taxonomy":"product_cat","embeddable":true,"href":"https:\/\/roveyayinevi.com.tr\/index.php\/wp-json\/wp\/v2\/product_cat?post=769718"},{"taxonomy":"product_tag","embeddable":true,"href":"https:\/\/roveyayinevi.com.tr\/index.php\/wp-json\/wp\/v2\/product_tag?post=769718"}],"curies":[{"name":"wp","href":"https:\/\/api.w.org\/{rel}","templated":true}]}}