{"id":769716,"date":"2025-08-28T14:04:24","date_gmt":"2025-08-28T11:04:24","guid":{"rendered":"https:\/\/roveyayinevi.com.tr\/index.php\/urun\/yapay-zeka-101\/"},"modified":"2026-04-15T03:35:49","modified_gmt":"2026-04-15T00:35:49","slug":"yapay-zeka-101","status":"publish","type":"product","link":"https:\/\/roveyayinevi.com.tr\/index.php\/urun\/yapay-zeka-101\/","title":{"rendered":"Yapay Zeka 101"},"content":{"rendered":"<p>TEK DERSTE YAPAY ZEK\u00c2! Yapay zek\u00e2 yaln\u0131zca bir teknoloji de\u011fil, insanl\u0131\u011f\u0131n gelece\u011fini \u015fekillendiren bir devrim olarak kar\u015f\u0131m\u0131zda. Ak\u0131ll\u0131 makineler, bilin\u00e7 kazanan algoritmalar ve insan-makine birle\u015fimleri\u2026 Peki, ger\u00e7ekten bizi nas\u0131l bir d\u00fcnya bekliyor? Yapay Zek\u00e2 101, Turing Testinden yapay sinir a\u011flar\u0131na, siborglardan transh\u00fcmanizme, yapay zek\u00e2n\u0131n ge\u00e7mi\u015fini, bug\u00fcn\u00fcn\u00fc ve olas\u0131 yar\u0131nlar\u0131n\u0131 derinlemesine ele al\u0131yor. Ak\u0131ll\u0131 sistemlerin g\u00fcnl\u00fck hayat\u0131m\u0131z\u0131 nas\u0131l d\u00f6n\u00fc\u015ft\u00fcrd\u00fc\u011f\u00fcn\u00fc, etik tart\u0131\u015fmalar\u0131n merkezine nas\u0131l yerle\u015fti\u011fini ve insan zek\u00e2s\u0131n\u0131n s\u0131n\u0131rlar\u0131n\u0131 nas\u0131l zorlad\u0131\u011f\u0131n\u0131 ke\u015ffetmeye haz\u0131r olun! Bu kitap, yaln\u0131zca teknoloji merakl\u0131lar\u0131 i\u00e7in de\u011fil, yapay zek\u00e2n\u0131n toplum, sanat, ekonomi ve felsefe \u00fczerindeki etkilerini anlamak isteyen herkes i\u00e7in bir rehber. Anla\u015f\u0131l\u0131r dili ve kapsaml\u0131 yakla\u015f\u0131m\u0131yla Yapay Zek\u00e2 101, dijital \u00e7a\u011f\u0131n en b\u00fcy\u00fck bilmecesini \u00e7\u00f6zmeniz i\u00e7in sizi bir d\u00fc\u015f\u00fcnce yolculu\u011funa davet ediyor. <\/p>\n","protected":false},"excerpt":{"rendered":"<p>TEK DERSTE YAPAY ZEK\u00c2! Yapay zek\u00e2 yaln\u0131zca bir teknoloji de\u011fil, insanl\u0131\u011f\u0131n gelece\u011fini \u015fekillendiren bir devrim olarak kar\u015f\u0131m\u0131zda. Ak\u0131ll\u0131 makineler, bilin\u00e7 kazanan algoritmalar ve insan-makine birle\u015fimleri\u2026 Peki,<span class=\"excerpt-hellip\"> [\u2026]<\/span><\/p>\n","protected":false},"featured_media":0,"template":"","meta":{"_monsterinsights_skip_tracking":false,"_monsterinsights_sitenote_active":false,"_monsterinsights_sitenote_note":"","_monsterinsights_sitenote_category":0},"product_brand":[],"product_cat":[13005],"product_tag":[],"class_list":{"0":"post-769716","1":"product","2":"type-product","3":"status-publish","5":"product_cat-bilim-muhendislik","6":"pa_cilt-ciltsiz","7":"pa_tur-kitap","8":"pa_yayinevi-say-yayinlari","9":"pa_yazar-ozgur-taburoglu","11":"first","12":"instock","13":"sale","14":"shipping-taxable","15":"purchasable","16":"product-type-simple"},"_links":{"self":[{"href":"https:\/\/roveyayinevi.com.tr\/index.php\/wp-json\/wp\/v2\/product\/769716","targetHints":{"allow":["GET"]}}],"collection":[{"href":"https:\/\/roveyayinevi.com.tr\/index.php\/wp-json\/wp\/v2\/product"}],"about":[{"href":"https:\/\/roveyayinevi.com.tr\/index.php\/wp-json\/wp\/v2\/types\/product"}],"wp:attachment":[{"href":"https:\/\/roveyayinevi.com.tr\/index.php\/wp-json\/wp\/v2\/media?parent=769716"}],"wp:term":[{"taxonomy":"product_brand","embeddable":true,"href":"https:\/\/roveyayinevi.com.tr\/index.php\/wp-json\/wp\/v2\/product_brand?post=769716"},{"taxonomy":"product_cat","embeddable":true,"href":"https:\/\/roveyayinevi.com.tr\/index.php\/wp-json\/wp\/v2\/product_cat?post=769716"},{"taxonomy":"product_tag","embeddable":true,"href":"https:\/\/roveyayinevi.com.tr\/index.php\/wp-json\/wp\/v2\/product_tag?post=769716"}],"curies":[{"name":"wp","href":"https:\/\/api.w.org\/{rel}","templated":true}]}}