{"id":769715,"date":"2025-08-28T14:04:22","date_gmt":"2025-08-28T11:04:22","guid":{"rendered":"https:\/\/roveyayinevi.com.tr\/index.php\/urun\/bilincalti-2\/"},"modified":"2026-04-15T03:35:49","modified_gmt":"2026-04-15T00:35:49","slug":"bilincalti-2","status":"publish","type":"product","link":"https:\/\/roveyayinevi.com.tr\/index.php\/urun\/bilincalti-2\/","title":{"rendered":"Bilin\u00e7alt\u0131"},"content":{"rendered":"<p>\u0130nsan ruhunun en ilgin\u00e7 y\u00f6nlerinden biridir bilin\u00e7alt\u0131. Bedenin nerede bitip ruhun nerede ba\u015flad\u0131\u011f\u0131 ve bilincin ne oldu\u011fu en ufak soruya yer b\u0131rakmayacak \u015fekilde a\u00e7\u0131klanamam\u0131\u015fken, \u201cBilin\u00e7alt\u0131 nedir?\u201d sorusuna iyi bir yan\u0131t vermek biraz g\u00fc\u00e7t\u00fcr. Sigmund Freud bilin\u00e7-bilin\u00e7alt\u0131 ili\u015fkisiyle ilgili i\u015fe yarar bir tan\u0131mlama sunar bize. Onun bilin\u00e7alt\u0131 kavray\u0131\u015f\u0131 ve psikanaliz teorisi insan ruhunun derinliklerini ke\u015ffetme ve orada var olan kusurlar\u0131 giderme, yani ki\u015finin ruhunu tedavi etme olana\u011f\u0131 verir. Freud\u2019a g\u00f6re, uygarl\u0131k i\u00e7g\u00fcd\u00fclerin bast\u0131r\u0131lmas\u0131n\u0131 talep eder. \u0130\u015fte bilin\u00e7alt\u0131 bast\u0131r\u0131lan arzular\u0131n, isteklerin, an\u0131lar\u0131n, s\u00f6zc\u00fcklerin g\u00f6nderildi\u011fi yerdir. Freud bu bast\u0131rman\u0131n nas\u0131l ger\u00e7ekle\u015fti\u011fini \u0130d, Ego ve S\u00fcperego ad\u0131n\u0131 verdi\u011fi \u201cruh organlar\u0131\u201dn\u0131n i\u015fleyi\u015fiyle a\u00e7\u0131klar: \u201c\u0130d tamamen ahlak d\u0131\u015f\u0131d\u0131r, ego ahlakl\u0131 olmaya \u00e7al\u0131\u015f\u0131r, s\u00fcperego hiperahlakl\u0131 hale gelebilir ve sonra sadece id kadar ac\u0131mas\u0131z olabilir.\u201d <\/p>\n","protected":false},"excerpt":{"rendered":"<p>\u0130nsan ruhunun en ilgin\u00e7 y\u00f6nlerinden biridir bilin\u00e7alt\u0131. Bedenin nerede bitip ruhun nerede ba\u015flad\u0131\u011f\u0131 ve bilincin ne oldu\u011fu en ufak soruya yer b\u0131rakmayacak \u015fekilde a\u00e7\u0131klanamam\u0131\u015fken, \u201cBilin\u00e7alt\u0131 nedir?\u201d<span class=\"excerpt-hellip\"> [\u2026]<\/span><\/p>\n","protected":false},"featured_media":0,"template":"","meta":{"_monsterinsights_skip_tracking":false,"_monsterinsights_sitenote_active":false,"_monsterinsights_sitenote_note":"","_monsterinsights_sitenote_category":0},"product_brand":[],"product_cat":[12357],"product_tag":[],"class_list":{"0":"post-769715","1":"product","2":"type-product","3":"status-publish","5":"product_cat-psikoloji","6":"pa_cilt-ciltsiz","7":"pa_tur-kitap","8":"pa_yayinevi-say-yayinlari","9":"pa_yazar-sigmund-freud","11":"first","12":"instock","13":"sale","14":"shipping-taxable","15":"purchasable","16":"product-type-simple"},"_links":{"self":[{"href":"https:\/\/roveyayinevi.com.tr\/index.php\/wp-json\/wp\/v2\/product\/769715","targetHints":{"allow":["GET"]}}],"collection":[{"href":"https:\/\/roveyayinevi.com.tr\/index.php\/wp-json\/wp\/v2\/product"}],"about":[{"href":"https:\/\/roveyayinevi.com.tr\/index.php\/wp-json\/wp\/v2\/types\/product"}],"wp:attachment":[{"href":"https:\/\/roveyayinevi.com.tr\/index.php\/wp-json\/wp\/v2\/media?parent=769715"}],"wp:term":[{"taxonomy":"product_brand","embeddable":true,"href":"https:\/\/roveyayinevi.com.tr\/index.php\/wp-json\/wp\/v2\/product_brand?post=769715"},{"taxonomy":"product_cat","embeddable":true,"href":"https:\/\/roveyayinevi.com.tr\/index.php\/wp-json\/wp\/v2\/product_cat?post=769715"},{"taxonomy":"product_tag","embeddable":true,"href":"https:\/\/roveyayinevi.com.tr\/index.php\/wp-json\/wp\/v2\/product_tag?post=769715"}],"curies":[{"name":"wp","href":"https:\/\/api.w.org\/{rel}","templated":true}]}}