{"id":769713,"date":"2025-08-28T14:04:19","date_gmt":"2025-08-28T11:04:19","guid":{"rendered":"https:\/\/roveyayinevi.com.tr\/index.php\/urun\/gomlegini-degistirmek-istemeyen-agustos-bocegi\/"},"modified":"2026-04-15T03:35:49","modified_gmt":"2026-04-15T00:35:49","slug":"gomlegini-degistirmek-istemeyen-agustos-bocegi","status":"publish","type":"product","link":"https:\/\/roveyayinevi.com.tr\/index.php\/urun\/gomlegini-degistirmek-istemeyen-agustos-bocegi\/","title":{"rendered":"G\u00f6mle\u011fini De\u011fi\u015ftirmek \u0130stemeyen A\u011fustos B\u00f6ce\u011fi"},"content":{"rendered":"<p>Sevgili \u00e7ocuklar, bu kitapta e\u011flenceli karakterler, renkli resimler, gizemli ve komik olaylar\u0131n oldu\u011fu bir hik\u00e2ye bulacaks\u0131n\u0131z. Bu kitap sizler i\u00e7in haz\u0131rland\u0131. Kitab\u0131m\u0131z do\u011fadaki minik canl\u0131lardan biri olan a\u011fustos b\u00f6ceklerini yak\u0131ndan tan\u0131man\u0131z\u0131 sa\u011flayacak ama gizemli ve ne\u015feli hik\u00e2yeleri ile Soye ve Tos\u2019u da sizlerle tan\u0131\u015ft\u0131racak.  Kitab\u0131m\u0131za ismini veren a\u011fustos b\u00f6ce\u011fi Soye, de\u011fi\u015fime direniyor ve eski kabu\u011funu b\u0131rakmak istemiyor. Oysa eski kabu\u011fu art\u0131k ona dar geliyor, onu yava\u015flat\u0131yor, hareketini k\u0131s\u0131tl\u0131yor. Tos ise kabu\u011funu de\u011fi\u015ftirdi\u011fi i\u00e7in hem daha rahat hem de daha g\u00fc\u00e7l\u00fc! H\u00fccreleri art\u0131k \u00f6zg\u00fcrce b\u00fcy\u00fcyebiliyor ve bu da onun keyifle hareket etmesini sa\u011fl\u0131yor. \u0130\u015fte bu hik\u00e2yemizde sizlere b\u00fcy\u00fcmek ve geli\u015fmek i\u00e7in de\u011fi\u015fimin gerekti\u011fini fark etmenizi istedik ama bir ba\u015fka amac\u0131m\u0131z da a\u011fustos b\u00f6ceklerinin ya\u015famlar\u0131n\u0131 tan\u0131man\u0131zd\u0131. Bu kitapla Soye ve Tos\u2019un hik\u00e2yesini okurken, yaz gecelerine c\u0131r-c\u0131r-c\u0131r sesleriyle e\u015flik eden minik a\u011fustos b\u00f6ceklerinin d\u00fcnyas\u0131n\u0131 ke\u015ffetmenizi, b\u00f6ylece hem \u00f6\u011frenmenizi hem de e\u011flenmenizi \u00e7ok istedik. Tos ve Soye ile ke\u015ffe \u00e7\u0131kmaya, maceraya ve g\u00fclmeye haz\u0131r olun!&#8230; <\/p>\n","protected":false},"excerpt":{"rendered":"<p>Sevgili \u00e7ocuklar, bu kitapta e\u011flenceli karakterler, renkli resimler, gizemli ve komik olaylar\u0131n oldu\u011fu bir hik\u00e2ye bulacaks\u0131n\u0131z. Bu kitap sizler i\u00e7in haz\u0131rland\u0131. Kitab\u0131m\u0131z do\u011fadaki minik canl\u0131lardan biri<span class=\"excerpt-hellip\"> [\u2026]<\/span><\/p>\n","protected":false},"featured_media":0,"template":"","meta":{"_monsterinsights_skip_tracking":false,"_monsterinsights_sitenote_active":false,"_monsterinsights_sitenote_note":"","_monsterinsights_sitenote_category":0},"product_brand":[],"product_cat":[12274,12284],"product_tag":[],"class_list":{"0":"post-769713","1":"product","2":"type-product","3":"status-publish","5":"product_cat-cocuk-ve-genclik-kitaplari","6":"product_cat-hikayeler","7":"pa_cilt-ciltsiz","8":"pa_tur-kitap","9":"pa_yayinevi-us-yayinlari","10":"pa_yazar-yeliz-korkmaz-sonaray-kose","12":"first","13":"instock","14":"sale","15":"shipping-taxable","16":"purchasable","17":"product-type-simple"},"_links":{"self":[{"href":"https:\/\/roveyayinevi.com.tr\/index.php\/wp-json\/wp\/v2\/product\/769713","targetHints":{"allow":["GET"]}}],"collection":[{"href":"https:\/\/roveyayinevi.com.tr\/index.php\/wp-json\/wp\/v2\/product"}],"about":[{"href":"https:\/\/roveyayinevi.com.tr\/index.php\/wp-json\/wp\/v2\/types\/product"}],"wp:attachment":[{"href":"https:\/\/roveyayinevi.com.tr\/index.php\/wp-json\/wp\/v2\/media?parent=769713"}],"wp:term":[{"taxonomy":"product_brand","embeddable":true,"href":"https:\/\/roveyayinevi.com.tr\/index.php\/wp-json\/wp\/v2\/product_brand?post=769713"},{"taxonomy":"product_cat","embeddable":true,"href":"https:\/\/roveyayinevi.com.tr\/index.php\/wp-json\/wp\/v2\/product_cat?post=769713"},{"taxonomy":"product_tag","embeddable":true,"href":"https:\/\/roveyayinevi.com.tr\/index.php\/wp-json\/wp\/v2\/product_tag?post=769713"}],"curies":[{"name":"wp","href":"https:\/\/api.w.org\/{rel}","templated":true}]}}