{"id":769710,"date":"2025-08-28T14:04:13","date_gmt":"2025-08-28T11:04:13","guid":{"rendered":"https:\/\/roveyayinevi.com.tr\/index.php\/urun\/gezegen\/"},"modified":"2026-04-15T03:35:49","modified_gmt":"2026-04-15T00:35:49","slug":"gezegen","status":"publish","type":"product","link":"https:\/\/roveyayinevi.com.tr\/index.php\/urun\/gezegen\/","title":{"rendered":"Gezegen"},"content":{"rendered":"<p>Kurumsal hayatta \u00fcst d\u00fczey bir y\u00f6netici olarak \u00e7al\u0131\u015f\u0131rken \u201chayallerinin pe\u015finde gitmeye\u201d karar verdi: \u00d6nce da\u011fc\u0131, sonra gezgin olarak 52 \u00fclke ve 200\u2019\u00fcn \u00fczerinde \u015fehre seyahat etti; yaban hayat\u0131n, do\u011fan\u0131n ve ilkel kabilelerin izini s\u00fcrd\u00fc. At binicili\u011fine merak salarak devam etti\u011fi seyahatlerinde Sait Eru\u00e7ar, bu kez kendi ser\u00fcveninden \u00e7\u0131k\u0131p gezegenin sesi oluyor.  \u201c\u0130lk kitap benim kendi yolculu\u011fum, hayallerim ve ser\u00fcvenimdi. O nedenle ad\u0131n\u0131 Seru\u0308ven \u2013 Hayallerin Pes\u0327inde koymu\u015ftum. \u0130kinci kitab\u0131 yazmaya ba\u015flad\u0131\u011f\u0131mda ise bu kitab\u0131n ad\u0131 ne olmal\u0131 diye d\u00fc\u015f\u00fcnd\u00fcm. Sonra ya\u015fad\u0131klar\u0131m akl\u0131ma geldi: gezegenin muhte\u015fem do\u011fas\u0131, inan\u0131lmaz canl\u0131 \u00e7e\u015fitlili\u011fi, farkl\u0131 renkler, farkl\u0131 k\u00fclt\u00fcrler, farkl\u0131 diller&#8230; Say\u0131s\u0131z t\u00fcr\u00fc g\u00f6rd\u00fcm, k\u00fcresel \u0131s\u0131nman\u0131n izlerine \u015fahit oldum, milyon y\u0131ll\u0131k buzullar\u0131n \u00fczerinde y\u00fcr\u00fcd\u00fcm, dev ormanlara dald\u0131m, kadim uygarl\u0131klar\u0131n izinden gittim. Ve anlad\u0131m ki, ben kendi ser\u00fcvenimi ya\u015f\u0131yorum san\u0131rken asl\u0131nda bu gezegenin ser\u00fcvenine tan\u0131k oluyormu\u015fum. Bu nedenle ikinci kitab\u0131m\u0131n ad\u0131n\u0131 Gezegen koymaya karar verdim.\u201d  <\/p>\n","protected":false},"excerpt":{"rendered":"<p>Kurumsal hayatta \u00fcst d\u00fczey bir y\u00f6netici olarak \u00e7al\u0131\u015f\u0131rken \u201chayallerinin pe\u015finde gitmeye\u201d karar verdi: \u00d6nce da\u011fc\u0131, sonra gezgin olarak 52 \u00fclke ve 200\u2019\u00fcn \u00fczerinde \u015fehre seyahat etti;<span class=\"excerpt-hellip\"> [\u2026]<\/span><\/p>\n","protected":false},"featured_media":0,"template":"","meta":{"_monsterinsights_skip_tracking":false,"_monsterinsights_sitenote_active":false,"_monsterinsights_sitenote_note":"","_monsterinsights_sitenote_category":0},"product_brand":[],"product_cat":[13054],"product_tag":[],"class_list":{"0":"post-769710","1":"product","2":"type-product","3":"status-publish","5":"product_cat-gezi-ve-rehber-kitaplari","6":"pa_cilt-ciltsiz","7":"pa_tur-kitap","8":"pa_yayinevi-dogan-solibri-yayinlari","9":"pa_yazar-sait-erucar","11":"first","12":"instock","13":"sale","14":"shipping-taxable","15":"purchasable","16":"product-type-simple"},"_links":{"self":[{"href":"https:\/\/roveyayinevi.com.tr\/index.php\/wp-json\/wp\/v2\/product\/769710","targetHints":{"allow":["GET"]}}],"collection":[{"href":"https:\/\/roveyayinevi.com.tr\/index.php\/wp-json\/wp\/v2\/product"}],"about":[{"href":"https:\/\/roveyayinevi.com.tr\/index.php\/wp-json\/wp\/v2\/types\/product"}],"wp:attachment":[{"href":"https:\/\/roveyayinevi.com.tr\/index.php\/wp-json\/wp\/v2\/media?parent=769710"}],"wp:term":[{"taxonomy":"product_brand","embeddable":true,"href":"https:\/\/roveyayinevi.com.tr\/index.php\/wp-json\/wp\/v2\/product_brand?post=769710"},{"taxonomy":"product_cat","embeddable":true,"href":"https:\/\/roveyayinevi.com.tr\/index.php\/wp-json\/wp\/v2\/product_cat?post=769710"},{"taxonomy":"product_tag","embeddable":true,"href":"https:\/\/roveyayinevi.com.tr\/index.php\/wp-json\/wp\/v2\/product_tag?post=769710"}],"curies":[{"name":"wp","href":"https:\/\/api.w.org\/{rel}","templated":true}]}}