{"id":769709,"date":"2025-08-28T14:04:12","date_gmt":"2025-08-28T11:04:12","guid":{"rendered":"https:\/\/roveyayinevi.com.tr\/index.php\/urun\/hapishaneden-mektuplar\/"},"modified":"2026-04-15T03:35:49","modified_gmt":"2026-04-15T00:35:49","slug":"hapishaneden-mektuplar","status":"publish","type":"product","link":"https:\/\/roveyayinevi.com.tr\/index.php\/urun\/hapishaneden-mektuplar\/","title":{"rendered":"Hapishaneden Mektuplar"},"content":{"rendered":"<p>\u201cHer \u015fey yitirildi\u011finde ya da yitirilmi\u015f gibi oldu\u011funda bile, i\u015fe yeniden ba\u015ftan ba\u015flayarak, s\u00fck\u00fbnetle yeniden \u00e7al\u0131\u015fmaya koyulmak gerekti\u011fine inand\u0131m. Her zaman, yaln\u0131zca kendine ve kendi g\u00fcc\u00fcne g\u00fcvenmek gerekti\u011fine inand\u0131m\u2026 Benim moralim \u00e7ok y\u00fcksek; isteyen benim bir \u015feytan, isteyen de bir ermi\u015f oldu\u011fuma inans\u0131n. Ne kurban\u0131 ne de kahraman\u0131 oynamak istiyorum. S\u0131radan, yal\u0131n bir adam olmaya inan\u0131yorum; derin inan\u00e7lar\u0131 olan ve d\u00fcnyada hi\u00e7bir \u015fey i\u00e7in t\u00fck\u00fcrd\u00fc\u011f\u00fcn\u00fc yalamayan bir adam olmaya inan\u0131yorum.\u201d 59. mektup, Carlo Gramsci\u2019ye, 12 Eyl\u00fcl 1927. Antonio Gramsci 20. y\u00fczy\u0131l\u0131n en \u00f6zg\u00fcn Marksist d\u00fc\u015f\u00fcn\u00fcrlerinden biriydi. 1926\u2019da fa\u015fist \u0130talyan rejimi taraf\u0131ndan tutuklan\u0131p hapsedildi ve on y\u0131l\u0131 a\u015fk\u0131n s\u00fcre cezaevinde kald\u0131. Tutuklanmak onun i\u00e7in beklenmedik bir olay de\u011fildi ama b\u00fcy\u00fck \u00e7o\u011funlu\u011fu h\u00fccrede, tek ba\u015f\u0131na ge\u00e7en y\u0131llar ya\u015fama direncinin her y\u00f6nden s\u0131nand\u0131\u011f\u0131 bir d\u00f6nem oldu. Zorlu ko\u015fullara ra\u011fmen m\u00fccadele azminden ve entelekt\u00fcel \u00fcretimden vazge\u00e7meyen Gramsci\u2019nin d\u0131\u015far\u0131yla aras\u0131ndaki tek ba\u011f haftada bir ya da iki kez yazmas\u0131na izin verilen mektuplard\u0131. \u00d6l\u00fcm\u00fcnden y\u0131llar sonra bir araya getirilen Hapishaneden Mektuplar, 1926-1937 y\u0131llar\u0131 aras\u0131nda Gramsci\u2019nin kaleme ald\u0131\u011f\u0131, bilinen 489 mektubun tamam\u0131n\u0131 i\u00e7eriyor. Bir entelekt\u00fcelin d\u00fc\u015f\u00fcnce d\u00fcnyas\u0131n\u0131, insani y\u00f6nlerini en a\u00e7\u0131k bi\u00e7imde sergileyen mektuplar\u0131n her sat\u0131r\u0131nda k\u00fc\u00e7\u00fck sevin\u00e7ler ve kederler kadar derin ahl\u00e2ki ve entelekt\u00fcel yarg\u0131lar da yer al\u0131yor. Cemal Erez ve Meral Erez\u2019in titiz \u00e7al\u0131\u015fmalar\u0131yla, tamam\u0131 ilk kez T\u00fcrk\u00e7e yay\u0131mlanan Hapishaneden Mektuplar, Antonio Gramsci\u2019nin d\u00fc\u015f\u00fcnsel miras\u0131n\u0131n \u00f6nemli bir par\u00e7as\u0131\u2026<\/p>\n","protected":false},"excerpt":{"rendered":"<p>\u201cHer \u015fey yitirildi\u011finde ya da yitirilmi\u015f gibi oldu\u011funda bile, i\u015fe yeniden ba\u015ftan ba\u015flayarak, s\u00fck\u00fbnetle yeniden \u00e7al\u0131\u015fmaya koyulmak gerekti\u011fine inand\u0131m. Her zaman, yaln\u0131zca kendine ve kendi g\u00fcc\u00fcne<span class=\"excerpt-hellip\"> [\u2026]<\/span><\/p>\n","protected":false},"featured_media":0,"template":"","meta":{"_monsterinsights_skip_tracking":false,"_monsterinsights_sitenote_active":false,"_monsterinsights_sitenote_note":"","_monsterinsights_sitenote_category":0},"product_brand":[],"product_cat":[12337],"product_tag":[],"class_list":{"0":"post-769709","1":"product","2":"type-product","3":"status-publish","5":"product_cat-politika-siyaset","6":"pa_cilt-ciltsiz","7":"pa_tur-kitap","8":"pa_yayinevi-iletisim-yayinlari","9":"pa_yazar-antonio-gramsci","11":"first","12":"instock","13":"sale","14":"shipping-taxable","15":"purchasable","16":"product-type-simple"},"_links":{"self":[{"href":"https:\/\/roveyayinevi.com.tr\/index.php\/wp-json\/wp\/v2\/product\/769709","targetHints":{"allow":["GET"]}}],"collection":[{"href":"https:\/\/roveyayinevi.com.tr\/index.php\/wp-json\/wp\/v2\/product"}],"about":[{"href":"https:\/\/roveyayinevi.com.tr\/index.php\/wp-json\/wp\/v2\/types\/product"}],"wp:attachment":[{"href":"https:\/\/roveyayinevi.com.tr\/index.php\/wp-json\/wp\/v2\/media?parent=769709"}],"wp:term":[{"taxonomy":"product_brand","embeddable":true,"href":"https:\/\/roveyayinevi.com.tr\/index.php\/wp-json\/wp\/v2\/product_brand?post=769709"},{"taxonomy":"product_cat","embeddable":true,"href":"https:\/\/roveyayinevi.com.tr\/index.php\/wp-json\/wp\/v2\/product_cat?post=769709"},{"taxonomy":"product_tag","embeddable":true,"href":"https:\/\/roveyayinevi.com.tr\/index.php\/wp-json\/wp\/v2\/product_tag?post=769709"}],"curies":[{"name":"wp","href":"https:\/\/api.w.org\/{rel}","templated":true}]}}