{"id":769708,"date":"2025-08-28T14:04:10","date_gmt":"2025-08-28T11:04:10","guid":{"rendered":"https:\/\/roveyayinevi.com.tr\/index.php\/urun\/cok-seker-armud\/"},"modified":"2026-04-15T03:35:49","modified_gmt":"2026-04-15T00:35:49","slug":"cok-seker-armud","status":"publish","type":"product","link":"https:\/\/roveyayinevi.com.tr\/index.php\/urun\/cok-seker-armud\/","title":{"rendered":"\u00c7ok \u015eeker Armud"},"content":{"rendered":"<p>\u201cM\u00fcstakil ve anlams\u0131z duvar\u0131n \u00f6n\u00fcne birikmi\u015f kalabal\u0131\u011f\u0131n i\u00e7indeki komiser, yan\u0131ndaki memurlara \u2018Da\u011f\u0131t\u0131n \u015fu kalabal\u0131\u011f\u0131,\u2019 dedi, bir kan havuzunun i\u00e7inde yatan cesedin \u00e7evresinde \u00fc\u00e7-d\u00f6rt defa a\u011f\u0131r a\u011f\u0131r y\u00fcr\u00fcd\u00fc, sonra e\u011filip ceplerini arad\u0131; ne kimlik, ne para vard\u0131; hi\u00e7bir \u015fey bulamay\u0131nca kalkt\u0131, g\u00f6zleriyle yerleri tararken duvar\u0131n arka taraf\u0131na ge\u00e7ti.\u201d \u00c7ok \u015eeker Armud, Christie\u2019den ve Simenon\u2019dan ilhamla yaz\u0131lan, ama ya\u015fad\u0131\u011f\u0131m\u0131z memleketin t\u00fcm dertleriyle, ilgin\u00e7likleriyle kar\u0131lan hik\u00e2yelerden m\u00fcte\u015fekkil; bunlar &#8220;cinai hiciv&#8221; denebilecek yeni bir t\u00fcr\u00fcn \u00f6rnekleri. Komiser Muzaffer Ent\u00fcrk ne zaman bir katilin pe\u015fine d\u00fc\u015fse ve soru\u015fturmada duvara toslasa, imdad\u0131na yak\u0131n arkada\u015f\u0131 Aktar Riyaz\u00ee Efendi yeti\u015fiyor. \u0130kisi kafa kafaya veriyor, \u0130stanbul\u2019da i\u015flenen tuhaf cinayetleri aktar d\u00fckk\u00e2n\u0131n\u0131n arka odas\u0131ndaki k\u00fct\u00fcphaneye dalarak \u00e7\u00f6zmeye \u00e7al\u0131\u015f\u0131yor. Karmakar\u0131\u015f\u0131k bir Osmanl\u0131ca labirentinde dolanarak, ebced hesab\u0131 yaparak, ansiklopedi ve s\u00f6zl\u00fck kar\u0131\u015ft\u0131r\u0131larak cinayet mi \u00e7\u00f6z\u00fcl\u00fcr, \u00e7\u00f6z\u00fcl\u00fcyor i\u015fte. Roni Margulies\u2019in, 2023\u2019te hayat\u0131n\u0131 kaybetmesinin ard\u0131ndan bir araya getirilen bu hik\u00e2yeleri, T\u00fcrk\u00e7enin t\u00fcm inceliklerine h\u00e2kim bir edebiyat\u00e7\u0131n\u0131n okurlar\u0131na b\u0131rakt\u0131\u011f\u0131 bir arma\u011fan adeta.<\/p>\n","protected":false},"excerpt":{"rendered":"<p>\u201cM\u00fcstakil ve anlams\u0131z duvar\u0131n \u00f6n\u00fcne birikmi\u015f kalabal\u0131\u011f\u0131n i\u00e7indeki komiser, yan\u0131ndaki memurlara \u2018Da\u011f\u0131t\u0131n \u015fu kalabal\u0131\u011f\u0131,\u2019 dedi, bir kan havuzunun i\u00e7inde yatan cesedin \u00e7evresinde \u00fc\u00e7-d\u00f6rt defa a\u011f\u0131r a\u011f\u0131r<span class=\"excerpt-hellip\"> [\u2026]<\/span><\/p>\n","protected":false},"featured_media":0,"template":"","meta":{"_monsterinsights_skip_tracking":false,"_monsterinsights_sitenote_active":false,"_monsterinsights_sitenote_note":"","_monsterinsights_sitenote_category":0},"product_brand":[],"product_cat":[12291,18202],"product_tag":[],"class_list":{"0":"post-769708","1":"product","2":"type-product","3":"status-publish","5":"product_cat-edebiyat","6":"product_cat-hikaye","7":"pa_cilt-ciltsiz","8":"pa_tur-kitap","9":"pa_yayinevi-iletisim-yayinlari","10":"pa_yazar-roni-margulies","12":"first","13":"instock","14":"sale","15":"shipping-taxable","16":"purchasable","17":"product-type-simple"},"_links":{"self":[{"href":"https:\/\/roveyayinevi.com.tr\/index.php\/wp-json\/wp\/v2\/product\/769708","targetHints":{"allow":["GET"]}}],"collection":[{"href":"https:\/\/roveyayinevi.com.tr\/index.php\/wp-json\/wp\/v2\/product"}],"about":[{"href":"https:\/\/roveyayinevi.com.tr\/index.php\/wp-json\/wp\/v2\/types\/product"}],"wp:attachment":[{"href":"https:\/\/roveyayinevi.com.tr\/index.php\/wp-json\/wp\/v2\/media?parent=769708"}],"wp:term":[{"taxonomy":"product_brand","embeddable":true,"href":"https:\/\/roveyayinevi.com.tr\/index.php\/wp-json\/wp\/v2\/product_brand?post=769708"},{"taxonomy":"product_cat","embeddable":true,"href":"https:\/\/roveyayinevi.com.tr\/index.php\/wp-json\/wp\/v2\/product_cat?post=769708"},{"taxonomy":"product_tag","embeddable":true,"href":"https:\/\/roveyayinevi.com.tr\/index.php\/wp-json\/wp\/v2\/product_tag?post=769708"}],"curies":[{"name":"wp","href":"https:\/\/api.w.org\/{rel}","templated":true}]}}