{"id":769707,"date":"2025-08-28T14:04:07","date_gmt":"2025-08-28T11:04:07","guid":{"rendered":"https:\/\/roveyayinevi.com.tr\/index.php\/urun\/doga-yuruyusleri\/"},"modified":"2026-04-15T03:35:49","modified_gmt":"2026-04-15T00:35:49","slug":"doga-yuruyusleri","status":"publish","type":"product","link":"https:\/\/roveyayinevi.com.tr\/index.php\/urun\/doga-yuruyusleri\/","title":{"rendered":"Do\u011fa Y\u00fcr\u00fcy\u00fc\u015fleri"},"content":{"rendered":"<p>E\u011fer bir g\u00fcn yazmaya karar verir ve yolunuzu ya\u011fmur ormanlar\u0131n\u0131n derinliklerine d\u00fc\u015f\u00fcr\u00fcrseniz, t\u00fcm o belirsizlikler ve \u00e7e\u015fitlilikler cang\u0131l\u0131n\u0131n i\u00e7inde kar\u015f\u0131n\u0131za \u00e7\u0131kacak mantar\u0131 yemekle kurtulaca\u011f\u0131n\u0131z\u0131 sanmaman\u0131z\u0131 isterim. \u00d6l\u00fcm bir canavard\u0131r \u00e7\u00fcnk\u00fc, hik\u00e2yesinin anlat\u0131lmas\u0131n\u0131 isteyen bir canavar.   \u0130ngiliz k\u0131rlar\u0131ndan \u0130stanbul\u2019un Adalar\u0131na, Halikarnas Bal\u0131k\u00e7\u0131s\u0131\u2019n\u0131n Bodrum\u2019undan Tolkien\u2019\u0131n Ortad\u00fcnya\u2019s\u0131na edebi bir yolculu\u011fa \u00e7\u0131k\u0131yoruz Do\u011fa Y\u00fcr\u00fcy\u00fc\u015fleri\u2019nde. Oylum Y\u0131lmaz do\u011fa, kad\u0131n ve yazarl\u0131k \u00fc\u00e7geninde var olman\u0131n dikenli yollar\u0131n\u0131, \u00f6zg\u00fcrl\u00fc\u011fe ancak zorlayarak a\u00e7\u0131lan kap\u0131lar\u0131, romanlar\u0131ndan bildi\u011fimiz o g\u00fc\u00e7l\u00fc \u00fcslubuyla kaleme al\u0131yor.   \u201cBu kitaptaki denemelerde Oylum Y\u0131lmaz binlerce y\u0131ld\u0131r kaskat\u0131 s\u0131n\u0131rlarla belirlenmi\u015f sosyal rollerinden sapma \u00f6neriyor okura. \u0130yi denemelerin her zaman yapt\u0131\u011f\u0131 \u015fekilde, yeni d\u00fc\u015f\u00fcncelere a\u00e7\u0131l\u0131yor. D\u00e2hiyane bir duru\u015fla, sisteme kar\u015f\u0131 koyma plan\u0131 sunuyor bize.\u201d   \u2014 Asuman Kafao\u011flu-B\u00fcke <\/p>\n","protected":false},"excerpt":{"rendered":"<p>E\u011fer bir g\u00fcn yazmaya karar verir ve yolunuzu ya\u011fmur ormanlar\u0131n\u0131n derinliklerine d\u00fc\u015f\u00fcr\u00fcrseniz, t\u00fcm o belirsizlikler ve \u00e7e\u015fitlilikler cang\u0131l\u0131n\u0131n i\u00e7inde kar\u015f\u0131n\u0131za \u00e7\u0131kacak mantar\u0131 yemekle kurtulaca\u011f\u0131n\u0131z\u0131 sanmaman\u0131z\u0131 isterim.<span class=\"excerpt-hellip\"> [\u2026]<\/span><\/p>\n","protected":false},"featured_media":0,"template":"","meta":{"_monsterinsights_skip_tracking":false,"_monsterinsights_sitenote_active":false,"_monsterinsights_sitenote_note":"","_monsterinsights_sitenote_category":0},"product_brand":[],"product_cat":[12777,12291],"product_tag":[],"class_list":{"0":"post-769707","1":"product","2":"type-product","3":"status-publish","5":"product_cat-deneme","6":"product_cat-edebiyat","7":"pa_cilt-ciltsiz","8":"pa_tur-kitap","9":"pa_yayinevi-dogan-kitap","10":"pa_yazar-oylum-yilmaz","12":"first","13":"instock","14":"sale","15":"shipping-taxable","16":"purchasable","17":"product-type-simple"},"_links":{"self":[{"href":"https:\/\/roveyayinevi.com.tr\/index.php\/wp-json\/wp\/v2\/product\/769707","targetHints":{"allow":["GET"]}}],"collection":[{"href":"https:\/\/roveyayinevi.com.tr\/index.php\/wp-json\/wp\/v2\/product"}],"about":[{"href":"https:\/\/roveyayinevi.com.tr\/index.php\/wp-json\/wp\/v2\/types\/product"}],"wp:attachment":[{"href":"https:\/\/roveyayinevi.com.tr\/index.php\/wp-json\/wp\/v2\/media?parent=769707"}],"wp:term":[{"taxonomy":"product_brand","embeddable":true,"href":"https:\/\/roveyayinevi.com.tr\/index.php\/wp-json\/wp\/v2\/product_brand?post=769707"},{"taxonomy":"product_cat","embeddable":true,"href":"https:\/\/roveyayinevi.com.tr\/index.php\/wp-json\/wp\/v2\/product_cat?post=769707"},{"taxonomy":"product_tag","embeddable":true,"href":"https:\/\/roveyayinevi.com.tr\/index.php\/wp-json\/wp\/v2\/product_tag?post=769707"}],"curies":[{"name":"wp","href":"https:\/\/api.w.org\/{rel}","templated":true}]}}