{"id":769705,"date":"2025-08-28T14:04:02","date_gmt":"2025-08-28T11:04:02","guid":{"rendered":"https:\/\/roveyayinevi.com.tr\/index.php\/urun\/hepyek-2\/"},"modified":"2026-04-15T03:35:49","modified_gmt":"2026-04-15T00:35:49","slug":"hepyek-2","status":"publish","type":"product","link":"https:\/\/roveyayinevi.com.tr\/index.php\/urun\/hepyek-2\/","title":{"rendered":"Hepyek"},"content":{"rendered":"<p>\u201cZaman de\u011fil, mesafeydi her \u015feyin ilac\u0131.\u201d   \u0130stanbul\u2019da yaln\u0131z dola\u015fanlar\u0131n, k\u00f6y yerinde tek ba\u015f\u0131na b\u0131rak\u0131lanlar\u0131n, hayallerinden ayr\u0131 d\u00fc\u015fenlerin, r\u00fcyalar\u0131na hasret kalanlar\u0131n \u00f6yk\u00fcleri yer al\u0131yor Hepyek\u2019te.   Ve elektro ba\u011flama \u00e7al\u0131n\u0131rken h\u00fcz\u00fcnlenenlerden, iyi bir kitap okuduktan sonra d\u00fcnyay\u0131 kurtarabilece\u011fine dair bir hisse kap\u0131lanlardan ve dilini bildikleri sokaklara geceleri girmekten korkmayanlar\u0131n \u00f6yk\u00fcleri\u2026   Seray \u015eahiner zamanda ve mek\u00e2nda ustaca gezinerek hayata yenilmemeye ba\u015f koymu\u015f kahramanlar\u0131na ses veriyor. <\/p>\n","protected":false},"excerpt":{"rendered":"<p>\u201cZaman de\u011fil, mesafeydi her \u015feyin ilac\u0131.\u201d \u0130stanbul\u2019da yaln\u0131z dola\u015fanlar\u0131n, k\u00f6y yerinde tek ba\u015f\u0131na b\u0131rak\u0131lanlar\u0131n, hayallerinden ayr\u0131 d\u00fc\u015fenlerin, r\u00fcyalar\u0131na hasret kalanlar\u0131n \u00f6yk\u00fcleri yer al\u0131yor Hepyek\u2019te. Ve elektro<span class=\"excerpt-hellip\"> [\u2026]<\/span><\/p>\n","protected":false},"featured_media":0,"template":"","meta":{"_monsterinsights_skip_tracking":false,"_monsterinsights_sitenote_active":false,"_monsterinsights_sitenote_note":"","_monsterinsights_sitenote_category":0},"product_brand":[],"product_cat":[12291,12711],"product_tag":[],"class_list":{"0":"post-769705","1":"product","2":"type-product","3":"status-publish","5":"product_cat-edebiyat","6":"product_cat-roman-oyku","7":"pa_cilt-ciltsiz","8":"pa_tur-kitap","9":"pa_yayinevi-dogan-kitap","10":"pa_yazar-seray-sahiner","12":"first","13":"instock","14":"sale","15":"shipping-taxable","16":"purchasable","17":"product-type-simple"},"_links":{"self":[{"href":"https:\/\/roveyayinevi.com.tr\/index.php\/wp-json\/wp\/v2\/product\/769705","targetHints":{"allow":["GET"]}}],"collection":[{"href":"https:\/\/roveyayinevi.com.tr\/index.php\/wp-json\/wp\/v2\/product"}],"about":[{"href":"https:\/\/roveyayinevi.com.tr\/index.php\/wp-json\/wp\/v2\/types\/product"}],"wp:attachment":[{"href":"https:\/\/roveyayinevi.com.tr\/index.php\/wp-json\/wp\/v2\/media?parent=769705"}],"wp:term":[{"taxonomy":"product_brand","embeddable":true,"href":"https:\/\/roveyayinevi.com.tr\/index.php\/wp-json\/wp\/v2\/product_brand?post=769705"},{"taxonomy":"product_cat","embeddable":true,"href":"https:\/\/roveyayinevi.com.tr\/index.php\/wp-json\/wp\/v2\/product_cat?post=769705"},{"taxonomy":"product_tag","embeddable":true,"href":"https:\/\/roveyayinevi.com.tr\/index.php\/wp-json\/wp\/v2\/product_tag?post=769705"}],"curies":[{"name":"wp","href":"https:\/\/api.w.org\/{rel}","templated":true}]}}