{"id":769702,"date":"2025-08-28T14:03:55","date_gmt":"2025-08-28T11:03:55","guid":{"rendered":"https:\/\/roveyayinevi.com.tr\/index.php\/urun\/osmanli-dis-borclari-nasil-yapilandirildi\/"},"modified":"2026-04-15T03:35:49","modified_gmt":"2026-04-15T00:35:49","slug":"osmanli-dis-borclari-nasil-yapilandirildi","status":"publish","type":"product","link":"https:\/\/roveyayinevi.com.tr\/index.php\/urun\/osmanli-dis-borclari-nasil-yapilandirildi\/","title":{"rendered":"Osmanl\u0131 D\u0131\u015f Bor\u00e7lar\u0131 Nas\u0131l Yap\u0131land\u0131r\u0131ld\u0131?"},"content":{"rendered":"<p>Uluslararas\u0131 Sermaye ve Bor\u00e7 Y\u00f6netimi \/ Osmanl\u0131 D\u0131\u015f Bor\u00e7lar\u0131 Nas\u0131l Yap\u0131land\u0131r\u0131ld\u0131?, devletlerin iflas sonras\u0131 d\u0131\u015f yap\u0131land\u0131rmalar\u0131n\u0131n bir \u00f6rne\u011fi olan 1903 tarihli Osmanl\u0131 d\u0131\u015f bor\u00e7lar\u0131n\u0131n d\u00f6nu\u0308\u015ftu\u0308ru\u0308lmesi ve birle\u015ftirilmesi operasyonunu odak noktas\u0131na alan bir tarih \u00e7al\u0131\u015fmas\u0131d\u0131r. Osmanl\u0131 d\u0131\u015f bor\u00e7lar\u0131n\u0131n iflas sonras\u0131 yeniden yap\u0131land\u0131rma su\u0308recinin bir a\u015famas\u0131 olan proje, mali y\u00f6nu\u0308nu\u0308n yan\u0131 s\u0131ra siyasi, hukuki ve diplomatik y\u00f6nleriyle de ortaya koymaktad\u0131r. Bu \u00e7al\u0131\u015fma, ekonomi-politik ve uluslararas\u0131 finans tarihinin konular\u0131n\u0131 da i\u00e7ermektedir. \u00d6zellikle John Maynard Keynes ile du\u0308nyada geli\u015fen ve sonras\u0131nda artan politik geli\u015fmelerin ekonomi ve finans sitemlerini do\u011frudan etkiledi\u011fi, d\u0131\u015f etken olarak kabul etti\u011fi bir anlay\u0131\u015fla haz\u0131rlanan eserde; ekonomi-politi\u011fin \u00f6nemli unsurlar\u0131ndan olup devletler ba\u011flam\u0131nda kullan\u0131lan oportu\u0308nistlik ve merkez-\u00e7evre u\u0308lkeler aras\u0131ndaki e\u015fitsizlik, ba\u011f\u0131ml\u0131l\u0131k, ilkinin ikincisine mu\u0308dahale ve bask\u0131 y\u00f6ntemleri teorilerinden faydalan\u0131lmaktad\u0131r. Bunun i\u00e7erisine gu\u0308\u00e7 ili\u015fkileri, gelenekler, kurumsalla\u015fma, ideolojiler ve de\u011fi\u015fen paradigmalar da kat\u0131lacakt\u0131r. Eser bu a\u00e7\u0131dan literatu\u0308rde \u00f6nemli bir bo\u015flu\u011fu giderecek nitelikte.<\/p>\n","protected":false},"excerpt":{"rendered":"<p>Uluslararas\u0131 Sermaye ve Bor\u00e7 Y\u00f6netimi \/ Osmanl\u0131 D\u0131\u015f Bor\u00e7lar\u0131 Nas\u0131l Yap\u0131land\u0131r\u0131ld\u0131?, devletlerin iflas sonras\u0131 d\u0131\u015f yap\u0131land\u0131rmalar\u0131n\u0131n bir \u00f6rne\u011fi olan 1903 tarihli Osmanl\u0131 d\u0131\u015f bor\u00e7lar\u0131n\u0131n d\u00f6nu\u0308\u015ftu\u0308ru\u0308lmesi ve<span class=\"excerpt-hellip\"> [\u2026]<\/span><\/p>\n","protected":false},"featured_media":0,"template":"","meta":{"_monsterinsights_skip_tracking":false,"_monsterinsights_sitenote_active":false,"_monsterinsights_sitenote_note":"","_monsterinsights_sitenote_category":0},"product_brand":[],"product_cat":[13517,12304],"product_tag":[],"class_list":{"0":"post-769702","1":"product","2":"type-product","3":"status-publish","5":"product_cat-osmanli-tarihi","6":"product_cat-tarih","7":"pa_cilt-ciltsiz","8":"pa_tur-kitap","9":"pa_yayinevi-albaraka-yayinlari","10":"pa_yazar-semih-sefer","12":"first","13":"instock","14":"sale","15":"shipping-taxable","16":"purchasable","17":"product-type-simple"},"_links":{"self":[{"href":"https:\/\/roveyayinevi.com.tr\/index.php\/wp-json\/wp\/v2\/product\/769702","targetHints":{"allow":["GET"]}}],"collection":[{"href":"https:\/\/roveyayinevi.com.tr\/index.php\/wp-json\/wp\/v2\/product"}],"about":[{"href":"https:\/\/roveyayinevi.com.tr\/index.php\/wp-json\/wp\/v2\/types\/product"}],"wp:attachment":[{"href":"https:\/\/roveyayinevi.com.tr\/index.php\/wp-json\/wp\/v2\/media?parent=769702"}],"wp:term":[{"taxonomy":"product_brand","embeddable":true,"href":"https:\/\/roveyayinevi.com.tr\/index.php\/wp-json\/wp\/v2\/product_brand?post=769702"},{"taxonomy":"product_cat","embeddable":true,"href":"https:\/\/roveyayinevi.com.tr\/index.php\/wp-json\/wp\/v2\/product_cat?post=769702"},{"taxonomy":"product_tag","embeddable":true,"href":"https:\/\/roveyayinevi.com.tr\/index.php\/wp-json\/wp\/v2\/product_tag?post=769702"}],"curies":[{"name":"wp","href":"https:\/\/api.w.org\/{rel}","templated":true}]}}