{"id":769701,"date":"2025-08-28T14:03:53","date_gmt":"2025-08-28T11:03:53","guid":{"rendered":"https:\/\/roveyayinevi.com.tr\/index.php\/urun\/olum-dansi-yeni-kapak\/"},"modified":"2026-04-15T03:35:49","modified_gmt":"2026-04-15T00:35:49","slug":"olum-dansi-yeni-kapak","status":"publish","type":"product","link":"https:\/\/roveyayinevi.com.tr\/index.php\/urun\/olum-dansi-yeni-kapak\/","title":{"rendered":"\u00d6l\u00fcm Dans\u0131 (Yeni Kapak)"},"content":{"rendered":"<p>T\u00fcm zamanlar\u0131n en \u00e7ok satan yazarlar\u0131ndan Stephen King, sizi neyin korkutaca\u011f\u0131n\u0131 herkesten daha iyi biliyor. \u00d6l\u00fcm Dans\u0131\u2019nda kendisi d\u0131\u015f\u0131nda hangi yazar ve y\u00f6netmenlerin bu konuda iyi oldu\u011funu \u00f6rnekleriyle a\u00e7\u0131kl\u0131yor. Edebiyat ve sinemada korkuyu inceledi\u011fi bu farkl\u0131 kitab\u0131nda King, korkunun balo salonundaki gezisine sizi de davet ediyor. Elini tutun ve dans ba\u015flas\u0131n!.. * \u201cDeh\u015feti en g\u00fc\u00e7l\u00fc duygu olarak g\u00f6r\u00fcyorum ve okuyucuyu deh\u015fete d\u00fc\u015f\u00fcrmeyi hedefliyorum. Deh\u015fete d\u00fc\u015f\u00fcremeyece\u011fimi fark etti\u011fim zaman korkutmaya \u00e7al\u0131\u015f\u0131yor, korkutamayaca\u011f\u0131m\u0131 anlad\u0131\u011f\u0131mda i\u011frendirmeye bak\u0131yorum.\u201d STEPHEN KING   \u201cBu kitab\u0131n verdi\u011fi hisse dair bir fikir edinmek istiyorsan\u0131z, kendinizi gece yar\u0131s\u0131 bir kamp ate\u015fi etraf\u0131nda toplanm\u0131\u015f ve birbirinize sokulmu\u015f hayal edin\u2026 King inan\u0131lmaz yarat\u0131c\u0131 bir sanat\u00e7\u0131!\u201d HOUSTON CHRONICLE   \u201cKing\u2019den korkunun anatomisi\u2026  Hayaletler, vampirler, canavarlar ve perili evler dahil!\u201d LOS ANGELES TIMES <\/p>\n","protected":false},"excerpt":{"rendered":"<p>T\u00fcm zamanlar\u0131n en \u00e7ok satan yazarlar\u0131ndan Stephen King, sizi neyin korkutaca\u011f\u0131n\u0131 herkesten daha iyi biliyor. \u00d6l\u00fcm Dans\u0131\u2019nda kendisi d\u0131\u015f\u0131nda hangi yazar ve y\u00f6netmenlerin bu konuda iyi<span class=\"excerpt-hellip\"> [\u2026]<\/span><\/p>\n","protected":false},"featured_media":0,"template":"","meta":{"_monsterinsights_skip_tracking":false,"_monsterinsights_sitenote_active":false,"_monsterinsights_sitenote_note":"","_monsterinsights_sitenote_category":0},"product_brand":[],"product_cat":[12291,17033],"product_tag":[],"class_list":{"0":"post-769701","1":"product","2":"type-product","3":"status-publish","5":"product_cat-edebiyat","6":"product_cat-korku-gerilim","7":"pa_cilt-ciltsiz","8":"pa_tur-kitap","9":"pa_yayinevi-inkilap-kitabevi","10":"pa_yazar-stephen-king","12":"first","13":"instock","14":"sale","15":"shipping-taxable","16":"purchasable","17":"product-type-simple"},"_links":{"self":[{"href":"https:\/\/roveyayinevi.com.tr\/index.php\/wp-json\/wp\/v2\/product\/769701","targetHints":{"allow":["GET"]}}],"collection":[{"href":"https:\/\/roveyayinevi.com.tr\/index.php\/wp-json\/wp\/v2\/product"}],"about":[{"href":"https:\/\/roveyayinevi.com.tr\/index.php\/wp-json\/wp\/v2\/types\/product"}],"wp:attachment":[{"href":"https:\/\/roveyayinevi.com.tr\/index.php\/wp-json\/wp\/v2\/media?parent=769701"}],"wp:term":[{"taxonomy":"product_brand","embeddable":true,"href":"https:\/\/roveyayinevi.com.tr\/index.php\/wp-json\/wp\/v2\/product_brand?post=769701"},{"taxonomy":"product_cat","embeddable":true,"href":"https:\/\/roveyayinevi.com.tr\/index.php\/wp-json\/wp\/v2\/product_cat?post=769701"},{"taxonomy":"product_tag","embeddable":true,"href":"https:\/\/roveyayinevi.com.tr\/index.php\/wp-json\/wp\/v2\/product_tag?post=769701"}],"curies":[{"name":"wp","href":"https:\/\/api.w.org\/{rel}","templated":true}]}}