{"id":769700,"date":"2025-08-28T14:03:51","date_gmt":"2025-08-28T11:03:51","guid":{"rendered":"https:\/\/roveyayinevi.com.tr\/index.php\/urun\/gecmis\/"},"modified":"2026-04-15T03:35:49","modified_gmt":"2026-04-15T00:35:49","slug":"gecmis","status":"publish","type":"product","link":"https:\/\/roveyayinevi.com.tr\/index.php\/urun\/gecmis\/","title":{"rendered":"Ge\u00e7mi\u015f"},"content":{"rendered":"<p>Bir baban\u0131n hayat\u0131 boyunca unutamad\u0131\u011f\u0131 ac\u0131lar\u0131n\u0131n sonunda yapt\u0131\u011f\u0131 se\u00e7imler, k\u0131z\u0131n\u0131 kurtarmas\u0131 i\u00e7in yeterli olabilir mi?   \u0130ki se\u00e7enek, bir do\u011fru ve bir \u00e7ocuk. Her \u015fey bittikten sonra verilen kay\u0131plar yeni mucizelerin kap\u0131s\u0131n\u0131 aralayabilir mi? Peki, Mason bu \u015fans\u0131n\u0131 kimin i\u00e7in kullanacak? Ge\u00e7mi\u015fi i\u00e7in mi? \u00d6zg\u00fcrl\u00fc\u011f\u00fc i\u00e7in mi?   Hangisi i\u00e7in kahraman olacak? Kendisi i\u00e7in mi k\u0131z\u0131 i\u00e7in mi?<\/p>\n","protected":false},"excerpt":{"rendered":"<p>Bir baban\u0131n hayat\u0131 boyunca unutamad\u0131\u011f\u0131 ac\u0131lar\u0131n\u0131n sonunda yapt\u0131\u011f\u0131 se\u00e7imler, k\u0131z\u0131n\u0131 kurtarmas\u0131 i\u00e7in yeterli olabilir mi? \u0130ki se\u00e7enek, bir do\u011fru ve bir \u00e7ocuk. Her \u015fey bittikten sonra<span class=\"excerpt-hellip\"> [\u2026]<\/span><\/p>\n","protected":false},"featured_media":0,"template":"","meta":{"_monsterinsights_skip_tracking":false,"_monsterinsights_sitenote_active":false,"_monsterinsights_sitenote_note":"","_monsterinsights_sitenote_category":0},"product_brand":[],"product_cat":[12291,12711],"product_tag":[],"class_list":{"0":"post-769700","1":"product","2":"type-product","3":"status-publish","5":"product_cat-edebiyat","6":"product_cat-roman-oyku","7":"pa_cilt-ciltsiz","8":"pa_tur-kitap","9":"pa_yayinevi-elpis-yayinlari","10":"pa_yazar-aleyna-yildirim","12":"first","13":"instock","14":"sale","15":"shipping-taxable","16":"purchasable","17":"product-type-simple"},"_links":{"self":[{"href":"https:\/\/roveyayinevi.com.tr\/index.php\/wp-json\/wp\/v2\/product\/769700","targetHints":{"allow":["GET"]}}],"collection":[{"href":"https:\/\/roveyayinevi.com.tr\/index.php\/wp-json\/wp\/v2\/product"}],"about":[{"href":"https:\/\/roveyayinevi.com.tr\/index.php\/wp-json\/wp\/v2\/types\/product"}],"wp:attachment":[{"href":"https:\/\/roveyayinevi.com.tr\/index.php\/wp-json\/wp\/v2\/media?parent=769700"}],"wp:term":[{"taxonomy":"product_brand","embeddable":true,"href":"https:\/\/roveyayinevi.com.tr\/index.php\/wp-json\/wp\/v2\/product_brand?post=769700"},{"taxonomy":"product_cat","embeddable":true,"href":"https:\/\/roveyayinevi.com.tr\/index.php\/wp-json\/wp\/v2\/product_cat?post=769700"},{"taxonomy":"product_tag","embeddable":true,"href":"https:\/\/roveyayinevi.com.tr\/index.php\/wp-json\/wp\/v2\/product_tag?post=769700"}],"curies":[{"name":"wp","href":"https:\/\/api.w.org\/{rel}","templated":true}]}}