{"id":769698,"date":"2025-08-28T14:03:47","date_gmt":"2025-08-28T11:03:47","guid":{"rendered":"https:\/\/roveyayinevi.com.tr\/index.php\/urun\/kanca\/"},"modified":"2026-04-15T03:35:48","modified_gmt":"2026-04-15T00:35:48","slug":"kanca","status":"publish","type":"product","link":"https:\/\/roveyayinevi.com.tr\/index.php\/urun\/kanca\/","title":{"rendered":"Kanca"},"content":{"rendered":"<p>\u00d6zel hayat\u0131mdaki ini\u015f \u00e7\u0131k\u0131\u015flar, ailemdeki kay\u0131plar, mali sorunlar\u0131m, doktora \u00e7al\u0131\u015fmam, \u00fclkenin ya\u015fad\u0131\u011f\u0131 \u00e7alkant\u0131lar, yazd\u0131klar\u0131m, konu\u015fmalar\u0131m&#8230; Y\u0131llard\u0131r hi\u00e7biri hayat\u0131m\u0131 kesintiye u\u011fratmam\u0131\u015ft\u0131. \u0130lk kez \u00f6l\u00fcm\u00fc, belirsiz bir gelecekteki kendi \u00f6l\u00fcm\u00fcm\u00fc, bir \u00f6l\u00fcml\u00fc oldu\u011fumu da fark etmi\u015ftim. Eylemlerimizle oldu\u011fu kadar, bildiklerimizle de d\u00fcnya \u00fczerindeki yerimiz geni\u015fler. Ben \u015fu anda hislerimle ya\u015f\u0131yor, bildiklerim aras\u0131nda ba\u011flant\u0131 kurup tutarl\u0131 bir b\u00fct\u00fcn elde edemiyor, ba\u015fkalar\u0131n\u0131n, en temelde de bir \u00f6l\u00fcn\u00fcn y\u00f6nlendirmeleriyle hareket ediyor, d\u00fcnyada kaplad\u0131\u011f\u0131m yerin k\u00fc\u00e7\u00fcld\u00fc\u011f\u00fcn\u00fc hayal ediyordum.   Siyasi istikrars\u0131zl\u0131klar ve ekonomik krizlerin toplumun zeminini sarst\u0131\u011f\u0131, yeni bir medya ve magazin \u00e7a\u011f\u0131n\u0131n filizlendi\u011fi \u00e7alkant\u0131l\u0131 1990\u2019lar T\u00fcrkiye\u2019sinde, yank\u0131lar\u0131n\u0131 \u0130stanbul\u2019da, Kad\u0131k\u00f6y- Be\u015fikta\u015f-Beyo\u011flu ekseninde bulan bir garip intihar vakas\u0131\u2026   Mehmet\u2019in hayat\u0131, pek iyi tan\u0131masa da evini a\u00e7maktan \u00e7ekinmedi\u011fi Hasan\u2019\u0131n kendini \u00f6ld\u00fcrmesiyle ray\u0131ndan \u00e7\u0131kar. Mehmet evinde s\u0131radan bir sabaha uyand\u0131\u011f\u0131n\u0131 zannederken Hasan\u2019\u0131n cans\u0131z bedeniyle burun buruna geldikten sonra, sanki i\u00e7g\u00fcd\u00fcsel bir merakla t\u00fcm enerjisini ve vaktini hem bu intihar\u0131n nedenlerini hem de kendisiyle nas\u0131l bir ilgisi oldu\u011funu anlamaya vakfeder. Hasan\u2019\u0131n ni\u00e7in kendini onun evinde \u00f6ld\u00fcrmeyi se\u00e7ti\u011fine anlam veremeyen Mehmet, ortak gen\u00e7lik arkada\u015flar\u0131n\u0131n yard\u0131m\u0131yla, kafas\u0131n\u0131 kurcalayan ve hayat\u0131n\u0131 \u00e7\u0131kmaza sokan sorular\u0131n yan\u0131tlar\u0131n\u0131n pe\u015fine d\u00fc\u015fer.   T\u00fcrker Armaner\u2019in yapmac\u0131kl\u0131ktan uzak, samimi dili ve yal\u0131n \u00fcslubuyla Kanca, okurunu s\u0131rlar ve ku\u015fkularla dolu bir hik\u00e2yeye s\u00fcr\u00fckl\u00fcyor. <\/p>\n","protected":false},"excerpt":{"rendered":"<p>\u00d6zel hayat\u0131mdaki ini\u015f \u00e7\u0131k\u0131\u015flar, ailemdeki kay\u0131plar, mali sorunlar\u0131m, doktora \u00e7al\u0131\u015fmam, \u00fclkenin ya\u015fad\u0131\u011f\u0131 \u00e7alkant\u0131lar, yazd\u0131klar\u0131m, konu\u015fmalar\u0131m&#8230; Y\u0131llard\u0131r hi\u00e7biri hayat\u0131m\u0131 kesintiye u\u011fratmam\u0131\u015ft\u0131. \u0130lk kez \u00f6l\u00fcm\u00fc, belirsiz bir gelecekteki<span class=\"excerpt-hellip\"> [\u2026]<\/span><\/p>\n","protected":false},"featured_media":0,"template":"","meta":{"_monsterinsights_skip_tracking":false,"_monsterinsights_sitenote_active":false,"_monsterinsights_sitenote_note":"","_monsterinsights_sitenote_category":0},"product_brand":[],"product_cat":[12291,12711],"product_tag":[],"class_list":{"0":"post-769698","1":"product","2":"type-product","3":"status-publish","5":"product_cat-edebiyat","6":"product_cat-roman-oyku","7":"pa_cilt-ciltsiz","8":"pa_tur-kitap","9":"pa_yayinevi-kolektif-kitap","10":"pa_yazar-turker-armaner","12":"first","13":"instock","14":"sale","15":"shipping-taxable","16":"purchasable","17":"product-type-simple"},"_links":{"self":[{"href":"https:\/\/roveyayinevi.com.tr\/index.php\/wp-json\/wp\/v2\/product\/769698","targetHints":{"allow":["GET"]}}],"collection":[{"href":"https:\/\/roveyayinevi.com.tr\/index.php\/wp-json\/wp\/v2\/product"}],"about":[{"href":"https:\/\/roveyayinevi.com.tr\/index.php\/wp-json\/wp\/v2\/types\/product"}],"wp:attachment":[{"href":"https:\/\/roveyayinevi.com.tr\/index.php\/wp-json\/wp\/v2\/media?parent=769698"}],"wp:term":[{"taxonomy":"product_brand","embeddable":true,"href":"https:\/\/roveyayinevi.com.tr\/index.php\/wp-json\/wp\/v2\/product_brand?post=769698"},{"taxonomy":"product_cat","embeddable":true,"href":"https:\/\/roveyayinevi.com.tr\/index.php\/wp-json\/wp\/v2\/product_cat?post=769698"},{"taxonomy":"product_tag","embeddable":true,"href":"https:\/\/roveyayinevi.com.tr\/index.php\/wp-json\/wp\/v2\/product_tag?post=769698"}],"curies":[{"name":"wp","href":"https:\/\/api.w.org\/{rel}","templated":true}]}}