{"id":769695,"date":"2025-08-28T14:03:43","date_gmt":"2025-08-28T11:03:43","guid":{"rendered":"https:\/\/roveyayinevi.com.tr\/index.php\/urun\/kerem-akturkoglu\/"},"modified":"2026-04-15T03:35:48","modified_gmt":"2026-04-15T00:35:48","slug":"kerem-akturkoglu","status":"publish","type":"product","link":"https:\/\/roveyayinevi.com.tr\/index.php\/urun\/kerem-akturkoglu\/","title":{"rendered":"Kerem Akt\u00fcrko\u011flu"},"content":{"rendered":"<p>Kerem Akt\u00fcrko\u011flu, T\u00fcrk futbolunun en heyecan verici gen\u00e7 yeteneklerinden biri olarak h\u0131zla y\u00fckseliyor. Bu kitap, Kerem\u2019in futbolculuk kariyerinin ba\u015flang\u0131c\u0131ndan, S\u00fcper Lig\u2019in y\u0131ld\u0131zlar\u0131ndan biri h\u00e2line gelene kadar ge\u00e7en s\u00fcredeki \u00e7abalar\u0131n\u0131, azmini ve ba\u015far\u0131lar\u0131n\u0131 derinlemesine ke\u015ffediyor. Gen\u00e7 ya\u015f\u0131na ra\u011fmen, h\u0131z\u0131, teknik yetenekleri ve saha i\u00e7indeki kararl\u0131l\u0131\u011f\u0131yla b\u00fcy\u00fck bir potansiyele sahip olan Kerem, karakteriyle de \u00f6rnek bir sporcu olarak dikkat \u00e7ekiyor. Kerem Akt\u00fcrko\u011flu\u2019nun futbolculuk yolculu\u011funda kar\u015f\u0131la\u015ft\u0131\u011f\u0131 zorluklar, kariyerindeki d\u00f6n\u00fcm noktalar\u0131 ve i\u00e7sel m\u00fccadelesi bu biyografide samimi bir \u015fekilde anlat\u0131l\u0131yor. T\u00fcrk futbolunun gelece\u011fi i\u00e7in b\u00fcy\u00fck bir umut olan Kerem\u2019in, ba\u015far\u0131ya giden yolculu\u011fundaki her ad\u0131m\u0131 takip ederken, sporun sadece bir oyun olmad\u0131\u011f\u0131n\u0131, hayat\u0131n her alan\u0131nda nas\u0131l bir azim ve kararl\u0131l\u0131kla ilerlemenin \u00f6nemini ke\u015ffedeceksiniz.<\/p>\n","protected":false},"excerpt":{"rendered":"<p>Kerem Akt\u00fcrko\u011flu, T\u00fcrk futbolunun en heyecan verici gen\u00e7 yeteneklerinden biri olarak h\u0131zla y\u00fckseliyor. Bu kitap, Kerem\u2019in futbolculuk kariyerinin ba\u015flang\u0131c\u0131ndan, S\u00fcper Lig\u2019in y\u0131ld\u0131zlar\u0131ndan biri h\u00e2line gelene kadar<span class=\"excerpt-hellip\"> [\u2026]<\/span><\/p>\n","protected":false},"featured_media":0,"template":"","meta":{"_monsterinsights_skip_tracking":false,"_monsterinsights_sitenote_active":false,"_monsterinsights_sitenote_note":"","_monsterinsights_sitenote_category":0},"product_brand":[],"product_cat":[15563,15564],"product_tag":[],"class_list":{"0":"post-769695","1":"product","2":"type-product","3":"status-publish","5":"product_cat-hobi","6":"product_cat-spor","7":"pa_cilt-ciltsiz","8":"pa_tur-kitap","9":"pa_yayinevi-peta-kitap","10":"pa_yazar-can-eren","12":"first","13":"instock","14":"sale","15":"shipping-taxable","16":"purchasable","17":"product-type-simple"},"_links":{"self":[{"href":"https:\/\/roveyayinevi.com.tr\/index.php\/wp-json\/wp\/v2\/product\/769695","targetHints":{"allow":["GET"]}}],"collection":[{"href":"https:\/\/roveyayinevi.com.tr\/index.php\/wp-json\/wp\/v2\/product"}],"about":[{"href":"https:\/\/roveyayinevi.com.tr\/index.php\/wp-json\/wp\/v2\/types\/product"}],"wp:attachment":[{"href":"https:\/\/roveyayinevi.com.tr\/index.php\/wp-json\/wp\/v2\/media?parent=769695"}],"wp:term":[{"taxonomy":"product_brand","embeddable":true,"href":"https:\/\/roveyayinevi.com.tr\/index.php\/wp-json\/wp\/v2\/product_brand?post=769695"},{"taxonomy":"product_cat","embeddable":true,"href":"https:\/\/roveyayinevi.com.tr\/index.php\/wp-json\/wp\/v2\/product_cat?post=769695"},{"taxonomy":"product_tag","embeddable":true,"href":"https:\/\/roveyayinevi.com.tr\/index.php\/wp-json\/wp\/v2\/product_tag?post=769695"}],"curies":[{"name":"wp","href":"https:\/\/api.w.org\/{rel}","templated":true}]}}