{"id":769693,"date":"2025-08-28T14:03:40","date_gmt":"2025-08-28T11:03:40","guid":{"rendered":"https:\/\/roveyayinevi.com.tr\/index.php\/urun\/kevin-de-bruyne\/"},"modified":"2026-04-15T03:35:48","modified_gmt":"2026-04-15T00:35:48","slug":"kevin-de-bruyne","status":"publish","type":"product","link":"https:\/\/roveyayinevi.com.tr\/index.php\/urun\/kevin-de-bruyne\/","title":{"rendered":"Kevin de Bruyne"},"content":{"rendered":"<p>Bu kitap, Kevin De Bruyne\u2019in \u00e7ocuklu\u011fundan profesyonel kariyerine, sahada liderlik etti\u011fi zaferlerden kar\u015f\u0131la\u015ft\u0131\u011f\u0131 zorluklara kadar hayat\u0131n\u0131n t\u00fcm d\u00f6n\u00fcm noktalar\u0131n\u0131 g\u00f6zler \u00f6n\u00fcne seriyor. Chelsea\u2019de ya\u015fad\u0131\u011f\u0131 hayal k\u0131r\u0131kl\u0131klar\u0131ndan Wolfsburg\u2019da kendini yeniden kan\u0131tlay\u0131\u015f\u0131na, Manchester City\u2019deki unutulmaz ba\u015far\u0131lar\u0131ndan Bel\u00e7ika Mill\u00ee Tak\u0131m\u0131\u2019yla yazd\u0131\u011f\u0131 tarih\u00ee anlara kadar her detay, futbol tutkunlar\u0131na ilham verecek. Kevin De Bruyne, yaln\u0131zca bir futbolcu de\u011fil, ayn\u0131 zamanda azmin ve kararl\u0131l\u0131\u011f\u0131n sembol\u00fc. Bu kitap, onun ye\u015fil sahalarda yazd\u0131\u011f\u0131 ba\u015far\u0131 destan\u0131n\u0131 ve hayallerini ger\u00e7ekle\u015ftirmek isteyen herkes i\u00e7in bir yol haritas\u0131 sunuyor. Kevin\u2019in hik\u00e2yesi, futbolun g\u00fczelli\u011fini ve bir insan\u0131n neler ba\u015farabilece\u011fini g\u00f6steren ger\u00e7ek bir ya\u015fam \u00f6yk\u00fcs\u00fc.<\/p>\n","protected":false},"excerpt":{"rendered":"<p>Bu kitap, Kevin De Bruyne\u2019in \u00e7ocuklu\u011fundan profesyonel kariyerine, sahada liderlik etti\u011fi zaferlerden kar\u015f\u0131la\u015ft\u0131\u011f\u0131 zorluklara kadar hayat\u0131n\u0131n t\u00fcm d\u00f6n\u00fcm noktalar\u0131n\u0131 g\u00f6zler \u00f6n\u00fcne seriyor. Chelsea\u2019de ya\u015fad\u0131\u011f\u0131 hayal k\u0131r\u0131kl\u0131klar\u0131ndan<span class=\"excerpt-hellip\"> [\u2026]<\/span><\/p>\n","protected":false},"featured_media":0,"template":"","meta":{"_monsterinsights_skip_tracking":false,"_monsterinsights_sitenote_active":false,"_monsterinsights_sitenote_note":"","_monsterinsights_sitenote_category":0},"product_brand":[],"product_cat":[15563,15564],"product_tag":[],"class_list":{"0":"post-769693","1":"product","2":"type-product","3":"status-publish","5":"product_cat-hobi","6":"product_cat-spor","7":"pa_cilt-ciltsiz","8":"pa_tur-kitap","9":"pa_yayinevi-peta-kitap","10":"pa_yazar-can-eren","12":"first","13":"instock","14":"sale","15":"shipping-taxable","16":"purchasable","17":"product-type-simple"},"_links":{"self":[{"href":"https:\/\/roveyayinevi.com.tr\/index.php\/wp-json\/wp\/v2\/product\/769693","targetHints":{"allow":["GET"]}}],"collection":[{"href":"https:\/\/roveyayinevi.com.tr\/index.php\/wp-json\/wp\/v2\/product"}],"about":[{"href":"https:\/\/roveyayinevi.com.tr\/index.php\/wp-json\/wp\/v2\/types\/product"}],"wp:attachment":[{"href":"https:\/\/roveyayinevi.com.tr\/index.php\/wp-json\/wp\/v2\/media?parent=769693"}],"wp:term":[{"taxonomy":"product_brand","embeddable":true,"href":"https:\/\/roveyayinevi.com.tr\/index.php\/wp-json\/wp\/v2\/product_brand?post=769693"},{"taxonomy":"product_cat","embeddable":true,"href":"https:\/\/roveyayinevi.com.tr\/index.php\/wp-json\/wp\/v2\/product_cat?post=769693"},{"taxonomy":"product_tag","embeddable":true,"href":"https:\/\/roveyayinevi.com.tr\/index.php\/wp-json\/wp\/v2\/product_tag?post=769693"}],"curies":[{"name":"wp","href":"https:\/\/api.w.org\/{rel}","templated":true}]}}