{"id":769688,"date":"2025-08-28T14:03:33","date_gmt":"2025-08-28T11:03:33","guid":{"rendered":"https:\/\/roveyayinevi.com.tr\/index.php\/urun\/saclari-uc-numaraya-vurulmus-kiz-cocugu\/"},"modified":"2026-04-15T03:35:48","modified_gmt":"2026-04-15T00:35:48","slug":"saclari-uc-numaraya-vurulmus-kiz-cocugu","status":"publish","type":"product","link":"https:\/\/roveyayinevi.com.tr\/index.php\/urun\/saclari-uc-numaraya-vurulmus-kiz-cocugu\/","title":{"rendered":"Sa\u00e7lar\u0131 \u00dc\u00e7 Numaraya Vurulmu\u015f K\u0131z \u00c7ocu\u011fu"},"content":{"rendered":"<p>Bu kitap, \u00e7ocuklar\u0131n k\u00fc\u00e7\u00fck ya\u015fta ya\u015fad\u0131\u011f\u0131 g\u00fcnl\u00fck s\u0131k\u0131nt\u0131lar\u0131 nas\u0131l alg\u0131lad\u0131klar\u0131n\u0131 ve zamanla bu deneyimlerden nas\u0131l g\u00fc\u00e7lenerek \u00e7\u0131kt\u0131klar\u0131n\u0131 anlat\u0131yor. Empati kurmay\u0131, \u00f6zg\u00fcveni ve kendini kabul etmeyi \u00f6\u011freten s\u0131cac\u0131k bir hik\u00e2ye\u2026 Minik bir sorunun nas\u0131l b\u00fcy\u00fck bir duygusal ser\u00fcvene d\u00f6n\u00fc\u015febilece\u011fini g\u00f6rmek ve \u00e7ocuklar\u0131n i\u00e7 d\u00fcnyas\u0131na keyifli bir yolculuk yapmak i\u00e7in bu kitab\u0131 mutlaka okuyun!<\/p>\n","protected":false},"excerpt":{"rendered":"<p>Bu kitap, \u00e7ocuklar\u0131n k\u00fc\u00e7\u00fck ya\u015fta ya\u015fad\u0131\u011f\u0131 g\u00fcnl\u00fck s\u0131k\u0131nt\u0131lar\u0131 nas\u0131l alg\u0131lad\u0131klar\u0131n\u0131 ve zamanla bu deneyimlerden nas\u0131l g\u00fc\u00e7lenerek \u00e7\u0131kt\u0131klar\u0131n\u0131 anlat\u0131yor. Empati kurmay\u0131, \u00f6zg\u00fcveni ve kendini kabul etmeyi \u00f6\u011freten<span class=\"excerpt-hellip\"> [\u2026]<\/span><\/p>\n","protected":false},"featured_media":0,"template":"","meta":{"_monsterinsights_skip_tracking":false,"_monsterinsights_sitenote_active":false,"_monsterinsights_sitenote_note":"","_monsterinsights_sitenote_category":0},"product_brand":[],"product_cat":[12274,15842],"product_tag":[],"class_list":{"0":"post-769688","1":"product","2":"type-product","3":"status-publish","5":"product_cat-cocuk-ve-genclik-kitaplari","6":"product_cat-egitici-kitaplar","7":"pa_cilt-ciltsiz","8":"pa_tur-kitap","9":"pa_yayinevi-bambuk-yayinevi","10":"pa_yazar-zeynep-cuneyitoglu","12":"first","13":"instock","14":"sale","15":"shipping-taxable","16":"purchasable","17":"product-type-simple"},"_links":{"self":[{"href":"https:\/\/roveyayinevi.com.tr\/index.php\/wp-json\/wp\/v2\/product\/769688","targetHints":{"allow":["GET"]}}],"collection":[{"href":"https:\/\/roveyayinevi.com.tr\/index.php\/wp-json\/wp\/v2\/product"}],"about":[{"href":"https:\/\/roveyayinevi.com.tr\/index.php\/wp-json\/wp\/v2\/types\/product"}],"wp:attachment":[{"href":"https:\/\/roveyayinevi.com.tr\/index.php\/wp-json\/wp\/v2\/media?parent=769688"}],"wp:term":[{"taxonomy":"product_brand","embeddable":true,"href":"https:\/\/roveyayinevi.com.tr\/index.php\/wp-json\/wp\/v2\/product_brand?post=769688"},{"taxonomy":"product_cat","embeddable":true,"href":"https:\/\/roveyayinevi.com.tr\/index.php\/wp-json\/wp\/v2\/product_cat?post=769688"},{"taxonomy":"product_tag","embeddable":true,"href":"https:\/\/roveyayinevi.com.tr\/index.php\/wp-json\/wp\/v2\/product_tag?post=769688"}],"curies":[{"name":"wp","href":"https:\/\/api.w.org\/{rel}","templated":true}]}}