{"id":769687,"date":"2025-08-28T14:03:32","date_gmt":"2025-08-28T11:03:32","guid":{"rendered":"https:\/\/roveyayinevi.com.tr\/index.php\/urun\/kylian-mbappe\/"},"modified":"2026-04-15T03:35:48","modified_gmt":"2026-04-15T00:35:48","slug":"kylian-mbappe","status":"publish","type":"product","link":"https:\/\/roveyayinevi.com.tr\/index.php\/urun\/kylian-mbappe\/","title":{"rendered":"Kylian Mbappe"},"content":{"rendered":"<p>Futbolun parlayan y\u0131ld\u0131z\u0131 Kylian Mbapp\u00e9\u2019nin ilham verici hik\u00e2yesine tan\u0131kl\u0131k edin! Bondy&#8217;nin dar sokaklar\u0131ndan ba\u015flay\u0131p D\u00fcnya Kupas\u0131 zaferine uzanan bu destan, bir \u00e7ocu\u011fun hayallerinin nas\u0131l ger\u00e7e\u011fe d\u00f6n\u00fc\u015ft\u00fc\u011f\u00fcn\u00fc g\u00f6zler \u00f6n\u00fcne seriyor. Fransa Mill\u00ee Tak\u0131m\u0131 ve Paris Saint-Germain\u2019in en b\u00fcy\u00fck y\u0131ld\u0131zlar\u0131ndan biri olan Mbapp\u00e9, sahada sergiledi\u011fi h\u0131z, zek\u00e2 ve yetene\u011fiyle yaln\u0131zca rekorlar k\u0131rmakla kalmad\u0131; ayn\u0131 zamanda bir neslin ilham kayna\u011f\u0131 oldu. Gen\u00e7 ya\u015f\u0131nda kazand\u0131\u011f\u0131 say\u0131s\u0131z \u00f6d\u00fcl ve ba\u015fard\u0131\u011f\u0131 uluslararas\u0131 zaferlerle ad\u0131n\u0131 futbol tarihine alt\u0131n harflerle yazd\u0131rd\u0131. Mbapp\u00e9\u2019nin hayat\u0131, hem futbolseverlere hem de hayallerine ula\u015fmak isteyen herkese dokunacak bir ba\u015far\u0131 hikayesi olacak.<\/p>\n","protected":false},"excerpt":{"rendered":"<p>Futbolun parlayan y\u0131ld\u0131z\u0131 Kylian Mbapp\u00e9\u2019nin ilham verici hik\u00e2yesine tan\u0131kl\u0131k edin! Bondy&#8217;nin dar sokaklar\u0131ndan ba\u015flay\u0131p D\u00fcnya Kupas\u0131 zaferine uzanan bu destan, bir \u00e7ocu\u011fun hayallerinin nas\u0131l ger\u00e7e\u011fe d\u00f6n\u00fc\u015ft\u00fc\u011f\u00fcn\u00fc<span class=\"excerpt-hellip\"> [\u2026]<\/span><\/p>\n","protected":false},"featured_media":0,"template":"","meta":{"_monsterinsights_skip_tracking":false,"_monsterinsights_sitenote_active":false,"_monsterinsights_sitenote_note":"","_monsterinsights_sitenote_category":0},"product_brand":[],"product_cat":[15563,15564],"product_tag":[],"class_list":{"0":"post-769687","1":"product","2":"type-product","3":"status-publish","5":"product_cat-hobi","6":"product_cat-spor","7":"pa_cilt-ciltsiz","8":"pa_tur-kitap","9":"pa_yayinevi-peta-kitap","10":"pa_yazar-can-eren","12":"first","13":"instock","14":"sale","15":"shipping-taxable","16":"purchasable","17":"product-type-simple"},"_links":{"self":[{"href":"https:\/\/roveyayinevi.com.tr\/index.php\/wp-json\/wp\/v2\/product\/769687","targetHints":{"allow":["GET"]}}],"collection":[{"href":"https:\/\/roveyayinevi.com.tr\/index.php\/wp-json\/wp\/v2\/product"}],"about":[{"href":"https:\/\/roveyayinevi.com.tr\/index.php\/wp-json\/wp\/v2\/types\/product"}],"wp:attachment":[{"href":"https:\/\/roveyayinevi.com.tr\/index.php\/wp-json\/wp\/v2\/media?parent=769687"}],"wp:term":[{"taxonomy":"product_brand","embeddable":true,"href":"https:\/\/roveyayinevi.com.tr\/index.php\/wp-json\/wp\/v2\/product_brand?post=769687"},{"taxonomy":"product_cat","embeddable":true,"href":"https:\/\/roveyayinevi.com.tr\/index.php\/wp-json\/wp\/v2\/product_cat?post=769687"},{"taxonomy":"product_tag","embeddable":true,"href":"https:\/\/roveyayinevi.com.tr\/index.php\/wp-json\/wp\/v2\/product_tag?post=769687"}],"curies":[{"name":"wp","href":"https:\/\/api.w.org\/{rel}","templated":true}]}}