{"id":769686,"date":"2025-08-28T14:03:30","date_gmt":"2025-08-28T11:03:30","guid":{"rendered":"https:\/\/roveyayinevi.com.tr\/index.php\/urun\/mohamed-salah\/"},"modified":"2026-04-15T03:35:48","modified_gmt":"2026-04-15T00:35:48","slug":"mohamed-salah","status":"publish","type":"product","link":"https:\/\/roveyayinevi.com.tr\/index.php\/urun\/mohamed-salah\/","title":{"rendered":"Mohamed Salah"},"content":{"rendered":"<p>Mohamed Salah, M\u0131s\u0131r\u2019\u0131n k\u00fc\u00e7\u00fck bir k\u00f6y\u00fcnden \u00e7\u0131karak d\u00fcnya futbolunun zirvesine ula\u015fan bir ba\u015far\u0131 \u00f6yk\u00fcs\u00fcn\u00fcn kahraman\u0131d\u0131r. Premier Lig\u2019in y\u0131ld\u0131z oyuncular\u0131ndan biri h\u00e2line gelen Salah, \u015eampiyonlar Ligi zaferleri, k\u0131rd\u0131\u011f\u0131 rekorlar ve kazand\u0131\u011f\u0131 \u00f6d\u00fcllerle futbol tarihine ad\u0131n\u0131 yazd\u0131rd\u0131. Ancak hik\u00e2yesi sadece sahada de\u011fil, saha d\u0131\u015f\u0131nda da derin bir iz b\u0131rak\u0131yor. Bu kitap, Salah\u2019\u0131n m\u00fctevaz\u0131 ba\u015flang\u0131c\u0131ndan d\u00fcnya \u00e7ap\u0131nda bir ikon h\u00e2line geli\u015fini anlat\u0131yor. \u00dclkesine olan ba\u011fl\u0131l\u0131\u011f\u0131, hay\u0131rseverlik projeleri ve insanlara ilham veren ki\u015fili\u011fiyle futbolun \u00f6tesinde bir lider olmay\u0131 ba\u015faran Salah, k\u00fclt\u00fcrel kimli\u011fini gururla ta\u015f\u0131yarak \u00f6n yarg\u0131lar\u0131 k\u0131rd\u0131 ve farkl\u0131 k\u00fclt\u00fcrler aras\u0131nda bir k\u00f6pr\u00fc kurdu. Onun azmi, inanc\u0131 ve m\u00fctevaz\u0131l\u0131\u011f\u0131, milyonlarca insan i\u00e7in ilham kayna\u011f\u0131 olmay\u0131 s\u00fcrd\u00fcr\u00fcyor.<\/p>\n","protected":false},"excerpt":{"rendered":"<p>Mohamed Salah, M\u0131s\u0131r\u2019\u0131n k\u00fc\u00e7\u00fck bir k\u00f6y\u00fcnden \u00e7\u0131karak d\u00fcnya futbolunun zirvesine ula\u015fan bir ba\u015far\u0131 \u00f6yk\u00fcs\u00fcn\u00fcn kahraman\u0131d\u0131r. Premier Lig\u2019in y\u0131ld\u0131z oyuncular\u0131ndan biri h\u00e2line gelen Salah, \u015eampiyonlar Ligi zaferleri,<span class=\"excerpt-hellip\"> [\u2026]<\/span><\/p>\n","protected":false},"featured_media":0,"template":"","meta":{"_monsterinsights_skip_tracking":false,"_monsterinsights_sitenote_active":false,"_monsterinsights_sitenote_note":"","_monsterinsights_sitenote_category":0},"product_brand":[],"product_cat":[15563,15564],"product_tag":[],"class_list":{"0":"post-769686","1":"product","2":"type-product","3":"status-publish","5":"product_cat-hobi","6":"product_cat-spor","7":"pa_cilt-ciltsiz","8":"pa_tur-kitap","9":"pa_yayinevi-peta-kitap","10":"pa_yazar-can-eren","12":"first","13":"instock","14":"sale","15":"shipping-taxable","16":"purchasable","17":"product-type-simple"},"_links":{"self":[{"href":"https:\/\/roveyayinevi.com.tr\/index.php\/wp-json\/wp\/v2\/product\/769686","targetHints":{"allow":["GET"]}}],"collection":[{"href":"https:\/\/roveyayinevi.com.tr\/index.php\/wp-json\/wp\/v2\/product"}],"about":[{"href":"https:\/\/roveyayinevi.com.tr\/index.php\/wp-json\/wp\/v2\/types\/product"}],"wp:attachment":[{"href":"https:\/\/roveyayinevi.com.tr\/index.php\/wp-json\/wp\/v2\/media?parent=769686"}],"wp:term":[{"taxonomy":"product_brand","embeddable":true,"href":"https:\/\/roveyayinevi.com.tr\/index.php\/wp-json\/wp\/v2\/product_brand?post=769686"},{"taxonomy":"product_cat","embeddable":true,"href":"https:\/\/roveyayinevi.com.tr\/index.php\/wp-json\/wp\/v2\/product_cat?post=769686"},{"taxonomy":"product_tag","embeddable":true,"href":"https:\/\/roveyayinevi.com.tr\/index.php\/wp-json\/wp\/v2\/product_tag?post=769686"}],"curies":[{"name":"wp","href":"https:\/\/api.w.org\/{rel}","templated":true}]}}