{"id":769685,"date":"2025-08-28T14:03:29","date_gmt":"2025-08-28T11:03:29","guid":{"rendered":"https:\/\/roveyayinevi.com.tr\/index.php\/urun\/neymar\/"},"modified":"2026-04-15T03:35:48","modified_gmt":"2026-04-15T00:35:48","slug":"neymar","status":"publish","type":"product","link":"https:\/\/roveyayinevi.com.tr\/index.php\/urun\/neymar\/","title":{"rendered":"Neymar"},"content":{"rendered":"<p>Brezilya\u2019n\u0131n dar sokaklar\u0131ndan \u00e7\u0131k\u0131p futbolun zirvesine ula\u015fan e\u015fsiz bir y\u0131ld\u0131z\u2026 Neymar; Santos\u2019tan Barcelona ve PSG\u2019ye, Brezilya Mill\u00ee Tak\u0131m\u0131\u2019ndan d\u00fcnya \u00e7ap\u0131ndaki unutulmaz anlara uzanan kariyerinde, yaln\u0131zca sahadaki b\u00fcy\u00fcleyici yetene\u011fiyle de\u011fil, saha d\u0131\u015f\u0131ndaki insani y\u00f6n\u00fcyle de bir idol oldu. Bu kitap, Neymar\u2019\u0131n \u00e7ocukluk hayallerinden profesyonel futbolculu\u011fa ge\u00e7i\u015fini, kar\u015f\u0131la\u015ft\u0131\u011f\u0131 zorluklar\u0131 ve kazand\u0131\u011f\u0131 zaferleri g\u00f6zler \u00f6n\u00fcne seriyor. Futbolun bir sanat oldu\u011funu kan\u0131tlayan yetene\u011fi ve tutkusu, onu yaln\u0131zca bir sporcu de\u011fil, ayn\u0131 zamanda hayallerine ula\u015fmak i\u00e7in m\u00fccadele eden herkes i\u00e7in bir ilham kayna\u011f\u0131 h\u00e2line getiriyor.<\/p>\n","protected":false},"excerpt":{"rendered":"<p>Brezilya\u2019n\u0131n dar sokaklar\u0131ndan \u00e7\u0131k\u0131p futbolun zirvesine ula\u015fan e\u015fsiz bir y\u0131ld\u0131z\u2026 Neymar; Santos\u2019tan Barcelona ve PSG\u2019ye, Brezilya Mill\u00ee Tak\u0131m\u0131\u2019ndan d\u00fcnya \u00e7ap\u0131ndaki unutulmaz anlara uzanan kariyerinde, yaln\u0131zca sahadaki<span class=\"excerpt-hellip\"> [\u2026]<\/span><\/p>\n","protected":false},"featured_media":0,"template":"","meta":{"_monsterinsights_skip_tracking":false,"_monsterinsights_sitenote_active":false,"_monsterinsights_sitenote_note":"","_monsterinsights_sitenote_category":0},"product_brand":[],"product_cat":[15563,15564],"product_tag":[],"class_list":{"0":"post-769685","1":"product","2":"type-product","3":"status-publish","5":"product_cat-hobi","6":"product_cat-spor","7":"pa_cilt-ciltsiz","8":"pa_tur-kitap","9":"pa_yayinevi-peta-kitap","10":"pa_yazar-can-eren","12":"first","13":"instock","14":"sale","15":"shipping-taxable","16":"purchasable","17":"product-type-simple"},"_links":{"self":[{"href":"https:\/\/roveyayinevi.com.tr\/index.php\/wp-json\/wp\/v2\/product\/769685","targetHints":{"allow":["GET"]}}],"collection":[{"href":"https:\/\/roveyayinevi.com.tr\/index.php\/wp-json\/wp\/v2\/product"}],"about":[{"href":"https:\/\/roveyayinevi.com.tr\/index.php\/wp-json\/wp\/v2\/types\/product"}],"wp:attachment":[{"href":"https:\/\/roveyayinevi.com.tr\/index.php\/wp-json\/wp\/v2\/media?parent=769685"}],"wp:term":[{"taxonomy":"product_brand","embeddable":true,"href":"https:\/\/roveyayinevi.com.tr\/index.php\/wp-json\/wp\/v2\/product_brand?post=769685"},{"taxonomy":"product_cat","embeddable":true,"href":"https:\/\/roveyayinevi.com.tr\/index.php\/wp-json\/wp\/v2\/product_cat?post=769685"},{"taxonomy":"product_tag","embeddable":true,"href":"https:\/\/roveyayinevi.com.tr\/index.php\/wp-json\/wp\/v2\/product_tag?post=769685"}],"curies":[{"name":"wp","href":"https:\/\/api.w.org\/{rel}","templated":true}]}}