{"id":769681,"date":"2025-08-28T14:03:25","date_gmt":"2025-08-28T11:03:25","guid":{"rendered":"https:\/\/roveyayinevi.com.tr\/index.php\/urun\/lamine-yamal\/"},"modified":"2026-04-15T03:35:48","modified_gmt":"2026-04-15T00:35:48","slug":"lamine-yamal","status":"publish","type":"product","link":"https:\/\/roveyayinevi.com.tr\/index.php\/urun\/lamine-yamal\/","title":{"rendered":"Lamine Yamal"},"content":{"rendered":"<p>Lamine Yamal, futbol d\u00fcnyas\u0131n\u0131n en gen\u00e7 ve en parlak yeteneklerinden biri olarak h\u0131zla y\u00fckseliyor. Bu kitap, hen\u00fcz on alt\u0131 ya\u015f\u0131ndayken Barcelona\u2019n\u0131n y\u0131ld\u0131z oyuncusu olma yolunda ad\u0131m atan, Fas as\u0131ll\u0131 bir ailenin \u00e7ocu\u011fu olan Yamal\u2019\u0131n b\u00fcy\u00fck ba\u015far\u0131s\u0131n\u0131 anlat\u0131yor. Barcelona altyap\u0131s\u0131ndaki ba\u015flang\u0131c\u0131ndan, La Liga\u2019da g\u00f6sterdi\u011fi ola\u011fan\u00fcst\u00fc performansa kadar, her ad\u0131mda b\u00fcy\u00fcyen bir yetene\u011fin izini s\u00fcr\u00fcyoruz. Gen\u00e7 ya\u015fta yakalad\u0131\u011f\u0131 ba\u015far\u0131lar, onun futbol kariyerinde \u00e7ok daha fazlas\u0131n\u0131 ba\u015farabilece\u011fini g\u00f6steriyor. Lamine Yamal\u2019\u0131n hik\u00e2yesi, sadece sahadaki yetene\u011fiyle de\u011fil, azmi ve hayallerine olan ba\u011fl\u0131l\u0131\u011f\u0131yla da dikkat \u00e7ekiyor. Sahaya \u00e7\u0131kt\u0131\u011f\u0131 her an, futbolseverlere ilham veren bir azim ve kararl\u0131l\u0131k \u00f6rne\u011fi sunuyor. Bu biyografi, Yamal\u2019\u0131n y\u00fckseli\u015finin arkas\u0131ndaki s\u0131rlar\u0131, kar\u015f\u0131la\u015ft\u0131\u011f\u0131 zorluklar\u0131 ve her \u015feyden \u00f6nce futbolun ona sundu\u011fu f\u0131rsatlar\u0131 nas\u0131l de\u011ferlendirdi\u011fini ke\u015ffetmek isteyenler i\u00e7in ilham kayna\u011f\u0131 olacak.<\/p>\n","protected":false},"excerpt":{"rendered":"<p>Lamine Yamal, futbol d\u00fcnyas\u0131n\u0131n en gen\u00e7 ve en parlak yeteneklerinden biri olarak h\u0131zla y\u00fckseliyor. Bu kitap, hen\u00fcz on alt\u0131 ya\u015f\u0131ndayken Barcelona\u2019n\u0131n y\u0131ld\u0131z oyuncusu olma yolunda ad\u0131m<span class=\"excerpt-hellip\"> [\u2026]<\/span><\/p>\n","protected":false},"featured_media":0,"template":"","meta":{"_monsterinsights_skip_tracking":false,"_monsterinsights_sitenote_active":false,"_monsterinsights_sitenote_note":"","_monsterinsights_sitenote_category":0},"product_brand":[],"product_cat":[15563,15564],"product_tag":[],"class_list":{"0":"post-769681","1":"product","2":"type-product","3":"status-publish","5":"product_cat-hobi","6":"product_cat-spor","7":"pa_cilt-ciltsiz","8":"pa_tur-kitap","9":"pa_yayinevi-peta-kitap","10":"pa_yazar-can-eren","12":"first","13":"instock","14":"sale","15":"shipping-taxable","16":"purchasable","17":"product-type-simple"},"_links":{"self":[{"href":"https:\/\/roveyayinevi.com.tr\/index.php\/wp-json\/wp\/v2\/product\/769681","targetHints":{"allow":["GET"]}}],"collection":[{"href":"https:\/\/roveyayinevi.com.tr\/index.php\/wp-json\/wp\/v2\/product"}],"about":[{"href":"https:\/\/roveyayinevi.com.tr\/index.php\/wp-json\/wp\/v2\/types\/product"}],"wp:attachment":[{"href":"https:\/\/roveyayinevi.com.tr\/index.php\/wp-json\/wp\/v2\/media?parent=769681"}],"wp:term":[{"taxonomy":"product_brand","embeddable":true,"href":"https:\/\/roveyayinevi.com.tr\/index.php\/wp-json\/wp\/v2\/product_brand?post=769681"},{"taxonomy":"product_cat","embeddable":true,"href":"https:\/\/roveyayinevi.com.tr\/index.php\/wp-json\/wp\/v2\/product_cat?post=769681"},{"taxonomy":"product_tag","embeddable":true,"href":"https:\/\/roveyayinevi.com.tr\/index.php\/wp-json\/wp\/v2\/product_tag?post=769681"}],"curies":[{"name":"wp","href":"https:\/\/api.w.org\/{rel}","templated":true}]}}