{"id":769680,"date":"2025-08-28T14:03:24","date_gmt":"2025-08-28T11:03:24","guid":{"rendered":"https:\/\/roveyayinevi.com.tr\/index.php\/urun\/edin-dzeko\/"},"modified":"2026-04-15T03:35:48","modified_gmt":"2026-04-15T00:35:48","slug":"edin-dzeko","status":"publish","type":"product","link":"https:\/\/roveyayinevi.com.tr\/index.php\/urun\/edin-dzeko\/","title":{"rendered":"Edin Dzeko"},"content":{"rendered":"<p>Sava\u015f\u0131n g\u00f6lgesinde b\u00fcy\u00fcyen bir \u00e7ocu\u011fun, Avrupa futbolunun zirvesine uzanan ilham verici hik\u00e2yesi\u2026 Edin D\u017eeko\u2019nun Bosna Hersek\u2019in dar sokaklar\u0131nda ba\u015flayan bu zorlu yolculu\u011fu, Bundesliga\u2019da gol krall\u0131klar\u0131, Premier Lig\u2019de unutulmaz \u015fampiyonluklar ve Serie A\u2019da tarihe ge\u00e7en rekorlarla dolu e\u015fsiz bir ba\u015far\u0131ya d\u00f6n\u00fc\u015ft\u00fc. Bu biyografide; Wolfsburg\u2019un \u015fampiyonluk \u00f6yk\u00fcs\u00fcnden Manchester City ile kazand\u0131\u011f\u0131 zaferlere, Roma\u2019daki gol krall\u0131\u011f\u0131ndan Inter Milan\u2019la ula\u015ft\u0131\u011f\u0131 \u015eampiyonlar Ligi finaline kadar unutulmaz anlar\u0131 yeniden ya\u015fayacaks\u0131n\u0131z. Ayr\u0131ca, D\u017eeko\u2019nun Fenerbah\u00e7e\u2019deki yeni d\u00f6nemi ve Bosna Hersek Mill\u00ee Tak\u0131m\u0131\u2019ndaki efsanevi liderli\u011fini de ke\u015ffedeceksiniz. Edin D\u017eeko\u2019nun hayat\u0131, futbolun bir spordan \u00e7ok daha fazlas\u0131 oldu\u011funu kan\u0131tl\u0131yor. O, hem saha i\u00e7inde hem de saha d\u0131\u015f\u0131nda ger\u00e7ek bir kahraman. \u0130lham verici bu hik\u00e2ye, hayallerin ve azmin s\u0131n\u0131r tan\u0131mad\u0131\u011f\u0131n\u0131 bir kez daha g\u00f6steriyor.<\/p>\n","protected":false},"excerpt":{"rendered":"<p>Sava\u015f\u0131n g\u00f6lgesinde b\u00fcy\u00fcyen bir \u00e7ocu\u011fun, Avrupa futbolunun zirvesine uzanan ilham verici hik\u00e2yesi\u2026 Edin D\u017eeko\u2019nun Bosna Hersek\u2019in dar sokaklar\u0131nda ba\u015flayan bu zorlu yolculu\u011fu, Bundesliga\u2019da gol krall\u0131klar\u0131, Premier<span class=\"excerpt-hellip\"> [\u2026]<\/span><\/p>\n","protected":false},"featured_media":0,"template":"","meta":{"_monsterinsights_skip_tracking":false,"_monsterinsights_sitenote_active":false,"_monsterinsights_sitenote_note":"","_monsterinsights_sitenote_category":0},"product_brand":[],"product_cat":[15563,15564],"product_tag":[],"class_list":{"0":"post-769680","1":"product","2":"type-product","3":"status-publish","5":"product_cat-hobi","6":"product_cat-spor","7":"pa_cilt-ciltsiz","8":"pa_tur-kitap","9":"pa_yayinevi-peta-kitap","10":"pa_yazar-can-eren","12":"first","13":"instock","14":"sale","15":"shipping-taxable","16":"purchasable","17":"product-type-simple"},"_links":{"self":[{"href":"https:\/\/roveyayinevi.com.tr\/index.php\/wp-json\/wp\/v2\/product\/769680","targetHints":{"allow":["GET"]}}],"collection":[{"href":"https:\/\/roveyayinevi.com.tr\/index.php\/wp-json\/wp\/v2\/product"}],"about":[{"href":"https:\/\/roveyayinevi.com.tr\/index.php\/wp-json\/wp\/v2\/types\/product"}],"wp:attachment":[{"href":"https:\/\/roveyayinevi.com.tr\/index.php\/wp-json\/wp\/v2\/media?parent=769680"}],"wp:term":[{"taxonomy":"product_brand","embeddable":true,"href":"https:\/\/roveyayinevi.com.tr\/index.php\/wp-json\/wp\/v2\/product_brand?post=769680"},{"taxonomy":"product_cat","embeddable":true,"href":"https:\/\/roveyayinevi.com.tr\/index.php\/wp-json\/wp\/v2\/product_cat?post=769680"},{"taxonomy":"product_tag","embeddable":true,"href":"https:\/\/roveyayinevi.com.tr\/index.php\/wp-json\/wp\/v2\/product_tag?post=769680"}],"curies":[{"name":"wp","href":"https:\/\/api.w.org\/{rel}","templated":true}]}}