{"id":769679,"date":"2025-08-28T14:03:22","date_gmt":"2025-08-28T11:03:22","guid":{"rendered":"https:\/\/roveyayinevi.com.tr\/index.php\/urun\/lionel-messi\/"},"modified":"2026-04-15T03:35:48","modified_gmt":"2026-04-15T00:35:48","slug":"lionel-messi","status":"publish","type":"product","link":"https:\/\/roveyayinevi.com.tr\/index.php\/urun\/lionel-messi\/","title":{"rendered":"Lionel Messi"},"content":{"rendered":"<p>Lionel Messi, m\u00fctevaz\u0131 Rosario sokaklar\u0131ndan ba\u015flayarak d\u00fcnya sahnesine uzanan yolculu\u011funda, yaln\u0131zca bir sporcu de\u011fil, hayallerin ger\u00e7ekle\u015febilece\u011finin bir kan\u0131t\u0131 oldu. Bu kitap, Messi\u2019nin kar\u015f\u0131la\u015ft\u0131\u011f\u0131 zorluklar\u0131, kazand\u0131\u011f\u0131 zaferleri ve futbol tarihine damga vuran anlar\u0131n\u0131 g\u00f6zler \u00f6n\u00fcne seriyor. \u00c7ocukluk y\u0131llar\u0131nda b\u00fcy\u00fcme hormonu tedavisiyle m\u00fccadele eden Messi\u2019nin azim dolu hik\u00e2yesi, FC Barcelona\u2019da bir efsaneye d\u00f6n\u00fc\u015fmesiyle ivme kazand\u0131. Arjantin Mill\u00ee Tak\u0131m\u0131\u2019yla ya\u015fad\u0131\u011f\u0131 ini\u015f \u00e7\u0131k\u0131\u015flar, sonunda 2021 Copa America ve 2022 D\u00fcnya Kupas\u0131 zaferleriyle ta\u00e7land\u0131. Messi\u2019nin liderli\u011fi, yaln\u0131zca sahada de\u011fil, saha d\u0131\u015f\u0131nda da milyonlarca insana ilham verdi. Azim, tutku ve ba\u015far\u0131yla dolu bu hik\u00e2ye, futbolseverler i\u00e7in oldu\u011fu kadar hayallerinin pe\u015finden ko\u015fan herkes i\u00e7in de ilham kayna\u011f\u0131 olacak.<\/p>\n","protected":false},"excerpt":{"rendered":"<p>Lionel Messi, m\u00fctevaz\u0131 Rosario sokaklar\u0131ndan ba\u015flayarak d\u00fcnya sahnesine uzanan yolculu\u011funda, yaln\u0131zca bir sporcu de\u011fil, hayallerin ger\u00e7ekle\u015febilece\u011finin bir kan\u0131t\u0131 oldu. Bu kitap, Messi\u2019nin kar\u015f\u0131la\u015ft\u0131\u011f\u0131 zorluklar\u0131, kazand\u0131\u011f\u0131 zaferleri<span class=\"excerpt-hellip\"> [\u2026]<\/span><\/p>\n","protected":false},"featured_media":0,"template":"","meta":{"_monsterinsights_skip_tracking":false,"_monsterinsights_sitenote_active":false,"_monsterinsights_sitenote_note":"","_monsterinsights_sitenote_category":0},"product_brand":[],"product_cat":[15563,15564],"product_tag":[],"class_list":{"0":"post-769679","1":"product","2":"type-product","3":"status-publish","5":"product_cat-hobi","6":"product_cat-spor","7":"pa_cilt-ciltsiz","8":"pa_tur-kitap","9":"pa_yayinevi-peta-kitap","10":"pa_yazar-can-eren","12":"first","13":"instock","14":"sale","15":"shipping-taxable","16":"purchasable","17":"product-type-simple"},"_links":{"self":[{"href":"https:\/\/roveyayinevi.com.tr\/index.php\/wp-json\/wp\/v2\/product\/769679","targetHints":{"allow":["GET"]}}],"collection":[{"href":"https:\/\/roveyayinevi.com.tr\/index.php\/wp-json\/wp\/v2\/product"}],"about":[{"href":"https:\/\/roveyayinevi.com.tr\/index.php\/wp-json\/wp\/v2\/types\/product"}],"wp:attachment":[{"href":"https:\/\/roveyayinevi.com.tr\/index.php\/wp-json\/wp\/v2\/media?parent=769679"}],"wp:term":[{"taxonomy":"product_brand","embeddable":true,"href":"https:\/\/roveyayinevi.com.tr\/index.php\/wp-json\/wp\/v2\/product_brand?post=769679"},{"taxonomy":"product_cat","embeddable":true,"href":"https:\/\/roveyayinevi.com.tr\/index.php\/wp-json\/wp\/v2\/product_cat?post=769679"},{"taxonomy":"product_tag","embeddable":true,"href":"https:\/\/roveyayinevi.com.tr\/index.php\/wp-json\/wp\/v2\/product_tag?post=769679"}],"curies":[{"name":"wp","href":"https:\/\/api.w.org\/{rel}","templated":true}]}}