{"id":769678,"date":"2025-08-28T14:03:21","date_gmt":"2025-08-28T11:03:21","guid":{"rendered":"https:\/\/roveyayinevi.com.tr\/index.php\/urun\/mauro-icardi\/"},"modified":"2026-04-15T03:35:48","modified_gmt":"2026-04-15T00:35:48","slug":"mauro-icardi","status":"publish","type":"product","link":"https:\/\/roveyayinevi.com.tr\/index.php\/urun\/mauro-icardi\/","title":{"rendered":"Mauro Icardi"},"content":{"rendered":"<p>Mauro Icardi\u2019nin futbol tutkusu, Rosario\u2019nun dar sokaklar\u0131ndan ba\u015flay\u0131p Sampdoria, Inter, PSG ve Galatasaray gibi dev kul\u00fcplerdeki unutulmaz ba\u015far\u0131larla s\u00fcslenen bir yolculu\u011fa d\u00f6n\u00fc\u015ft\u00fc. Bu kitap, sadece bir futbolcunun kariyerini de\u011fil, hayallerin ve azmin g\u00fcc\u00fcn\u00fc simgeleyen bir ya\u015fam hik\u00e2yesini anlat\u0131yor. Icardi\u2019nin att\u0131\u011f\u0131 her gol, zorluklarla ge\u00e7en \u00e7ocuklu\u011fundan, Avrupa\u2019n\u0131n en b\u00fcy\u00fck sahalar\u0131ndaki zaferlerine kadar b\u00fcy\u00fck bir m\u00fccadelenin sonucudur. Galatasaray\u2019daki ba\u015far\u0131s\u0131yla T\u00fcrkiye\u2019de futbolseverlerin g\u00f6nl\u00fcn\u00fc kazanan Icardi, saha i\u00e7inde oldu\u011fu kadar saha d\u0131\u015f\u0131nda da bir lider ve ilham kayna\u011f\u0131 oldu. Icardi\u2019nin hayat\u0131 sadece futbolseverler i\u00e7in de\u011fil, m\u00fccadele ve ba\u015far\u0131 hik\u00e2yelerinden ilham almak isteyen herkese b\u00fcy\u00fcleyici bir yolculuk sunuyor.<\/p>\n","protected":false},"excerpt":{"rendered":"<p>Mauro Icardi\u2019nin futbol tutkusu, Rosario\u2019nun dar sokaklar\u0131ndan ba\u015flay\u0131p Sampdoria, Inter, PSG ve Galatasaray gibi dev kul\u00fcplerdeki unutulmaz ba\u015far\u0131larla s\u00fcslenen bir yolculu\u011fa d\u00f6n\u00fc\u015ft\u00fc. Bu kitap, sadece bir<span class=\"excerpt-hellip\"> [\u2026]<\/span><\/p>\n","protected":false},"featured_media":0,"template":"","meta":{"_monsterinsights_skip_tracking":false,"_monsterinsights_sitenote_active":false,"_monsterinsights_sitenote_note":"","_monsterinsights_sitenote_category":0},"product_brand":[],"product_cat":[15563,15564],"product_tag":[],"class_list":{"0":"post-769678","1":"product","2":"type-product","3":"status-publish","5":"product_cat-hobi","6":"product_cat-spor","7":"pa_cilt-ciltsiz","8":"pa_tur-kitap","9":"pa_yayinevi-peta-kitap","10":"pa_yazar-can-eren","12":"first","13":"instock","14":"sale","15":"shipping-taxable","16":"purchasable","17":"product-type-simple"},"_links":{"self":[{"href":"https:\/\/roveyayinevi.com.tr\/index.php\/wp-json\/wp\/v2\/product\/769678","targetHints":{"allow":["GET"]}}],"collection":[{"href":"https:\/\/roveyayinevi.com.tr\/index.php\/wp-json\/wp\/v2\/product"}],"about":[{"href":"https:\/\/roveyayinevi.com.tr\/index.php\/wp-json\/wp\/v2\/types\/product"}],"wp:attachment":[{"href":"https:\/\/roveyayinevi.com.tr\/index.php\/wp-json\/wp\/v2\/media?parent=769678"}],"wp:term":[{"taxonomy":"product_brand","embeddable":true,"href":"https:\/\/roveyayinevi.com.tr\/index.php\/wp-json\/wp\/v2\/product_brand?post=769678"},{"taxonomy":"product_cat","embeddable":true,"href":"https:\/\/roveyayinevi.com.tr\/index.php\/wp-json\/wp\/v2\/product_cat?post=769678"},{"taxonomy":"product_tag","embeddable":true,"href":"https:\/\/roveyayinevi.com.tr\/index.php\/wp-json\/wp\/v2\/product_tag?post=769678"}],"curies":[{"name":"wp","href":"https:\/\/api.w.org\/{rel}","templated":true}]}}