{"id":769676,"date":"2025-08-28T14:03:19","date_gmt":"2025-08-28T11:03:19","guid":{"rendered":"https:\/\/roveyayinevi.com.tr\/index.php\/urun\/fernando-muslera\/"},"modified":"2026-04-15T03:35:48","modified_gmt":"2026-04-15T00:35:48","slug":"fernando-muslera","status":"publish","type":"product","link":"https:\/\/roveyayinevi.com.tr\/index.php\/urun\/fernando-muslera\/","title":{"rendered":"Fernando Muslera"},"content":{"rendered":"<p>Fernando Muslera; ad\u0131 Galatasaray tarihine alt\u0131n harflerle kaz\u0131nm\u0131\u015f bir kaleci, bir lider, bir efsanedir. Uruguay sokaklar\u0131ndan filizlenen bir yetenek, Lazio&#8217;da ba\u015flayan Avrupa ser\u00fcvenini Galatasaray&#8217;da \u00f6l\u00fcms\u00fcz bir hik\u00e2yeye d\u00f6n\u00fc\u015ft\u00fcrd\u00fc. Copa Am\u00e9rica zaferinden Galatasaray&#8217;da kazand\u0131\u011f\u0131 say\u0131s\u0131z kupaya, sahadaki unutulmaz performanslar\u0131ndan taraftarlarla kurdu\u011fu e\u015fsiz ba\u011fa kadar her detay\u0131 bu kitapta bulacaks\u0131n\u0131z. Fernando Muslera, yaln\u0131zca futbol kariyeriyle de\u011fil, liderli\u011fi, azmi ve sadakatiyle de Galatasaray ruhunun simgesi h\u00e2line geldi. Bu efsanevi hik\u00e2yeye siz de ortak olun ve Fernando Muslera&#8217;n\u0131n unutulmaz kariyerine yak\u0131ndan tan\u0131kl\u0131k edin.<\/p>\n","protected":false},"excerpt":{"rendered":"<p>Fernando Muslera; ad\u0131 Galatasaray tarihine alt\u0131n harflerle kaz\u0131nm\u0131\u015f bir kaleci, bir lider, bir efsanedir. Uruguay sokaklar\u0131ndan filizlenen bir yetenek, Lazio&#8217;da ba\u015flayan Avrupa ser\u00fcvenini Galatasaray&#8217;da \u00f6l\u00fcms\u00fcz bir<span class=\"excerpt-hellip\"> [\u2026]<\/span><\/p>\n","protected":false},"featured_media":0,"template":"","meta":{"_monsterinsights_skip_tracking":false,"_monsterinsights_sitenote_active":false,"_monsterinsights_sitenote_note":"","_monsterinsights_sitenote_category":0},"product_brand":[],"product_cat":[15563,15564],"product_tag":[],"class_list":{"0":"post-769676","1":"product","2":"type-product","3":"status-publish","5":"product_cat-hobi","6":"product_cat-spor","7":"pa_cilt-ciltsiz","8":"pa_tur-kitap","9":"pa_yayinevi-peta-kitap","10":"pa_yazar-can-eren","12":"first","13":"instock","14":"sale","15":"shipping-taxable","16":"purchasable","17":"product-type-simple"},"_links":{"self":[{"href":"https:\/\/roveyayinevi.com.tr\/index.php\/wp-json\/wp\/v2\/product\/769676","targetHints":{"allow":["GET"]}}],"collection":[{"href":"https:\/\/roveyayinevi.com.tr\/index.php\/wp-json\/wp\/v2\/product"}],"about":[{"href":"https:\/\/roveyayinevi.com.tr\/index.php\/wp-json\/wp\/v2\/types\/product"}],"wp:attachment":[{"href":"https:\/\/roveyayinevi.com.tr\/index.php\/wp-json\/wp\/v2\/media?parent=769676"}],"wp:term":[{"taxonomy":"product_brand","embeddable":true,"href":"https:\/\/roveyayinevi.com.tr\/index.php\/wp-json\/wp\/v2\/product_brand?post=769676"},{"taxonomy":"product_cat","embeddable":true,"href":"https:\/\/roveyayinevi.com.tr\/index.php\/wp-json\/wp\/v2\/product_cat?post=769676"},{"taxonomy":"product_tag","embeddable":true,"href":"https:\/\/roveyayinevi.com.tr\/index.php\/wp-json\/wp\/v2\/product_tag?post=769676"}],"curies":[{"name":"wp","href":"https:\/\/api.w.org\/{rel}","templated":true}]}}