{"id":769675,"date":"2025-08-28T14:03:17","date_gmt":"2025-08-28T11:03:17","guid":{"rendered":"https:\/\/roveyayinevi.com.tr\/index.php\/urun\/arda-guler\/"},"modified":"2026-04-15T03:35:48","modified_gmt":"2026-04-15T00:35:48","slug":"arda-guler","status":"publish","type":"product","link":"https:\/\/roveyayinevi.com.tr\/index.php\/urun\/arda-guler\/","title":{"rendered":"Arda G\u00fcler"},"content":{"rendered":"<p>Arda G\u00fcler, T\u00fcrk futbolunun en parlak gen\u00e7lerinden biri olarak sahneye \u00e7\u0131karken, sadece yetene\u011fiyle de\u011fil, azmiyle de dikkatleri \u00fczerine \u00e7ekiyor. Bu kitap, Arda\u2019n\u0131n \u0130stanbul sokaklar\u0131ndan, d\u00fcnya futbolunun zirvelerine uzanan yolculu\u011funu detayl\u0131 bir \u015fekilde ele al\u0131yor. Gen\u00e7 ya\u015fta b\u00fcy\u00fck bir kariyere ad\u0131m atan Arda, her ge\u00e7en g\u00fcn kariyerinde daha b\u00fcy\u00fck ba\u015far\u0131lara imza atarken, ayn\u0131 zamanda karakteriyle de \u00f6rnek bir sporcu olmay\u0131 ba\u015far\u0131yor. Arda G\u00fcler\u2019in sadece saha i\u00e7indeki performans\u0131 de\u011fil, ayn\u0131 zamanda ya\u015fad\u0131\u011f\u0131 zorluklar, ya\u015fanan d\u00f6n\u00fcm noktalar\u0131 ve i\u00e7sel m\u00fccadelesi de bu biyografide derinlemesine i\u015fleniyor. Futbolseverlerin b\u00fcy\u00fck bir ilgiyle okuyaca\u011f\u0131 bu eser, Arda\u2019n\u0131n futbola ve hayata bak\u0131\u015f a\u00e7\u0131s\u0131n\u0131 anlamak isteyenler i\u00e7in bir ilham kayna\u011f\u0131 olacak.<\/p>\n","protected":false},"excerpt":{"rendered":"<p>Arda G\u00fcler, T\u00fcrk futbolunun en parlak gen\u00e7lerinden biri olarak sahneye \u00e7\u0131karken, sadece yetene\u011fiyle de\u011fil, azmiyle de dikkatleri \u00fczerine \u00e7ekiyor. Bu kitap, Arda\u2019n\u0131n \u0130stanbul sokaklar\u0131ndan, d\u00fcnya futbolunun<span class=\"excerpt-hellip\"> [\u2026]<\/span><\/p>\n","protected":false},"featured_media":0,"template":"","meta":{"_monsterinsights_skip_tracking":false,"_monsterinsights_sitenote_active":false,"_monsterinsights_sitenote_note":"","_monsterinsights_sitenote_category":0},"product_brand":[],"product_cat":[15563,15564],"product_tag":[],"class_list":{"0":"post-769675","1":"product","2":"type-product","3":"status-publish","5":"product_cat-hobi","6":"product_cat-spor","7":"pa_cilt-ciltsiz","8":"pa_tur-kitap","9":"pa_yayinevi-peta-kitap","10":"pa_yazar-can-eren","12":"first","13":"instock","14":"sale","15":"shipping-taxable","16":"purchasable","17":"product-type-simple"},"_links":{"self":[{"href":"https:\/\/roveyayinevi.com.tr\/index.php\/wp-json\/wp\/v2\/product\/769675","targetHints":{"allow":["GET"]}}],"collection":[{"href":"https:\/\/roveyayinevi.com.tr\/index.php\/wp-json\/wp\/v2\/product"}],"about":[{"href":"https:\/\/roveyayinevi.com.tr\/index.php\/wp-json\/wp\/v2\/types\/product"}],"wp:attachment":[{"href":"https:\/\/roveyayinevi.com.tr\/index.php\/wp-json\/wp\/v2\/media?parent=769675"}],"wp:term":[{"taxonomy":"product_brand","embeddable":true,"href":"https:\/\/roveyayinevi.com.tr\/index.php\/wp-json\/wp\/v2\/product_brand?post=769675"},{"taxonomy":"product_cat","embeddable":true,"href":"https:\/\/roveyayinevi.com.tr\/index.php\/wp-json\/wp\/v2\/product_cat?post=769675"},{"taxonomy":"product_tag","embeddable":true,"href":"https:\/\/roveyayinevi.com.tr\/index.php\/wp-json\/wp\/v2\/product_tag?post=769675"}],"curies":[{"name":"wp","href":"https:\/\/api.w.org\/{rel}","templated":true}]}}