{"id":769674,"date":"2025-08-28T14:03:16","date_gmt":"2025-08-28T11:03:16","guid":{"rendered":"https:\/\/roveyayinevi.com.tr\/index.php\/urun\/zlatan-ibrahimovic\/"},"modified":"2026-04-15T03:35:48","modified_gmt":"2026-04-15T00:35:48","slug":"zlatan-ibrahimovic","status":"publish","type":"product","link":"https:\/\/roveyayinevi.com.tr\/index.php\/urun\/zlatan-ibrahimovic\/","title":{"rendered":"Zlatan Ibrahimovic"},"content":{"rendered":"<p>Zlatan \u0130brahimovi\u0107\u2026 Futbol d\u00fcnyas\u0131n\u0131n en karizmatik, en cesur ve en unutulmaz isimlerinden biri. Bu kitap, Malm\u00f6\u2019n\u00fcn Roseng\u00e5rd mahallesinin dar sokaklar\u0131ndan ba\u015flay\u0131p d\u00fcnya futbolunun zirvesine \u00e7\u0131kan bir hayat hik\u00e2yesini anlat\u0131yor. \u0130brahimovi\u0107\u2019in kariyeri boyunca att\u0131\u011f\u0131 akrobatik goller, kazand\u0131\u011f\u0131 zaferler ve yapt\u0131\u011f\u0131 \u00e7arp\u0131c\u0131 a\u00e7\u0131klamalar, onu sadece bir futbolcu de\u011fil, global bir ikon h\u00e2line getirdi. Ancak bu hik\u00e2ye yaln\u0131zca sahada yaz\u0131lmad\u0131. Zorluklarla dolu bir \u00e7ocukluktan gelen \u0130brahimovi\u0107, futbolun \u00f6tesine ge\u00e7en bir azim ve kararl\u0131l\u0131kla s\u0131n\u0131rlar\u0131 a\u015ft\u0131. Bir efsane olarak nas\u0131l do\u011fdu\u011funu, unutulmaz an\u0131lar\u0131n\u0131, liderlik \u00f6zelliklerini ve kendine \u00f6zg\u00fc felsefesini ke\u015ffedece\u011finiz bu kitap, futbolseverlere ve hayatta ilham arayan herkese benzersiz bir yolculuk sunuyor.<\/p>\n","protected":false},"excerpt":{"rendered":"<p>Zlatan \u0130brahimovi\u0107\u2026 Futbol d\u00fcnyas\u0131n\u0131n en karizmatik, en cesur ve en unutulmaz isimlerinden biri. Bu kitap, Malm\u00f6\u2019n\u00fcn Roseng\u00e5rd mahallesinin dar sokaklar\u0131ndan ba\u015flay\u0131p d\u00fcnya futbolunun zirvesine \u00e7\u0131kan bir<span class=\"excerpt-hellip\"> [\u2026]<\/span><\/p>\n","protected":false},"featured_media":0,"template":"","meta":{"_monsterinsights_skip_tracking":false,"_monsterinsights_sitenote_active":false,"_monsterinsights_sitenote_note":"","_monsterinsights_sitenote_category":0},"product_brand":[],"product_cat":[15563,15564],"product_tag":[],"class_list":{"0":"post-769674","1":"product","2":"type-product","3":"status-publish","5":"product_cat-hobi","6":"product_cat-spor","7":"pa_cilt-ciltsiz","8":"pa_tur-kitap","9":"pa_yayinevi-peta-kitap","10":"pa_yazar-can-eren","12":"first","13":"instock","14":"sale","15":"shipping-taxable","16":"purchasable","17":"product-type-simple"},"_links":{"self":[{"href":"https:\/\/roveyayinevi.com.tr\/index.php\/wp-json\/wp\/v2\/product\/769674","targetHints":{"allow":["GET"]}}],"collection":[{"href":"https:\/\/roveyayinevi.com.tr\/index.php\/wp-json\/wp\/v2\/product"}],"about":[{"href":"https:\/\/roveyayinevi.com.tr\/index.php\/wp-json\/wp\/v2\/types\/product"}],"wp:attachment":[{"href":"https:\/\/roveyayinevi.com.tr\/index.php\/wp-json\/wp\/v2\/media?parent=769674"}],"wp:term":[{"taxonomy":"product_brand","embeddable":true,"href":"https:\/\/roveyayinevi.com.tr\/index.php\/wp-json\/wp\/v2\/product_brand?post=769674"},{"taxonomy":"product_cat","embeddable":true,"href":"https:\/\/roveyayinevi.com.tr\/index.php\/wp-json\/wp\/v2\/product_cat?post=769674"},{"taxonomy":"product_tag","embeddable":true,"href":"https:\/\/roveyayinevi.com.tr\/index.php\/wp-json\/wp\/v2\/product_tag?post=769674"}],"curies":[{"name":"wp","href":"https:\/\/api.w.org\/{rel}","templated":true}]}}