{"id":769673,"date":"2025-08-28T14:03:15","date_gmt":"2025-08-28T11:03:15","guid":{"rendered":"https:\/\/roveyayinevi.com.tr\/index.php\/urun\/ciro-immobile\/"},"modified":"2026-04-15T03:35:48","modified_gmt":"2026-04-15T00:35:48","slug":"ciro-immobile","status":"publish","type":"product","link":"https:\/\/roveyayinevi.com.tr\/index.php\/urun\/ciro-immobile\/","title":{"rendered":"Ciro Immobile"},"content":{"rendered":"<p>Ciro Immobile, \u0130talya&#8217;n\u0131n Torre Annunziata kasabas\u0131ndan ba\u015flay\u0131p Serie A&#8217;da gol krall\u0131klar\u0131, Avrupa Alt\u0131n Ayakkab\u0131 \u00f6d\u00fcl\u00fc ve uluslararas\u0131 zaferlerle ta\u00e7lanan bir kariyere sahip. Borussia Dortmund ve Sevilla&#8217;da ya\u015fad\u0131\u011f\u0131 zorluklar, Lazio&#8217;daki rekorlar ve \u015fimdi Be\u015fikta\u015f formas\u0131yla S\u00fcper Lig&#8217;deki yeni hik\u00e2yesiyle futbol d\u00fcnyas\u0131nda iz b\u0131rakan Immobile\u2019\u0131n hayat\u0131; azim, disiplin ve liderlik dolu bir ba\u015far\u0131 \u00f6yk\u00fcs\u00fc. Bu kitap, Immobile&#8217;in sadece sahada att\u0131\u011f\u0131 gollerle de\u011fil, Juventus altyap\u0131s\u0131ndan Avrupa sahnesine, \u0130talya Mill\u00ee Tak\u0131m\u0131\u2019ndan Be\u015fikta\u015f\u2019a uzanan yolculu\u011fuyla da gen\u00e7 futbolculara ilham veren bir hik\u00e2ye sunuyor. Immobile\u2019in hayat\u0131, yaln\u0131zca bir futbol kariyeri de\u011fil, pes etmeyenlerin ve modern futbolun golc\u00fcl\u00fc\u011fe bak\u0131\u015f a\u00e7\u0131s\u0131n\u0131 yeniden tan\u0131mlayan bir efsanenin izlerini ke\u015ffetme f\u0131rsat\u0131d\u0131r.<\/p>\n","protected":false},"excerpt":{"rendered":"<p>Ciro Immobile, \u0130talya&#8217;n\u0131n Torre Annunziata kasabas\u0131ndan ba\u015flay\u0131p Serie A&#8217;da gol krall\u0131klar\u0131, Avrupa Alt\u0131n Ayakkab\u0131 \u00f6d\u00fcl\u00fc ve uluslararas\u0131 zaferlerle ta\u00e7lanan bir kariyere sahip. Borussia Dortmund ve Sevilla&#8217;da<span class=\"excerpt-hellip\"> [\u2026]<\/span><\/p>\n","protected":false},"featured_media":0,"template":"","meta":{"_monsterinsights_skip_tracking":false,"_monsterinsights_sitenote_active":false,"_monsterinsights_sitenote_note":"","_monsterinsights_sitenote_category":0},"product_brand":[],"product_cat":[15563,15564],"product_tag":[],"class_list":{"0":"post-769673","1":"product","2":"type-product","3":"status-publish","5":"product_cat-hobi","6":"product_cat-spor","7":"pa_cilt-ciltsiz","8":"pa_tur-kitap","9":"pa_yayinevi-peta-kitap","10":"pa_yazar-can-eren","12":"first","13":"instock","14":"sale","15":"shipping-taxable","16":"purchasable","17":"product-type-simple"},"_links":{"self":[{"href":"https:\/\/roveyayinevi.com.tr\/index.php\/wp-json\/wp\/v2\/product\/769673","targetHints":{"allow":["GET"]}}],"collection":[{"href":"https:\/\/roveyayinevi.com.tr\/index.php\/wp-json\/wp\/v2\/product"}],"about":[{"href":"https:\/\/roveyayinevi.com.tr\/index.php\/wp-json\/wp\/v2\/types\/product"}],"wp:attachment":[{"href":"https:\/\/roveyayinevi.com.tr\/index.php\/wp-json\/wp\/v2\/media?parent=769673"}],"wp:term":[{"taxonomy":"product_brand","embeddable":true,"href":"https:\/\/roveyayinevi.com.tr\/index.php\/wp-json\/wp\/v2\/product_brand?post=769673"},{"taxonomy":"product_cat","embeddable":true,"href":"https:\/\/roveyayinevi.com.tr\/index.php\/wp-json\/wp\/v2\/product_cat?post=769673"},{"taxonomy":"product_tag","embeddable":true,"href":"https:\/\/roveyayinevi.com.tr\/index.php\/wp-json\/wp\/v2\/product_tag?post=769673"}],"curies":[{"name":"wp","href":"https:\/\/api.w.org\/{rel}","templated":true}]}}