{"id":769672,"date":"2025-08-28T14:03:13","date_gmt":"2025-08-28T11:03:13","guid":{"rendered":"https:\/\/roveyayinevi.com.tr\/index.php\/urun\/rodri\/"},"modified":"2026-04-15T03:35:48","modified_gmt":"2026-04-15T00:35:48","slug":"rodri","status":"publish","type":"product","link":"https:\/\/roveyayinevi.com.tr\/index.php\/urun\/rodri\/","title":{"rendered":"Rodri"},"content":{"rendered":"<p>Madrid\u2019in sakin sokaklar\u0131ndan d\u00fcnyan\u0131n en g\u00f6rkemli stadyumlar\u0131na uzanan bir ba\u015far\u0131 hik\u00e2yesi&#8230; Rodri, modern futbolun kurallar\u0131n\u0131 yeniden yazan bir lider, m\u00fckemmel bir profesyonel ve ilham veren bir fig\u00fcr. \u015eampiyonlar Ligi zaferleri, Premier League \u015fampiyonluklar\u0131 ve \u0130spanya Mill\u00ee Tak\u0131m\u0131\u2019ndaki liderli\u011fi, onun yaln\u0131zca saha i\u00e7indeki de\u011fil, hayat\u0131ndaki azim dolu m\u00fccadelesinin de birer yans\u0131mas\u0131. Rodri\u2019nin m\u00fctevaz\u0131l\u0131\u011f\u0131, liderlik vas\u0131flar\u0131 ve futbolun \u00f6tesine ta\u015fan etkileyici hik\u00e2yesi, okuyucular\u0131 hem d\u00fc\u015f\u00fcnd\u00fcrecek hem de ilham verecek. Hayallerinin pe\u015finden ko\u015fmak isteyenlere, Rodri\u2019nin ya\u015fam\u0131 bir rehber ve cesaret kayna\u011f\u0131 olacak.<\/p>\n","protected":false},"excerpt":{"rendered":"<p>Madrid\u2019in sakin sokaklar\u0131ndan d\u00fcnyan\u0131n en g\u00f6rkemli stadyumlar\u0131na uzanan bir ba\u015far\u0131 hik\u00e2yesi&#8230; Rodri, modern futbolun kurallar\u0131n\u0131 yeniden yazan bir lider, m\u00fckemmel bir profesyonel ve ilham veren bir<span class=\"excerpt-hellip\"> [\u2026]<\/span><\/p>\n","protected":false},"featured_media":0,"template":"","meta":{"_monsterinsights_skip_tracking":false,"_monsterinsights_sitenote_active":false,"_monsterinsights_sitenote_note":"","_monsterinsights_sitenote_category":0},"product_brand":[],"product_cat":[15563,15564],"product_tag":[],"class_list":{"0":"post-769672","1":"product","2":"type-product","3":"status-publish","5":"product_cat-hobi","6":"product_cat-spor","7":"pa_cilt-ciltsiz","8":"pa_tur-kitap","9":"pa_yayinevi-peta-kitap","10":"pa_yazar-can-eren","12":"first","13":"instock","14":"sale","15":"shipping-taxable","16":"purchasable","17":"product-type-simple"},"_links":{"self":[{"href":"https:\/\/roveyayinevi.com.tr\/index.php\/wp-json\/wp\/v2\/product\/769672","targetHints":{"allow":["GET"]}}],"collection":[{"href":"https:\/\/roveyayinevi.com.tr\/index.php\/wp-json\/wp\/v2\/product"}],"about":[{"href":"https:\/\/roveyayinevi.com.tr\/index.php\/wp-json\/wp\/v2\/types\/product"}],"wp:attachment":[{"href":"https:\/\/roveyayinevi.com.tr\/index.php\/wp-json\/wp\/v2\/media?parent=769672"}],"wp:term":[{"taxonomy":"product_brand","embeddable":true,"href":"https:\/\/roveyayinevi.com.tr\/index.php\/wp-json\/wp\/v2\/product_brand?post=769672"},{"taxonomy":"product_cat","embeddable":true,"href":"https:\/\/roveyayinevi.com.tr\/index.php\/wp-json\/wp\/v2\/product_cat?post=769672"},{"taxonomy":"product_tag","embeddable":true,"href":"https:\/\/roveyayinevi.com.tr\/index.php\/wp-json\/wp\/v2\/product_tag?post=769672"}],"curies":[{"name":"wp","href":"https:\/\/api.w.org\/{rel}","templated":true}]}}