{"id":769668,"date":"2025-08-28T14:03:06","date_gmt":"2025-08-28T11:03:06","guid":{"rendered":"https:\/\/roveyayinevi.com.tr\/index.php\/urun\/istanbul-pirleri\/"},"modified":"2026-04-15T03:35:48","modified_gmt":"2026-04-15T00:35:48","slug":"istanbul-pirleri","status":"publish","type":"product","link":"https:\/\/roveyayinevi.com.tr\/index.php\/urun\/istanbul-pirleri\/","title":{"rendered":"\u0130stanbul Pirleri"},"content":{"rendered":"<p>\u0130stanbul\u2019un manevi zenginliklerini ve Allah dostlar\u0131n\u0131n insanl\u0131\u011fa sundu\u011fu ilim, hikmet ve \u015fifay\u0131 ke\u015ffetmeye haz\u0131r m\u0131s\u0131n\u0131z? \u201c\u0130stanbul Pirleri\u201d adl\u0131 bu eser, kaos ve bunal\u0131m i\u00e7indeki insanl\u0131\u011fa kurtulu\u015fun yollar\u0131n\u0131 g\u00f6steren bir rehber niteli\u011findedir. Kitab\u0131 okuduk\u00e7a, \u0130stanbul erenlerinin hayat hik\u00e2yelerini, kerametlerini ve insanl\u0131\u011f\u0131n sorunlar\u0131na sunduklar\u0131 \u00e7\u00f6z\u00fcmleri \u00f6\u011frenecek; onlar\u0131n ilim ve hikmetleriyle maddi ve manevi kurtulu\u015fa ereceksiniz. Bu eser, Allah dostlar\u0131n\u0131n izinden giderek huzur ve mutlulu\u011fu arayan herkes i\u00e7in vazge\u00e7ilmez bir kaynak olacakt\u0131r. Elinizdeki eser, sadece ge\u00e7mi\u015fin derinliklerine \u0131\u015f\u0131k tutmakla kalm\u0131yor, ayn\u0131 zamanda g\u00fcn\u00fcm\u00fcz insan\u0131n\u0131n manevi aray\u0131\u015flar\u0131na da rehberlik ediyor. \u0130stanbul\u2019un manevi mimarlar\u0131n\u0131n \u00f6\u011fretileriyle, modern d\u00fcnyan\u0131n karma\u015fas\u0131nda kaybolmu\u015f ruhlara huzur ve s\u00fck\u00fbnetin kap\u0131lar\u0131n\u0131 aral\u0131yor. Onlar\u0131n ya\u015famlar\u0131ndan alaca\u011f\u0131n\u0131z ilhamla, kendi i\u00e7sel yolculu\u011funuzda yeni ufuklara yelken a\u00e7acaks\u0131n\u0131z.<\/p>\n","protected":false},"excerpt":{"rendered":"<p>\u0130stanbul\u2019un manevi zenginliklerini ve Allah dostlar\u0131n\u0131n insanl\u0131\u011fa sundu\u011fu ilim, hikmet ve \u015fifay\u0131 ke\u015ffetmeye haz\u0131r m\u0131s\u0131n\u0131z? \u201c\u0130stanbul Pirleri\u201d adl\u0131 bu eser, kaos ve bunal\u0131m i\u00e7indeki insanl\u0131\u011fa kurtulu\u015fun<span class=\"excerpt-hellip\"> [\u2026]<\/span><\/p>\n","protected":false},"featured_media":0,"template":"","meta":{"_monsterinsights_skip_tracking":false,"_monsterinsights_sitenote_active":false,"_monsterinsights_sitenote_note":"","_monsterinsights_sitenote_category":0},"product_brand":[],"product_cat":[20039,13488],"product_tag":[],"class_list":{"0":"post-769668","1":"product","2":"type-product","3":"status-publish","5":"product_cat-kultur-tarihi","6":"product_cat-toplum-ve-insan","7":"pa_cilt-ciltsiz","8":"pa_tur-kitap","9":"pa_yayinevi-bilgen-yayinevi","10":"pa_yazar-omer-faruk-ispir","12":"first","13":"instock","14":"sale","15":"shipping-taxable","16":"purchasable","17":"product-type-simple"},"_links":{"self":[{"href":"https:\/\/roveyayinevi.com.tr\/index.php\/wp-json\/wp\/v2\/product\/769668","targetHints":{"allow":["GET"]}}],"collection":[{"href":"https:\/\/roveyayinevi.com.tr\/index.php\/wp-json\/wp\/v2\/product"}],"about":[{"href":"https:\/\/roveyayinevi.com.tr\/index.php\/wp-json\/wp\/v2\/types\/product"}],"wp:attachment":[{"href":"https:\/\/roveyayinevi.com.tr\/index.php\/wp-json\/wp\/v2\/media?parent=769668"}],"wp:term":[{"taxonomy":"product_brand","embeddable":true,"href":"https:\/\/roveyayinevi.com.tr\/index.php\/wp-json\/wp\/v2\/product_brand?post=769668"},{"taxonomy":"product_cat","embeddable":true,"href":"https:\/\/roveyayinevi.com.tr\/index.php\/wp-json\/wp\/v2\/product_cat?post=769668"},{"taxonomy":"product_tag","embeddable":true,"href":"https:\/\/roveyayinevi.com.tr\/index.php\/wp-json\/wp\/v2\/product_tag?post=769668"}],"curies":[{"name":"wp","href":"https:\/\/api.w.org\/{rel}","templated":true}]}}