{"id":769666,"date":"2025-08-28T14:03:03","date_gmt":"2025-08-28T11:03:03","guid":{"rendered":"https:\/\/roveyayinevi.com.tr\/index.php\/urun\/turkiye-cografyasi-ve-jeopolitigi-fiziki\/"},"modified":"2025-10-29T11:13:39","modified_gmt":"2025-10-29T08:13:39","slug":"turkiye-cografyasi-ve-jeopolitigi-fiziki","status":"publish","type":"product","link":"https:\/\/roveyayinevi.com.tr\/index.php\/urun\/turkiye-cografyasi-ve-jeopolitigi-fiziki\/","title":{"rendered":"T\u00fcrkiye Co\u011frafyas\u0131 ve Jeopoliti\u011fi (Fiziki)"},"content":{"rendered":"<p>T\u00fcrkiye Co\u011frafyas\u0131 ve Jeopoliti\u011fi Fizik<\/p>\n","protected":false},"excerpt":{"rendered":"<p>T\u00fcrkiye Co\u011frafyas\u0131 ve Jeopoliti\u011fi Fizik<\/p>\n","protected":false},"featured_media":0,"template":"","meta":{"_monsterinsights_skip_tracking":false,"_monsterinsights_sitenote_active":false,"_monsterinsights_sitenote_note":"","_monsterinsights_sitenote_category":0},"product_brand":[],"product_cat":[12566],"product_tag":[],"class_list":{"0":"post-769666","1":"product","2":"type-product","3":"status-publish","5":"product_cat-egitim","6":"pa_cilt-ciltsiz","7":"pa_tur-kitap","8":"pa_yayinevi-kalem-lugat-yayincilik","9":"pa_yazar-enver-a-kolukisa","11":"first","12":"instock","13":"sale","14":"shipping-taxable","15":"purchasable","16":"product-type-simple"},"_links":{"self":[{"href":"https:\/\/roveyayinevi.com.tr\/index.php\/wp-json\/wp\/v2\/product\/769666","targetHints":{"allow":["GET"]}}],"collection":[{"href":"https:\/\/roveyayinevi.com.tr\/index.php\/wp-json\/wp\/v2\/product"}],"about":[{"href":"https:\/\/roveyayinevi.com.tr\/index.php\/wp-json\/wp\/v2\/types\/product"}],"wp:attachment":[{"href":"https:\/\/roveyayinevi.com.tr\/index.php\/wp-json\/wp\/v2\/media?parent=769666"}],"wp:term":[{"taxonomy":"product_brand","embeddable":true,"href":"https:\/\/roveyayinevi.com.tr\/index.php\/wp-json\/wp\/v2\/product_brand?post=769666"},{"taxonomy":"product_cat","embeddable":true,"href":"https:\/\/roveyayinevi.com.tr\/index.php\/wp-json\/wp\/v2\/product_cat?post=769666"},{"taxonomy":"product_tag","embeddable":true,"href":"https:\/\/roveyayinevi.com.tr\/index.php\/wp-json\/wp\/v2\/product_tag?post=769666"}],"curies":[{"name":"wp","href":"https:\/\/api.w.org\/{rel}","templated":true}]}}