{"id":769662,"date":"2025-08-28T14:02:56","date_gmt":"2025-08-28T11:02:56","guid":{"rendered":"https:\/\/roveyayinevi.com.tr\/index.php\/urun\/vinicius-junior\/"},"modified":"2026-04-15T03:35:48","modified_gmt":"2026-04-15T00:35:48","slug":"vinicius-junior","status":"publish","type":"product","link":"https:\/\/roveyayinevi.com.tr\/index.php\/urun\/vinicius-junior\/","title":{"rendered":"Vinicius Junior"},"content":{"rendered":"<p>Vinicius J\u00fanior\u2019\u0131n hik\u00e2yesi, Brezilya\u2019n\u0131n dar sokaklar\u0131ndan Real Madrid\u2019in y\u0131ld\u0131z oyuncusuna d\u00f6n\u00fc\u015fen bir azim ve inan\u00e7 \u00f6yk\u00fcs\u00fcd\u00fcr. Flamengo altyap\u0131s\u0131nda ba\u015flayan futbol yolculu\u011fu, ailesinden ald\u0131\u011f\u0131 ilham ve futbol a\u015fk\u0131yla Santiago Bernab\u00e9u\u2019nun ihti\u015faml\u0131 \u00e7imlerine kadar uzand\u0131. Bu kitap, Vinicius J\u00fanior\u2019\u0131n sahadaki zaferlerini de\u011fil, ayn\u0131 zamanda saha d\u0131\u015f\u0131ndaki m\u00fccadelelerini ve futbol efsanesi h\u00e2line geli\u015fini anlat\u0131yor. Her sayfada, futbolun \u00f6tesinde bir azim ve kararl\u0131l\u0131k \u00f6rne\u011fi bulacaks\u0131n\u0131z. Vinicius J\u00fanior, golleriyle oldu\u011fu kadar her zorlu\u011fu a\u015fma kararl\u0131l\u0131\u011f\u0131yla da ilham kayna\u011f\u0131 oldu. Real Madrid\u2019deki ba\u015far\u0131lar\u0131 ve Brezilya Mill\u00ee Tak\u0131m\u0131\u2019na olan katk\u0131lar\u0131, futbolseverlerin yan\u0131 s\u0131ra hayallerini ger\u00e7ekle\u015ftirmek isteyen herkese ilham verecek bir yolculu\u011fun kap\u0131lar\u0131n\u0131 aral\u0131yor.<\/p>\n","protected":false},"excerpt":{"rendered":"<p>Vinicius J\u00fanior\u2019\u0131n hik\u00e2yesi, Brezilya\u2019n\u0131n dar sokaklar\u0131ndan Real Madrid\u2019in y\u0131ld\u0131z oyuncusuna d\u00f6n\u00fc\u015fen bir azim ve inan\u00e7 \u00f6yk\u00fcs\u00fcd\u00fcr. Flamengo altyap\u0131s\u0131nda ba\u015flayan futbol yolculu\u011fu, ailesinden ald\u0131\u011f\u0131 ilham ve futbol<span class=\"excerpt-hellip\"> [\u2026]<\/span><\/p>\n","protected":false},"featured_media":0,"template":"","meta":{"_monsterinsights_skip_tracking":false,"_monsterinsights_sitenote_active":false,"_monsterinsights_sitenote_note":"","_monsterinsights_sitenote_category":0},"product_brand":[],"product_cat":[15563,15564],"product_tag":[],"class_list":{"0":"post-769662","1":"product","2":"type-product","3":"status-publish","5":"product_cat-hobi","6":"product_cat-spor","7":"pa_cilt-ciltsiz","8":"pa_tur-kitap","9":"pa_yayinevi-peta-kitap","10":"pa_yazar-can-eren","12":"first","13":"instock","14":"sale","15":"shipping-taxable","16":"purchasable","17":"product-type-simple"},"_links":{"self":[{"href":"https:\/\/roveyayinevi.com.tr\/index.php\/wp-json\/wp\/v2\/product\/769662","targetHints":{"allow":["GET"]}}],"collection":[{"href":"https:\/\/roveyayinevi.com.tr\/index.php\/wp-json\/wp\/v2\/product"}],"about":[{"href":"https:\/\/roveyayinevi.com.tr\/index.php\/wp-json\/wp\/v2\/types\/product"}],"wp:attachment":[{"href":"https:\/\/roveyayinevi.com.tr\/index.php\/wp-json\/wp\/v2\/media?parent=769662"}],"wp:term":[{"taxonomy":"product_brand","embeddable":true,"href":"https:\/\/roveyayinevi.com.tr\/index.php\/wp-json\/wp\/v2\/product_brand?post=769662"},{"taxonomy":"product_cat","embeddable":true,"href":"https:\/\/roveyayinevi.com.tr\/index.php\/wp-json\/wp\/v2\/product_cat?post=769662"},{"taxonomy":"product_tag","embeddable":true,"href":"https:\/\/roveyayinevi.com.tr\/index.php\/wp-json\/wp\/v2\/product_tag?post=769662"}],"curies":[{"name":"wp","href":"https:\/\/api.w.org\/{rel}","templated":true}]}}