{"id":769661,"date":"2025-08-28T14:02:55","date_gmt":"2025-08-28T11:02:55","guid":{"rendered":"https:\/\/roveyayinevi.com.tr\/index.php\/urun\/yunus-akgun\/"},"modified":"2026-04-15T03:35:48","modified_gmt":"2026-04-15T00:35:48","slug":"yunus-akgun","status":"publish","type":"product","link":"https:\/\/roveyayinevi.com.tr\/index.php\/urun\/yunus-akgun\/","title":{"rendered":"Yunus Akg\u00fcn"},"content":{"rendered":"<p>Yunus Akg\u00fcn, T\u00fcrk futbolunun gen\u00e7 yeteneklerinden biri olarak, h\u0131zla y\u00fckselen bir kariyere imza at\u0131yor. Bu kitap, Adana&#8217;n\u0131n sokaklar\u0131nda ba\u015flayan futbol tutkusunun, Galatasaray&#8217;\u0131n altyap\u0131s\u0131nda \u015fekillenip, S\u00fcper Lig&#8217;deki parlak ba\u015far\u0131lar\u0131na kadar uzanan yolculu\u011funu anlat\u0131yor. H\u0131z\u0131, tekni\u011fi ve oyun zek\u00e2s\u0131yla dikkat \u00e7eken Yunus, sadece T\u00fcrk futbolunun de\u011fil, Avrupa&#8217;da da ad\u0131n\u0131 duyurmay\u0131 ba\u015faran bir y\u0131ld\u0131z olma yolunda ilerliyor. Yunus Akg\u00fcn\u2019\u00fcn hik\u00e2yesi, futbolun sadece bir oyun olmad\u0131\u011f\u0131n\u0131, ayn\u0131 zamanda hayallerin pe\u015finden gitmenin ve zorluklarla m\u00fccadele etmenin de bir yolu oldu\u011funu g\u00f6steriyor. Sahada g\u00f6sterdi\u011fi performans ve gen\u00e7 ya\u015fta elde etti\u011fi ba\u015far\u0131larla b\u00fcy\u00fck bir potansiyel vadeden Yunus, ayn\u0131 zamanda gelece\u011fin lider futbolcular\u0131ndan biri olarak ilham kayna\u011f\u0131 oluyor. Bu biyografi, futbolseverler i\u00e7in bir gen\u00e7 yetene\u011fin nas\u0131l \u015fekillendi\u011fini ve b\u00fcy\u00fck bir oyuncu olma yolunda neler ba\u015fard\u0131\u011f\u0131n\u0131 ke\u015ffetmek i\u00e7in e\u015fsiz bir f\u0131rsat sunuyor.<\/p>\n","protected":false},"excerpt":{"rendered":"<p>Yunus Akg\u00fcn, T\u00fcrk futbolunun gen\u00e7 yeteneklerinden biri olarak, h\u0131zla y\u00fckselen bir kariyere imza at\u0131yor. Bu kitap, Adana&#8217;n\u0131n sokaklar\u0131nda ba\u015flayan futbol tutkusunun, Galatasaray&#8217;\u0131n altyap\u0131s\u0131nda \u015fekillenip, S\u00fcper Lig&#8217;deki<span class=\"excerpt-hellip\"> [\u2026]<\/span><\/p>\n","protected":false},"featured_media":0,"template":"","meta":{"_monsterinsights_skip_tracking":false,"_monsterinsights_sitenote_active":false,"_monsterinsights_sitenote_note":"","_monsterinsights_sitenote_category":0},"product_brand":[],"product_cat":[15563,15564],"product_tag":[],"class_list":{"0":"post-769661","1":"product","2":"type-product","3":"status-publish","5":"product_cat-hobi","6":"product_cat-spor","7":"pa_cilt-ciltsiz","8":"pa_tur-kitap","9":"pa_yayinevi-peta-kitap","10":"pa_yazar-can-eren","12":"first","13":"instock","14":"sale","15":"shipping-taxable","16":"purchasable","17":"product-type-simple"},"_links":{"self":[{"href":"https:\/\/roveyayinevi.com.tr\/index.php\/wp-json\/wp\/v2\/product\/769661","targetHints":{"allow":["GET"]}}],"collection":[{"href":"https:\/\/roveyayinevi.com.tr\/index.php\/wp-json\/wp\/v2\/product"}],"about":[{"href":"https:\/\/roveyayinevi.com.tr\/index.php\/wp-json\/wp\/v2\/types\/product"}],"wp:attachment":[{"href":"https:\/\/roveyayinevi.com.tr\/index.php\/wp-json\/wp\/v2\/media?parent=769661"}],"wp:term":[{"taxonomy":"product_brand","embeddable":true,"href":"https:\/\/roveyayinevi.com.tr\/index.php\/wp-json\/wp\/v2\/product_brand?post=769661"},{"taxonomy":"product_cat","embeddable":true,"href":"https:\/\/roveyayinevi.com.tr\/index.php\/wp-json\/wp\/v2\/product_cat?post=769661"},{"taxonomy":"product_tag","embeddable":true,"href":"https:\/\/roveyayinevi.com.tr\/index.php\/wp-json\/wp\/v2\/product_tag?post=769661"}],"curies":[{"name":"wp","href":"https:\/\/api.w.org\/{rel}","templated":true}]}}