{"id":769658,"date":"2025-08-28T14:02:47","date_gmt":"2025-08-28T11:02:47","guid":{"rendered":"https:\/\/roveyayinevi.com.tr\/index.php\/urun\/dunyayi-degistiren-kitap-ciltli\/"},"modified":"2026-04-13T03:31:41","modified_gmt":"2026-04-13T00:31:41","slug":"dunyayi-degistiren-kitap-ciltli","status":"publish","type":"product","link":"https:\/\/roveyayinevi.com.tr\/index.php\/urun\/dunyayi-degistiren-kitap-ciltli\/","title":{"rendered":"D\u00fcnyay\u0131 De\u011fi\u015ftiren Kitap (Ciltli)"},"content":{"rendered":"<p>\u00c7\u0131\u011f\u0131r a\u00e7an K\u00fct\u00fcphane \u00dc\u00e7lemesi\u2019nin YANMAYAN K\u0130TAP\u2019tan sonraki ikinci cildi.  Sevdi\u011fimiz insanlar i\u00e7in sava\u015f\u0131r\u0131z. Ger\u00e7ek olmas\u0131n\u0131 istedi\u011fimiz fikirler i\u00e7in sava\u015f\u0131r\u0131z. Evar ve Livira yan yana ama birbirlerine ula\u015famayacak kadar uzaktad\u0131r. Evar, amans\u0131z bir d\u00fc\u015fman\u0131n \u00f6n\u00fcnde s\u00fcr\u00fcklenerek k\u00fct\u00fcphaneden ka\u00e7mak zorunda kal\u0131r. Hayalet bir d\u00fcnyada kapana k\u0131s\u0131lan Livira, hayat\u0131na geri d\u00f6nebilmek i\u00e7in kitab\u0131n\u0131 kurtarmak zorundad\u0131r. Evar\u2019\u0131n yolculu\u011fu onu hi\u00e7 g\u00f6rmedi\u011fi bir d\u00fcnyan\u0131n u\u00e7suz bucaks\u0131zl\u0131\u011f\u0131na g\u00f6t\u00fcr\u00fcrken Livira\u2019n\u0131n var\u0131\u015f noktas\u0131, yaz\u0131ld\u0131\u011f\u0131 cildi geri almak i\u00e7in hik\u00e2yeleriyle bo\u011fu\u015fmak zorunda oldu\u011fu kendi yaz\u0131s\u0131n\u0131n derinliklerinde sakl\u0131d\u0131r. Bu s\u0131rada k\u00fct\u00fcphane, Livira\u2019n\u0131n eski hayat\u0131n\u0131n da\u011f\u0131n\u0131k par\u00e7alar\u0131n\u0131 -hem dostlar\u0131n\u0131 hem de d\u00fc\u015fmanlar\u0131n\u0131- yeni ufuklar alt\u0131nda sessizce bir araya getirerek ilmek ilmek \u00f6rer. Uzun zaman \u00f6nce bir yalan s\u00f6ylendi ve ge\u00e7en y\u0131llarla birlikte bu yalan b\u00fcy\u00fcy\u00fcp yay\u0131ld\u0131, ufak bir hareketle umutsuz sonu\u00e7lar zincirine yol a\u00e7t\u0131. \u015eimdi bir yap\u0131, giderek artan bir \u015fiddetle di\u011ferinin \u00fczerine devrilirken d\u00fcnyay\u0131 y\u0131kmakla tehdit ediyor. K\u00fct\u00fcphaneyi tan\u0131mlayan gizli sava\u015f, \u015fampiyonlar\u0131n\u0131 se\u00e7ti ve onlar\u0131 tahtaya yerle\u015ftirdi. \u0130nand\u0131klar\u0131 \u015fey i\u00e7in sava\u015fmalar\u0131 ya da her \u015feyi kaybetmeleri gereken zaman geldi.<\/p>\n","protected":false},"excerpt":{"rendered":"<p>\u00c7\u0131\u011f\u0131r a\u00e7an K\u00fct\u00fcphane \u00dc\u00e7lemesi\u2019nin YANMAYAN K\u0130TAP\u2019tan sonraki ikinci cildi. Sevdi\u011fimiz insanlar i\u00e7in sava\u015f\u0131r\u0131z. Ger\u00e7ek olmas\u0131n\u0131 istedi\u011fimiz fikirler i\u00e7in sava\u015f\u0131r\u0131z. Evar ve Livira yan yana ama birbirlerine<span class=\"excerpt-hellip\"> [\u2026]<\/span><\/p>\n","protected":false},"featured_media":0,"template":"","meta":{"_monsterinsights_skip_tracking":false,"_monsterinsights_sitenote_active":false,"_monsterinsights_sitenote_note":"","_monsterinsights_sitenote_category":0},"product_brand":[],"product_cat":[12291,12711],"product_tag":[],"class_list":{"0":"post-769658","1":"product","2":"type-product","3":"status-publish","5":"product_cat-edebiyat","6":"product_cat-roman-oyku","7":"pa_cilt-ciltli","8":"pa_tur-kitap","9":"pa_yayinevi-lapis-kitap","10":"pa_yazar-mark-lawrence","12":"first","13":"instock","14":"sale","15":"shipping-taxable","16":"purchasable","17":"product-type-simple"},"_links":{"self":[{"href":"https:\/\/roveyayinevi.com.tr\/index.php\/wp-json\/wp\/v2\/product\/769658","targetHints":{"allow":["GET"]}}],"collection":[{"href":"https:\/\/roveyayinevi.com.tr\/index.php\/wp-json\/wp\/v2\/product"}],"about":[{"href":"https:\/\/roveyayinevi.com.tr\/index.php\/wp-json\/wp\/v2\/types\/product"}],"wp:attachment":[{"href":"https:\/\/roveyayinevi.com.tr\/index.php\/wp-json\/wp\/v2\/media?parent=769658"}],"wp:term":[{"taxonomy":"product_brand","embeddable":true,"href":"https:\/\/roveyayinevi.com.tr\/index.php\/wp-json\/wp\/v2\/product_brand?post=769658"},{"taxonomy":"product_cat","embeddable":true,"href":"https:\/\/roveyayinevi.com.tr\/index.php\/wp-json\/wp\/v2\/product_cat?post=769658"},{"taxonomy":"product_tag","embeddable":true,"href":"https:\/\/roveyayinevi.com.tr\/index.php\/wp-json\/wp\/v2\/product_tag?post=769658"}],"curies":[{"name":"wp","href":"https:\/\/api.w.org\/{rel}","templated":true}]}}